{"id":860,"date":"2023-06-24T15:05:30","date_gmt":"2023-06-24T15:05:30","guid":{"rendered":"https:\/\/www.client.mydigitalcrew.com\/globalmedi\/?page_id=860"},"modified":"2023-10-04T11:04:35","modified_gmt":"2023-10-04T11:04:35","slug":"craniofacial-and-cleft-lip-and-palate","status":"publish","type":"page","link":"https:\/\/globalmedi.co.uk\/pl\/craniofacial-and-cleft-lip-and-palate\/","title":{"rendered":"ROZSZCZEP WARGI I PODNIEBIENIA"},"content":{"rendered":"\t\t<div data-elementor-type=\"wp-page\" data-elementor-id=\"860\" class=\"elementor elementor-860\">\n\t\t\t\t\t\t<section class=\"elementor-section elementor-top-section elementor-element elementor-element-db3df2c elementor-section-full_width elementor-section-stretched elementor-section-height-default elementor-section-height-default\" data-id=\"db3df2c\" data-element_type=\"section\" data-settings=\"{&quot;stretch_section&quot;:&quot;section-stretched&quot;}\">\n\t\t\t\t\t\t<div class=\"elementor-container elementor-column-gap-default\">\n\t\t\t\t\t<div class=\"elementor-column elementor-col-50 elementor-top-column elementor-element elementor-element-9273891\" data-id=\"9273891\" data-element_type=\"column\" data-settings=\"{&quot;background_background&quot;:&quot;classic&quot;}\">\n\t\t\t<div class=\"elementor-widget-wrap elementor-element-populated\">\n\t\t\t\t\t\t<div class=\"elementor-element elementor-element-34666cf elementor-widget elementor-widget-text-editor\" data-id=\"34666cf\" data-element_type=\"widget\" data-widget_type=\"text-editor.default\">\n\t\t\t\t<div class=\"elementor-widget-container\">\n\t\t\t<style>\/*! elementor - v3.20.0 - 26-03-2024 *\/\n.elementor-widget-text-editor.elementor-drop-cap-view-stacked .elementor-drop-cap{background-color:#69727d;color:#fff}.elementor-widget-text-editor.elementor-drop-cap-view-framed .elementor-drop-cap{color:#69727d;border:3px solid;background-color:transparent}.elementor-widget-text-editor:not(.elementor-drop-cap-view-default) .elementor-drop-cap{margin-top:8px}.elementor-widget-text-editor:not(.elementor-drop-cap-view-default) .elementor-drop-cap-letter{width:1em;height:1em}.elementor-widget-text-editor .elementor-drop-cap{float:left;text-align:center;line-height:1;font-size:50px}.elementor-widget-text-editor .elementor-drop-cap-letter{display:inline-block}<\/style>\t\t\t\tChirurgia twarzoczaszki jest podspecjalizacj\u0105 chirurgii twarzowo-szcz\u0119kowej, kt\u00f3ra zajmuje \nsi\u0119 wrodzonymi i nabytymi deformacjami czaszki, twarzy i ko\u015bci szcz\u0119ki. Szacuje si\u0119, \u017ce \nistnieje ponad 500 zespo\u0142\u00f3w anomalii twarzoczaszki. Wi\u0119kszo\u015b\u0107 z nich wp\u0142ywa na kszta\u0142t i \nfunkcj\u0119 czaszki oraz twarzy. Wady te obejmuj\u0105 rzadkie rozszczepy twarzoczaszki, rozszczep \nwargi i podniebienia, zesp\u00f3\u0142 Treachera Collinsa, zesp\u00f3\u0142 Aperta, zesp\u00f3\u0142 Crouzona i wiele \ninnych. \t\t\t\t\t\t<\/div>\n\t\t\t\t<\/div>\n\t\t\t\t<div class=\"elementor-element elementor-element-6469355 elementor-widget elementor-widget-text-editor\" data-id=\"6469355\" data-element_type=\"widget\" data-widget_type=\"text-editor.default\">\n\t\t\t\t<div class=\"elementor-widget-container\">\n\t\t\t\t\t\t\tKratiosynostoza to wada wrodzona charakteryzuj\u0105ca si\u0119 przedwczesnym zro\u015bni\u0119ciem \njednego lub wielu szw\u00f3w czaszki dziecka, co uniemo\u017cliwia jej prawid\u0142owy wzrost. Szwy \nczaszkowe to specyficzne twory obecne pomi\u0119dzy poszczeg\u00f3lnymi ko\u015b\u0107mi czaszki u ludzi, \nkt\u00f3re pozwalaj\u0105 na powi\u0119kszanie si\u0119 struktur czaszki wraz z post\u0119puj\u0105cym z wiekiem \nrozwojem m\u00f3zgu. Zro\u015bni\u0119cie przynajmniej jednego ze szw\u00f3w czaszkowych sprawia, \u017ce \nm\u00f3zg ro\u015bnie w kierunku wolnym od ucisku, nast\u0119pstwem nieprawid\u0142owo\u015bci jest zwykle \ndeformacja czaszki. Czasami dochodzi do zaro\u015bni\u0119cia jednocze\u015bnie kilku szw\u00f3w \nczaszkowych, co prowadzi do znacznego stopnia deformacj\u0119 czaszki. \t\t\t\t\t\t<\/div>\n\t\t\t\t<\/div>\n\t\t\t\t<div class=\"elementor-element elementor-element-26f2d28 elementor-widget elementor-widget-text-editor\" data-id=\"26f2d28\" data-element_type=\"widget\" data-widget_type=\"text-editor.default\">\n\t\t\t\t<div class=\"elementor-widget-container\">\n\t\t\t\t\t\t\t<span class=\"highlighted-text\">Nasi specjali\u015bci<\/span> stosuj\u0105 najnowocze\u015bniejsz\u0105 technik\u0119, Osteogenic Distraction, kt\u00f3ra\nzapewnia bardziej, ni\u017c tradycja technika, stabiln\u0105 korekcj\u0119. Kratiosynostoza to z\u0142o\u017cony stan,\nkt\u00f3ry mo\u017ce powa\u017cnie wp\u0142yn\u0105\u0107 na wzrost dziecka. Dzi\u0119ki zaawansowanym technikom\nchirurgicznym leczenie tak z\u0142o\u017conych schorze\u0144 sta\u0142o si\u0119 mo\u017cliwe i dost\u0119pne.\t\t\t\t\t\t<\/div>\n\t\t\t\t<\/div>\n\t\t\t\t\t<\/div>\n\t\t<\/div>\n\t\t\t\t<div class=\"elementor-column elementor-col-50 elementor-top-column elementor-element elementor-element-036c714\" data-id=\"036c714\" data-element_type=\"column\">\n\t\t\t<div class=\"elementor-widget-wrap elementor-element-populated\">\n\t\t\t\t\t\t<div class=\"elementor-element elementor-element-91e1b14 elementor-widget elementor-widget-image\" data-id=\"91e1b14\" data-element_type=\"widget\" data-widget_type=\"image.default\">\n\t\t\t\t<div class=\"elementor-widget-container\">\n\t\t\t<style>\/*! elementor - v3.20.0 - 26-03-2024 *\/\n.elementor-widget-image{text-align:center}.elementor-widget-image a{display:inline-block}.elementor-widget-image a img[src$=\".svg\"]{width:48px}.elementor-widget-image img{vertical-align:middle;display:inline-block}<\/style>\t\t\t\t\t\t\t\t\t\t<img fetchpriority=\"high\" decoding=\"async\" width=\"1024\" height=\"682\" src=\"https:\/\/globalmedi.co.uk\/pl\/wp-content\/uploads\/2023\/07\/Craniofacial-and-Cleft-Lip-and-Palate-1024x682.jpg\" class=\"attachment-large size-large wp-image-1177\" alt=\"\" srcset=\"https:\/\/globalmedi.co.uk\/pl\/wp-content\/uploads\/2023\/07\/Craniofacial-and-Cleft-Lip-and-Palate-1024x682.jpg 1024w, https:\/\/globalmedi.co.uk\/pl\/wp-content\/uploads\/2023\/07\/Craniofacial-and-Cleft-Lip-and-Palate-300x200.jpg 300w, https:\/\/globalmedi.co.uk\/pl\/wp-content\/uploads\/2023\/07\/Craniofacial-and-Cleft-Lip-and-Palate-768x512.jpg 768w, https:\/\/globalmedi.co.uk\/pl\/wp-content\/uploads\/2023\/07\/Craniofacial-and-Cleft-Lip-and-Palate-1536x1023.jpg 1536w, https:\/\/globalmedi.co.uk\/pl\/wp-content\/uploads\/2023\/07\/Craniofacial-and-Cleft-Lip-and-Palate.jpg 1966w\" sizes=\"(max-width: 1024px) 100vw, 1024px\" \/>\t\t\t\t\t\t\t\t\t\t\t\t\t<\/div>\n\t\t\t\t<\/div>\n\t\t\t\t\t<\/div>\n\t\t<\/div>\n\t\t\t\t\t<\/div>\n\t\t<\/section>\n\t\t\t\t<section class=\"elementor-section elementor-top-section elementor-element elementor-element-4a2d8e5 elementor-section-full_width elementor-section-stretched elementor-hidden-desktop elementor-hidden-tablet elementor-hidden-mobile elementor-section-height-default elementor-section-height-default\" data-id=\"4a2d8e5\" data-element_type=\"section\" data-settings=\"{&quot;stretch_section&quot;:&quot;section-stretched&quot;}\">\n\t\t\t\t\t\t<div class=\"elementor-container elementor-column-gap-default\">\n\t\t\t\t\t<div class=\"elementor-column elementor-col-50 elementor-top-column elementor-element elementor-element-ca20558\" data-id=\"ca20558\" data-element_type=\"column\" data-settings=\"{&quot;background_background&quot;:&quot;classic&quot;}\">\n\t\t\t<div class=\"elementor-widget-wrap elementor-element-populated\">\n\t\t\t\t\t\t<div class=\"elementor-element elementor-element-c6d6688 elementor-widget elementor-widget-text-editor\" data-id=\"c6d6688\" data-element_type=\"widget\" data-widget_type=\"text-editor.default\">\n\t\t\t\t<div class=\"elementor-widget-container\">\n\t\t\t\t\t\t\tCraniofacial surgery is a subspecialty of maxillofacial surgery that deals with congenital and acquired deformities of the skull, face, jaw bone and associated structures. There are estimated to be over 500 syndromes with craniofacial anomalies. Most are morphologic, affecting the form and function of the head and face. These defects are typically treated by craniofacial surgeons, including craniosynostosis (isolated and syndromic), rare craniofacial clefts, cleft lip and palate, micrognathia, hemifacial microsomia, Treacher Collins Syndrome, Apert&#8217;s Syndrome, Crouzon&#8217;s Syndrome, hemifacial microsomia and many others.\t\t\t\t\t\t<\/div>\n\t\t\t\t<\/div>\n\t\t\t\t\t<\/div>\n\t\t<\/div>\n\t\t\t\t<div class=\"elementor-column elementor-col-50 elementor-top-column elementor-element elementor-element-a4cce15\" data-id=\"a4cce15\" data-element_type=\"column\">\n\t\t\t<div class=\"elementor-widget-wrap elementor-element-populated\">\n\t\t\t\t\t\t<div class=\"elementor-element elementor-element-841633c elementor-widget elementor-widget-image\" data-id=\"841633c\" data-element_type=\"widget\" data-widget_type=\"image.default\">\n\t\t\t\t<div class=\"elementor-widget-container\">\n\t\t\t\t\t\t\t\t\t\t\t\t\t<img fetchpriority=\"high\" decoding=\"async\" width=\"1024\" height=\"682\" src=\"https:\/\/globalmedi.co.uk\/pl\/wp-content\/uploads\/2023\/07\/Craniofacial-and-Cleft-Lip-and-Palate-1024x682.jpg\" class=\"attachment-large size-large wp-image-1177\" alt=\"\" srcset=\"https:\/\/globalmedi.co.uk\/pl\/wp-content\/uploads\/2023\/07\/Craniofacial-and-Cleft-Lip-and-Palate-1024x682.jpg 1024w, https:\/\/globalmedi.co.uk\/pl\/wp-content\/uploads\/2023\/07\/Craniofacial-and-Cleft-Lip-and-Palate-300x200.jpg 300w, https:\/\/globalmedi.co.uk\/pl\/wp-content\/uploads\/2023\/07\/Craniofacial-and-Cleft-Lip-and-Palate-768x512.jpg 768w, https:\/\/globalmedi.co.uk\/pl\/wp-content\/uploads\/2023\/07\/Craniofacial-and-Cleft-Lip-and-Palate-1536x1023.jpg 1536w, https:\/\/globalmedi.co.uk\/pl\/wp-content\/uploads\/2023\/07\/Craniofacial-and-Cleft-Lip-and-Palate.jpg 1966w\" sizes=\"(max-width: 1024px) 100vw, 1024px\" \/>\t\t\t\t\t\t\t\t\t\t\t\t\t<\/div>\n\t\t\t\t<\/div>\n\t\t\t\t\t<\/div>\n\t\t<\/div>\n\t\t\t\t\t<\/div>\n\t\t<\/section>\n\t\t\t\t<section class=\"elementor-section elementor-top-section elementor-element elementor-element-85a1c1f elementor-section-full_width elementor-section-stretched elementor-reverse-mobile elementor-hidden-desktop elementor-hidden-tablet elementor-hidden-mobile elementor-section-height-default elementor-section-height-default\" data-id=\"85a1c1f\" data-element_type=\"section\" data-settings=\"{&quot;stretch_section&quot;:&quot;section-stretched&quot;}\">\n\t\t\t\t\t\t<div class=\"elementor-container elementor-column-gap-default\">\n\t\t\t\t\t<div class=\"elementor-column elementor-col-50 elementor-top-column elementor-element elementor-element-855087d\" data-id=\"855087d\" data-element_type=\"column\">\n\t\t\t<div class=\"elementor-widget-wrap elementor-element-populated\">\n\t\t\t\t\t\t<div class=\"elementor-element elementor-element-0799f60 elementor-widget elementor-widget-image\" data-id=\"0799f60\" data-element_type=\"widget\" data-widget_type=\"image.default\">\n\t\t\t\t<div class=\"elementor-widget-container\">\n\t\t\t\t\t\t\t\t\t\t\t\t\t<img fetchpriority=\"high\" decoding=\"async\" width=\"1024\" height=\"682\" src=\"https:\/\/globalmedi.co.uk\/pl\/wp-content\/uploads\/2023\/07\/Craniofacial-and-Cleft-Lip-and-Palate-1024x682.jpg\" class=\"attachment-large size-large wp-image-1177\" alt=\"\" srcset=\"https:\/\/globalmedi.co.uk\/pl\/wp-content\/uploads\/2023\/07\/Craniofacial-and-Cleft-Lip-and-Palate-1024x682.jpg 1024w, https:\/\/globalmedi.co.uk\/pl\/wp-content\/uploads\/2023\/07\/Craniofacial-and-Cleft-Lip-and-Palate-300x200.jpg 300w, https:\/\/globalmedi.co.uk\/pl\/wp-content\/uploads\/2023\/07\/Craniofacial-and-Cleft-Lip-and-Palate-768x512.jpg 768w, https:\/\/globalmedi.co.uk\/pl\/wp-content\/uploads\/2023\/07\/Craniofacial-and-Cleft-Lip-and-Palate-1536x1023.jpg 1536w, https:\/\/globalmedi.co.uk\/pl\/wp-content\/uploads\/2023\/07\/Craniofacial-and-Cleft-Lip-and-Palate.jpg 1966w\" sizes=\"(max-width: 1024px) 100vw, 1024px\" \/>\t\t\t\t\t\t\t\t\t\t\t\t\t<\/div>\n\t\t\t\t<\/div>\n\t\t\t\t\t<\/div>\n\t\t<\/div>\n\t\t\t\t<div class=\"elementor-column elementor-col-50 elementor-top-column elementor-element elementor-element-df61f6b\" data-id=\"df61f6b\" data-element_type=\"column\" data-settings=\"{&quot;background_background&quot;:&quot;classic&quot;}\">\n\t\t\t<div class=\"elementor-widget-wrap elementor-element-populated\">\n\t\t\t\t\t\t<div class=\"elementor-element elementor-element-3d2b9bc elementor-widget elementor-widget-text-editor\" data-id=\"3d2b9bc\" data-element_type=\"widget\" data-widget_type=\"text-editor.default\">\n\t\t\t\t<div class=\"elementor-widget-container\">\n\t\t\t\t\t\t\tCraniosynostosis refers to the early closing of one or more sutures of an infant&#8217;s head. It is a congenital disorder marked by premature fusion of one or more cranial sutures, resulting in abnormal cranial growth. The skull is normally composed of bones which are separated by sutures. As an infant&#8217;s brain grows, open sutures allow the skull to expand and develop a relatively normal head shape. If one or more of the sutures has closed early, it causes the skull to expand in the direction of the open sutures. This can result in an abnormal head shape. In severe cases, this condition can also cause increased pressure on the growing brain. Approximately one in 2500 infants are affected by this disorder. \t\t\t\t\t\t<\/div>\n\t\t\t\t<\/div>\n\t\t\t\t\t<\/div>\n\t\t<\/div>\n\t\t\t\t\t<\/div>\n\t\t<\/section>\n\t\t\t\t<section class=\"elementor-section elementor-top-section elementor-element elementor-element-d7b94ca elementor-section-full_width elementor-section-stretched elementor-hidden-desktop elementor-hidden-tablet elementor-hidden-mobile elementor-section-height-default elementor-section-height-default\" data-id=\"d7b94ca\" data-element_type=\"section\" data-settings=\"{&quot;stretch_section&quot;:&quot;section-stretched&quot;,&quot;background_background&quot;:&quot;classic&quot;}\">\n\t\t\t\t\t\t<div class=\"elementor-container elementor-column-gap-default\">\n\t\t\t\t\t<div class=\"elementor-column elementor-col-100 elementor-top-column elementor-element elementor-element-ee86bb0\" data-id=\"ee86bb0\" data-element_type=\"column\">\n\t\t\t<div class=\"elementor-widget-wrap elementor-element-populated\">\n\t\t\t\t\t\t<div class=\"elementor-element elementor-element-a04aa93 elementor-widget elementor-widget-heading\" data-id=\"a04aa93\" data-element_type=\"widget\" data-widget_type=\"heading.default\">\n\t\t\t\t<div class=\"elementor-widget-container\">\n\t\t\t<style>\/*! elementor - v3.20.0 - 26-03-2024 *\/\n.elementor-heading-title{padding:0;margin:0;line-height:1}.elementor-widget-heading .elementor-heading-title[class*=elementor-size-]>a{color:inherit;font-size:inherit;line-height:inherit}.elementor-widget-heading .elementor-heading-title.elementor-size-small{font-size:15px}.elementor-widget-heading .elementor-heading-title.elementor-size-medium{font-size:19px}.elementor-widget-heading .elementor-heading-title.elementor-size-large{font-size:29px}.elementor-widget-heading .elementor-heading-title.elementor-size-xl{font-size:39px}.elementor-widget-heading .elementor-heading-title.elementor-size-xxl{font-size:59px}<\/style><h2 class=\"elementor-heading-title elementor-size-default\">Treatment<\/h2>\t\t<\/div>\n\t\t\t\t<\/div>\n\t\t\t\t<div class=\"elementor-element elementor-element-d4b2353 elementor-widget elementor-widget-text-editor\" data-id=\"d4b2353\" data-element_type=\"widget\" data-widget_type=\"text-editor.default\">\n\t\t\t\t<div class=\"elementor-widget-container\">\n\t\t\t\t\t\t\tTreatment in infancy is directed at correction of the suture fusion and resultant misshapen head. Surgical treatment of the mid-face deformity is usually done during the pre-school period (age 4-6 yrs). Conventional surgical advancement of the mid-face requires numerous cuts of the facial bones and advancing the mid-face region to a predetermined level.<br>\nThis usually requires bone grafts. Plates and screws are used to stabilise the new position. Our specialists are using the Osteogenic Distraction technique that provides more stable correction. Craniofacial syndrome, or craniosynostosis, is a complex condition that can severely affect a child&#8217;s growth. If not treated at the proper time, it generally causes permanent disability. However, with advanced surgical techniques, treating such complex conditions with minimal morbidity has become possible.\t\t\t\t\t\t<\/div>\n\t\t\t\t<\/div>\n\t\t\t\t\t<\/div>\n\t\t<\/div>\n\t\t\t\t\t<\/div>\n\t\t<\/section>\n\t\t\t\t<section class=\"elementor-section elementor-top-section elementor-element elementor-element-b9c7d17 elementor-hidden-desktop elementor-hidden-tablet elementor-hidden-mobile elementor-section-boxed elementor-section-height-default elementor-section-height-default\" data-id=\"b9c7d17\" data-element_type=\"section\" data-settings=\"{&quot;background_background&quot;:&quot;classic&quot;}\">\n\t\t\t\t\t\t<div class=\"elementor-container elementor-column-gap-default\">\n\t\t\t\t\t<div class=\"elementor-column elementor-col-100 elementor-top-column elementor-element elementor-element-c3145b5\" data-id=\"c3145b5\" data-element_type=\"column\">\n\t\t\t<div class=\"elementor-widget-wrap elementor-element-populated\">\n\t\t\t\t\t\t<div class=\"elementor-element elementor-element-da50f94 elementor-widget elementor-widget-heading\" data-id=\"da50f94\" data-element_type=\"widget\" data-widget_type=\"heading.default\">\n\t\t\t\t<div class=\"elementor-widget-container\">\n\t\t\t<h2 class=\"elementor-heading-title elementor-size-default\">Contact Globalmedi for a quote and appointment<br> with certified specialists in the field<\/h2>\t\t<\/div>\n\t\t\t\t<\/div>\n\t\t\t\t<div class=\"elementor-element elementor-element-0f03d02 elementor-align-center elementor-widget elementor-widget-button\" data-id=\"0f03d02\" data-element_type=\"widget\" data-widget_type=\"button.default\">\n\t\t\t\t<div class=\"elementor-widget-container\">\n\t\t\t\t\t<div class=\"elementor-button-wrapper\">\n\t\t\t<a class=\"elementor-button elementor-button-link elementor-size-sm\" href=\"#\">\n\t\t\t\t\t\t<span class=\"elementor-button-content-wrapper\">\n\t\t\t\t\t\t<span class=\"elementor-button-icon elementor-align-icon-right\">\n\t\t\t\t<i aria-hidden=\"true\" class=\"fas fa-long-arrow-alt-right\"><\/i>\t\t\t<\/span>\n\t\t\t\t\t\t<span class=\"elementor-button-text\">Contact Now<\/span>\n\t\t<\/span>\n\t\t\t\t\t<\/a>\n\t\t<\/div>\n\t\t\t\t<\/div>\n\t\t\t\t<\/div>\n\t\t\t\t\t<\/div>\n\t\t<\/div>\n\t\t\t\t\t<\/div>\n\t\t<\/section>\n\t\t\t\t<\/div>\n\t\t","protected":false},"excerpt":{"rendered":"<p>Chirurgia twarzoczaszki jest podspecjalizacj\u0105 chirurgii twarzowo-szcz\u0119kowej, kt\u00f3ra zajmuje si\u0119 wrodzonymi i nabytymi deformacjami czaszki, twarzy i ko\u015bci szcz\u0119ki. Szacuje si\u0119, \u017ce istnieje ponad 500 zespo\u0142\u00f3w anomalii twarzoczaszki. Wi\u0119kszo\u015b\u0107 z nich wp\u0142ywa na kszta\u0142t i funkcj\u0119 czaszki oraz twarzy. Wady te obejmuj\u0105 rzadkie rozszczepy twarzoczaszki, rozszczep wargi i podniebienia, zesp\u00f3\u0142 Treachera Collinsa, zesp\u00f3\u0142 Aperta, zesp\u00f3\u0142 Crouzona [&hellip;]<\/p>\n","protected":false},"author":1,"featured_media":0,"parent":0,"menu_order":0,"comment_status":"closed","ping_status":"closed","template":"","meta":{"ocean_post_layout":"","ocean_both_sidebars_style":"","ocean_both_sidebars_content_width":0,"ocean_both_sidebars_sidebars_width":0,"ocean_sidebar":"0","ocean_second_sidebar":"0","ocean_disable_margins":"on","ocean_add_body_class":"","ocean_shortcode_before_top_bar":"","ocean_shortcode_after_top_bar":"","ocean_shortcode_before_header":"","ocean_shortcode_after_header":"","ocean_has_shortcode":"","ocean_shortcode_after_title":"","ocean_shortcode_before_footer_widgets":"","ocean_shortcode_after_footer_widgets":"","ocean_shortcode_before_footer_bottom":"","ocean_shortcode_after_footer_bottom":"","ocean_display_top_bar":"default","ocean_display_header":"default","ocean_header_style":"","ocean_center_header_left_menu":"0","ocean_custom_header_template":"0","ocean_custom_logo":0,"ocean_custom_retina_logo":0,"ocean_custom_logo_max_width":0,"ocean_custom_logo_tablet_max_width":0,"ocean_custom_logo_mobile_max_width":0,"ocean_custom_logo_max_height":0,"ocean_custom_logo_tablet_max_height":0,"ocean_custom_logo_mobile_max_height":0,"ocean_header_custom_menu":"0","ocean_menu_typo_font_family":"0","ocean_menu_typo_font_subset":"","ocean_menu_typo_font_size":0,"ocean_menu_typo_font_size_tablet":0,"ocean_menu_typo_font_size_mobile":0,"ocean_menu_typo_font_size_unit":"px","ocean_menu_typo_font_weight":"","ocean_menu_typo_font_weight_tablet":"","ocean_menu_typo_font_weight_mobile":"","ocean_menu_typo_transform":"","ocean_menu_typo_transform_tablet":"","ocean_menu_typo_transform_mobile":"","ocean_menu_typo_line_height":0,"ocean_menu_typo_line_height_tablet":0,"ocean_menu_typo_line_height_mobile":0,"ocean_menu_typo_line_height_unit":"","ocean_menu_typo_spacing":0,"ocean_menu_typo_spacing_tablet":0,"ocean_menu_typo_spacing_mobile":0,"ocean_menu_typo_spacing_unit":"","ocean_menu_link_color":"","ocean_menu_link_color_hover":"","ocean_menu_link_color_active":"","ocean_menu_link_background":"","ocean_menu_link_hover_background":"","ocean_menu_link_active_background":"","ocean_menu_social_links_bg":"","ocean_menu_social_hover_links_bg":"","ocean_menu_social_links_color":"","ocean_menu_social_hover_links_color":"","ocean_disable_title":"default","ocean_disable_heading":"default","ocean_post_title":"","ocean_post_subheading":"","ocean_post_title_style":"","ocean_post_title_background_color":"","ocean_post_title_background":0,"ocean_post_title_bg_image_position":"","ocean_post_title_bg_image_attachment":"","ocean_post_title_bg_image_repeat":"","ocean_post_title_bg_image_size":"","ocean_post_title_height":0,"ocean_post_title_bg_overlay":0.5,"ocean_post_title_bg_overlay_color":"","ocean_disable_breadcrumbs":"default","ocean_breadcrumbs_color":"","ocean_breadcrumbs_separator_color":"","ocean_breadcrumbs_links_color":"","ocean_breadcrumbs_links_hover_color":"","ocean_display_footer_widgets":"default","ocean_display_footer_bottom":"default","ocean_custom_footer_template":"0","footnotes":""},"class_list":["post-860","page","type-page","status-publish","hentry","entry"],"_links":{"self":[{"href":"https:\/\/globalmedi.co.uk\/pl\/wp-json\/wp\/v2\/pages\/860","targetHints":{"allow":["GET"]}}],"collection":[{"href":"https:\/\/globalmedi.co.uk\/pl\/wp-json\/wp\/v2\/pages"}],"about":[{"href":"https:\/\/globalmedi.co.uk\/pl\/wp-json\/wp\/v2\/types\/page"}],"author":[{"embeddable":true,"href":"https:\/\/globalmedi.co.uk\/pl\/wp-json\/wp\/v2\/users\/1"}],"replies":[{"embeddable":true,"href":"https:\/\/globalmedi.co.uk\/pl\/wp-json\/wp\/v2\/comments?post=860"}],"version-history":[{"count":24,"href":"https:\/\/globalmedi.co.uk\/pl\/wp-json\/wp\/v2\/pages\/860\/revisions"}],"predecessor-version":[{"id":1851,"href":"https:\/\/globalmedi.co.uk\/pl\/wp-json\/wp\/v2\/pages\/860\/revisions\/1851"}],"wp:attachment":[{"href":"https:\/\/globalmedi.co.uk\/pl\/wp-json\/wp\/v2\/media?parent=860"}],"curies":[{"name":"wp","href":"https:\/\/api.w.org\/{rel}","templated":true}]}}