{"id":850,"date":"2023-06-24T15:00:07","date_gmt":"2023-06-24T15:00:07","guid":{"rendered":"https:\/\/www.client.mydigitalcrew.com\/globalmedi\/?page_id=850"},"modified":"2023-10-04T11:04:09","modified_gmt":"2023-10-04T11:04:09","slug":"oral-premaligant-lession-and-osmf","status":"publish","type":"page","link":"https:\/\/globalmedi.co.uk\/pl\/oral-premaligant-lession-and-osmf\/","title":{"rendered":"LECZENIE STAN\u00d3W PRZEDNOWOTWOROWYCH W JAMIE USTNEJ"},"content":{"rendered":"\t\t<div data-elementor-type=\"wp-page\" data-elementor-id=\"850\" class=\"elementor elementor-850\">\n\t\t\t\t\t\t<section class=\"elementor-section elementor-top-section elementor-element elementor-element-1d3c2d7 elementor-section-full_width elementor-section-stretched elementor-section-height-default elementor-section-height-default\" data-id=\"1d3c2d7\" data-element_type=\"section\" data-settings=\"{&quot;stretch_section&quot;:&quot;section-stretched&quot;}\">\n\t\t\t\t\t\t<div class=\"elementor-container elementor-column-gap-default\">\n\t\t\t\t\t<div class=\"elementor-column elementor-col-50 elementor-top-column elementor-element elementor-element-eb0ca60\" data-id=\"eb0ca60\" data-element_type=\"column\" data-settings=\"{&quot;background_background&quot;:&quot;classic&quot;}\">\n\t\t\t<div class=\"elementor-widget-wrap elementor-element-populated\">\n\t\t\t\t\t\t<div class=\"elementor-element elementor-element-878eb2e elementor-widget elementor-widget-text-editor\" data-id=\"878eb2e\" data-element_type=\"widget\" data-widget_type=\"text-editor.default\">\n\t\t\t\t<div class=\"elementor-widget-container\">\n\t\t\t<style>\/*! elementor - v3.20.0 - 26-03-2024 *\/\n.elementor-widget-text-editor.elementor-drop-cap-view-stacked .elementor-drop-cap{background-color:#69727d;color:#fff}.elementor-widget-text-editor.elementor-drop-cap-view-framed .elementor-drop-cap{color:#69727d;border:3px solid;background-color:transparent}.elementor-widget-text-editor:not(.elementor-drop-cap-view-default) .elementor-drop-cap{margin-top:8px}.elementor-widget-text-editor:not(.elementor-drop-cap-view-default) .elementor-drop-cap-letter{width:1em;height:1em}.elementor-widget-text-editor .elementor-drop-cap{float:left;text-align:center;line-height:1;font-size:50px}.elementor-widget-text-editor .elementor-drop-cap-letter{display:inline-block}<\/style>\t\t\t\tPatologiczne zmiany w jamie ustnej mog\u0105 \u0142atwo przekszta\u0142ci\u0107 si\u0119 w nowotw\u00f3r. Niestety \ntakie zmiany maj\u0105 zazwyczaj subtelny charakter i \u0142atwo je przeoczy\u0107 w pocz\u0105tkowej fazie. \nDlatego tak wa\u017cne jest, by ka\u017cd\u0105 zauwa\u017con\u0105 zmian\u0119 skonsultowa\u0107 z lekarzem specjalist\u0105. \nDiagnoza \u201erak\u201d jest druzgoc\u0105ca dla ka\u017cdego i wi\u0105\u017ce si\u0119 z konsekwencjami na ca\u0142e \u017cycie. \nChocia\u017c \u015bmiertelno\u015b\u0107 zwi\u0105zana z rakiem zmniejszy\u0142a si\u0119 w ci\u0105gu ostatnich kilku dekad, \ng\u0142\u00f3wnie dzi\u0119ki post\u0119powi w radioterapii, chemioterapii i leczeniu chirurgicznym. \nPowszechnie przyjmuje si\u0119, \u017ce najlepsz\u0105 form\u0105 walki z rakiem jest profilaktyka. Dlatego \nprzy pierwszych objawach, nale\u017cy skonsultowa\u0107 si\u0119 z dentyst\u0105 lub lekarzem, aby \nwykluczy\u0107 stan przednowotworowy jamy ustnej. \t\t\t\t\t\t<\/div>\n\t\t\t\t<\/div>\n\t\t\t\t<div class=\"elementor-element elementor-element-e7cfda6 elementor-widget elementor-widget-text-editor\" data-id=\"e7cfda6\" data-element_type=\"widget\" data-widget_type=\"text-editor.default\">\n\t\t\t\t<div class=\"elementor-widget-container\">\n\t\t\t\t\t\t\tNale\u017cy zwr\u00f3ci\u0107 szczeg\u00f3ln\u0105 uwag\u0119 na zmiany, kt\u00f3re wygl\u0105daj\u0105 jak bia\u0142e plamki \n(leukoplakia) lub czerwonawe plamki (erythroplakia) lub bia\u0142e i czerwone plamki \n(erythroplakia). W\u0142\u00f3knienie pod\u015bluz\u00f3wkowy jamy ustnej (OSMF) jest r\u00f3wnie\u017c \nzakwalifikowane, jako stan przednowotworowy. OSMF jest przewlek\u0142\u0105, post\u0119puj\u0105c\u0105 \nchorob\u0105, w kt\u00f3rej dochodzi do zmiany elastyczno\u015bci b\u0142ony pod\u015bluzowej jamy ustnej. \t\t\t\t\t\t<\/div>\n\t\t\t\t<\/div>\n\t\t\t\t<div class=\"elementor-element elementor-element-35faec9 elementor-widget elementor-widget-text-editor\" data-id=\"35faec9\" data-element_type=\"widget\" data-widget_type=\"text-editor.default\">\n\t\t\t\t<div class=\"elementor-widget-container\">\n\t\t\t\t\t\t\tPierwsze objawy to zazwyczaj pieczenie i\/lub krwawienie z jamy ustnej. Zazwyczaj \nwyst\u0119puje nietolerancja na gor\u0105ce i pikantne potrawy. W przypadku OSMF stopniowa \nzmniejsza si\u0119 mo\u017cliwo\u015b\u0107 otwierania ust, a w kolejnych etapach, mog\u0105 wyst\u0105pi\u0107 trudno\u015bci z \nporuszaniem j\u0119zykiem. Mo\u017ce r\u00f3wnie\u017c wyst\u0105pi\u0107 brak czucia w ustach. Podczas konsultacji, \nlekarz specjalista dok\u0142adnie zbada jam\u0119 ustn\u0105 i zazwyczaj zleci dodatkowe badania w celu \nwykluczenia zmian przednowotworowych i nowotworowych. Rak jamy ustnej jest \nzagro\u017ceniem XXI wieku i wymaga specjalistycznej opieki medycznej. Jednak najlepszym \nsposobem leczenia raka jamy ustnej jest zapobieganie mu zwracaj\u0105c uwag\u0119 na wczesne \nobjawy.\t\t\t\t\t\t<\/div>\n\t\t\t\t<\/div>\n\t\t\t\t<div class=\"elementor-element elementor-element-da54cc2 elementor-widget elementor-widget-text-editor\" data-id=\"da54cc2\" data-element_type=\"widget\" data-widget_type=\"text-editor.default\">\n\t\t\t\t<div class=\"elementor-widget-container\">\n\t\t\t\t\t\t\tW <span class=\"highlighted-text\">Globalmedi<\/span> skierujemy Ci\u0119 do najlepszych \u015bwiatowych specjalist\u00f3w i nowoczesnych \nplac\u00f3wek medycznych. \n\t\t\t\t\t\t<\/div>\n\t\t\t\t<\/div>\n\t\t\t\t\t<\/div>\n\t\t<\/div>\n\t\t\t\t<div class=\"elementor-column elementor-col-50 elementor-top-column elementor-element elementor-element-4d8d1e4\" data-id=\"4d8d1e4\" data-element_type=\"column\">\n\t\t\t<div class=\"elementor-widget-wrap elementor-element-populated\">\n\t\t\t\t\t\t<div class=\"elementor-element elementor-element-b3b138f elementor-widget elementor-widget-image\" data-id=\"b3b138f\" data-element_type=\"widget\" data-widget_type=\"image.default\">\n\t\t\t\t<div class=\"elementor-widget-container\">\n\t\t\t<style>\/*! elementor - v3.20.0 - 26-03-2024 *\/\n.elementor-widget-image{text-align:center}.elementor-widget-image a{display:inline-block}.elementor-widget-image a img[src$=\".svg\"]{width:48px}.elementor-widget-image img{vertical-align:middle;display:inline-block}<\/style>\t\t\t\t\t\t\t\t\t\t<img fetchpriority=\"high\" decoding=\"async\" width=\"1024\" height=\"683\" src=\"https:\/\/globalmedi.co.uk\/pl\/wp-content\/uploads\/2023\/07\/Oral-Premalignant-lesion-and-OSMF-1024x683.jpg\" class=\"attachment-large size-large wp-image-1235\" alt=\"\" srcset=\"https:\/\/globalmedi.co.uk\/pl\/wp-content\/uploads\/2023\/07\/Oral-Premalignant-lesion-and-OSMF-1024x683.jpg 1024w, https:\/\/globalmedi.co.uk\/pl\/wp-content\/uploads\/2023\/07\/Oral-Premalignant-lesion-and-OSMF-300x200.jpg 300w, https:\/\/globalmedi.co.uk\/pl\/wp-content\/uploads\/2023\/07\/Oral-Premalignant-lesion-and-OSMF-768x512.jpg 768w, https:\/\/globalmedi.co.uk\/pl\/wp-content\/uploads\/2023\/07\/Oral-Premalignant-lesion-and-OSMF-1536x1024.jpg 1536w, https:\/\/globalmedi.co.uk\/pl\/wp-content\/uploads\/2023\/07\/Oral-Premalignant-lesion-and-OSMF-2048x1365.jpg 2048w\" sizes=\"(max-width: 1024px) 100vw, 1024px\" \/>\t\t\t\t\t\t\t\t\t\t\t\t\t<\/div>\n\t\t\t\t<\/div>\n\t\t\t\t\t<\/div>\n\t\t<\/div>\n\t\t\t\t\t<\/div>\n\t\t<\/section>\n\t\t\t\t<section class=\"elementor-section elementor-top-section elementor-element elementor-element-083fbb0 elementor-section-full_width elementor-section-stretched elementor-hidden-desktop elementor-hidden-tablet elementor-hidden-mobile elementor-section-height-default elementor-section-height-default\" data-id=\"083fbb0\" data-element_type=\"section\" data-settings=\"{&quot;stretch_section&quot;:&quot;section-stretched&quot;}\">\n\t\t\t\t\t\t<div class=\"elementor-container elementor-column-gap-default\">\n\t\t\t\t\t<div class=\"elementor-column elementor-col-50 elementor-top-column elementor-element elementor-element-2cc67ab\" data-id=\"2cc67ab\" data-element_type=\"column\" data-settings=\"{&quot;background_background&quot;:&quot;classic&quot;}\">\n\t\t\t<div class=\"elementor-widget-wrap elementor-element-populated\">\n\t\t\t\t\t\t<div class=\"elementor-element elementor-element-c2b56dc elementor-widget elementor-widget-text-editor\" data-id=\"c2b56dc\" data-element_type=\"widget\" data-widget_type=\"text-editor.default\">\n\t\t\t\t<div class=\"elementor-widget-container\">\n\t\t\t\t\t\t\tPremalignant lesions of the jaws are common pathologic lesions. The lesion arises from the remnants of tooth formation tissues, and consequently, they develop in the tooth-bearing areas of the jaws. Non-odontogenic cysts were classically thought to arise from the remnants of the maxillary or mandibular processes in the forming embryo. A small group of soft tissue cysts occurs in the soft tissues of the oral cavity instead of the bone. Amongst these, the most common is mucocoele, which typically occurs in the lower lip due to repeated trauma to the lip. \t\t\t\t\t\t<\/div>\n\t\t\t\t<\/div>\n\t\t\t\t\t<\/div>\n\t\t<\/div>\n\t\t\t\t<div class=\"elementor-column elementor-col-50 elementor-top-column elementor-element elementor-element-ca85f64\" data-id=\"ca85f64\" data-element_type=\"column\">\n\t\t\t<div class=\"elementor-widget-wrap elementor-element-populated\">\n\t\t\t\t\t\t<div class=\"elementor-element elementor-element-539e22b elementor-widget elementor-widget-image\" data-id=\"539e22b\" data-element_type=\"widget\" data-widget_type=\"image.default\">\n\t\t\t\t<div class=\"elementor-widget-container\">\n\t\t\t\t\t\t\t\t\t\t\t\t\t<img fetchpriority=\"high\" decoding=\"async\" width=\"1024\" height=\"683\" src=\"https:\/\/globalmedi.co.uk\/pl\/wp-content\/uploads\/2023\/07\/Oral-Premalignant-lesion-and-OSMF-1024x683.jpg\" class=\"attachment-large size-large wp-image-1235\" alt=\"\" srcset=\"https:\/\/globalmedi.co.uk\/pl\/wp-content\/uploads\/2023\/07\/Oral-Premalignant-lesion-and-OSMF-1024x683.jpg 1024w, https:\/\/globalmedi.co.uk\/pl\/wp-content\/uploads\/2023\/07\/Oral-Premalignant-lesion-and-OSMF-300x200.jpg 300w, https:\/\/globalmedi.co.uk\/pl\/wp-content\/uploads\/2023\/07\/Oral-Premalignant-lesion-and-OSMF-768x512.jpg 768w, https:\/\/globalmedi.co.uk\/pl\/wp-content\/uploads\/2023\/07\/Oral-Premalignant-lesion-and-OSMF-1536x1024.jpg 1536w, https:\/\/globalmedi.co.uk\/pl\/wp-content\/uploads\/2023\/07\/Oral-Premalignant-lesion-and-OSMF-2048x1365.jpg 2048w\" sizes=\"(max-width: 1024px) 100vw, 1024px\" \/>\t\t\t\t\t\t\t\t\t\t\t\t\t<\/div>\n\t\t\t\t<\/div>\n\t\t\t\t\t<\/div>\n\t\t<\/div>\n\t\t\t\t\t<\/div>\n\t\t<\/section>\n\t\t\t\t<section class=\"elementor-section elementor-top-section elementor-element elementor-element-9ae98c5 elementor-section-full_width elementor-section-stretched elementor-hidden-desktop elementor-hidden-tablet elementor-hidden-mobile elementor-section-height-default elementor-section-height-default\" data-id=\"9ae98c5\" data-element_type=\"section\" data-settings=\"{&quot;stretch_section&quot;:&quot;section-stretched&quot;,&quot;background_background&quot;:&quot;classic&quot;}\">\n\t\t\t\t\t\t<div class=\"elementor-container elementor-column-gap-default\">\n\t\t\t\t\t<div class=\"elementor-column elementor-col-100 elementor-top-column elementor-element elementor-element-fb8c72c\" data-id=\"fb8c72c\" data-element_type=\"column\">\n\t\t\t<div class=\"elementor-widget-wrap elementor-element-populated\">\n\t\t\t\t\t\t<div class=\"elementor-element elementor-element-365ef8b elementor-widget elementor-widget-text-editor\" data-id=\"365ef8b\" data-element_type=\"widget\" data-widget_type=\"text-editor.default\">\n\t\t\t\t<div class=\"elementor-widget-container\">\n\t\t\t\t\t\t\tThe word \u2018cancer\u2019 is devastating for any patient and has lifelong consequences. Even though mortality associated with cancer has reduced in the last few decades thanks to advancements in radiation, chemotherapy and surgical treatment, the associated complications and risk of recurrences have some serious debilitating consequences. It is widely accepted that the best form of tackling cancer is its prevention. Hence, at the first sign of any suspicion, the patient should consult their dentist or doctor to rule out any oral pre-malignancy. Lesions can appear as whitish patches (leukoplakia) or reddish patches (Erythroplakia) or a mix of white and reddish patches (Erythroplakia). Oral sub-mucous fibrosis (OSMF) is also considered a premalignant condition which is widely prevalent. Initial symptoms that may occur: Burning sensation of the oral cavity or bleeding from the lesion. The patient generally complains of an inability to tolerate hot and spicy food. In patients with OSMF, the mouth opening gradually starts to reduce, and then the patient may find it difficult to move his tongue. Lack of sensation while consuming any food or drink may also happen. If left untreated, the condition progresses very rapidly. During the doctor consultation, the specialist will examine the oral cavity and may decide to run some additional tests to rule out any premalignant lesion or cancer. Oral cancer has been a menace in the 21st century and requires medical expert management. However, the best way to treat oral cancer is to prevent it by looking for the earlier signs which indicate the cancer formation. Check with Globalmedi so we can refer you to the best specialists and well-equipped medical facilities. Treatment: One option is a surgical treatment for premalignant lesions, thereby minimising their progression to an advanced stage. The treatment for OSMF is much different from the treatment for other premalignant lesions. In its early stages, doctors try to manage these conditions by injecting certain medications into the oral cavity, which helps reduce the stiffness of muscles. However, in its more advanced stage, specialists will perform the surgical treatment to release the stiffness and reconstruct the oral cavity. This technique is followed by a strict physiotherapy regimen which helps improve the mouth opening.\t\t\t\t\t\t<\/div>\n\t\t\t\t<\/div>\n\t\t\t\t\t<\/div>\n\t\t<\/div>\n\t\t\t\t\t<\/div>\n\t\t<\/section>\n\t\t\t\t<section class=\"elementor-section elementor-top-section elementor-element elementor-element-33b22d1 elementor-hidden-desktop elementor-hidden-tablet elementor-hidden-mobile elementor-section-boxed elementor-section-height-default elementor-section-height-default\" data-id=\"33b22d1\" data-element_type=\"section\" data-settings=\"{&quot;background_background&quot;:&quot;classic&quot;}\">\n\t\t\t\t\t\t<div class=\"elementor-container elementor-column-gap-default\">\n\t\t\t\t\t<div class=\"elementor-column elementor-col-100 elementor-top-column elementor-element elementor-element-b9bcba0\" data-id=\"b9bcba0\" data-element_type=\"column\">\n\t\t\t<div class=\"elementor-widget-wrap elementor-element-populated\">\n\t\t\t\t\t\t<div class=\"elementor-element elementor-element-d86f88a elementor-widget elementor-widget-heading\" data-id=\"d86f88a\" data-element_type=\"widget\" data-widget_type=\"heading.default\">\n\t\t\t\t<div class=\"elementor-widget-container\">\n\t\t\t<style>\/*! elementor - v3.20.0 - 26-03-2024 *\/\n.elementor-heading-title{padding:0;margin:0;line-height:1}.elementor-widget-heading .elementor-heading-title[class*=elementor-size-]>a{color:inherit;font-size:inherit;line-height:inherit}.elementor-widget-heading .elementor-heading-title.elementor-size-small{font-size:15px}.elementor-widget-heading .elementor-heading-title.elementor-size-medium{font-size:19px}.elementor-widget-heading .elementor-heading-title.elementor-size-large{font-size:29px}.elementor-widget-heading .elementor-heading-title.elementor-size-xl{font-size:39px}.elementor-widget-heading .elementor-heading-title.elementor-size-xxl{font-size:59px}<\/style><h2 class=\"elementor-heading-title elementor-size-default\">Contact Globalmedi for a quote and appointment<br> with certified specialists in the field<\/h2>\t\t<\/div>\n\t\t\t\t<\/div>\n\t\t\t\t<div class=\"elementor-element elementor-element-3b06c4b elementor-align-center elementor-widget elementor-widget-button\" data-id=\"3b06c4b\" data-element_type=\"widget\" data-widget_type=\"button.default\">\n\t\t\t\t<div class=\"elementor-widget-container\">\n\t\t\t\t\t<div class=\"elementor-button-wrapper\">\n\t\t\t<a class=\"elementor-button elementor-button-link elementor-size-sm\" href=\"#\">\n\t\t\t\t\t\t<span class=\"elementor-button-content-wrapper\">\n\t\t\t\t\t\t<span class=\"elementor-button-icon elementor-align-icon-right\">\n\t\t\t\t<i aria-hidden=\"true\" class=\"fas fa-long-arrow-alt-right\"><\/i>\t\t\t<\/span>\n\t\t\t\t\t\t<span class=\"elementor-button-text\">Contact Now<\/span>\n\t\t<\/span>\n\t\t\t\t\t<\/a>\n\t\t<\/div>\n\t\t\t\t<\/div>\n\t\t\t\t<\/div>\n\t\t\t\t\t<\/div>\n\t\t<\/div>\n\t\t\t\t\t<\/div>\n\t\t<\/section>\n\t\t\t\t<\/div>\n\t\t","protected":false},"excerpt":{"rendered":"<p>Patologiczne zmiany w jamie ustnej mog\u0105 \u0142atwo przekszta\u0142ci\u0107 si\u0119 w nowotw\u00f3r. Niestety takie zmiany maj\u0105 zazwyczaj subtelny charakter i \u0142atwo je przeoczy\u0107 w pocz\u0105tkowej fazie. Dlatego tak wa\u017cne jest, by ka\u017cd\u0105 zauwa\u017con\u0105 zmian\u0119 skonsultowa\u0107 z lekarzem specjalist\u0105. Diagnoza \u201erak\u201d jest druzgoc\u0105ca dla ka\u017cdego i wi\u0105\u017ce si\u0119 z konsekwencjami na ca\u0142e \u017cycie. Chocia\u017c \u015bmiertelno\u015b\u0107 zwi\u0105zana z [&hellip;]<\/p>\n","protected":false},"author":1,"featured_media":0,"parent":0,"menu_order":0,"comment_status":"closed","ping_status":"closed","template":"","meta":{"ocean_post_layout":"","ocean_both_sidebars_style":"","ocean_both_sidebars_content_width":0,"ocean_both_sidebars_sidebars_width":0,"ocean_sidebar":"0","ocean_second_sidebar":"0","ocean_disable_margins":"on","ocean_add_body_class":"","ocean_shortcode_before_top_bar":"","ocean_shortcode_after_top_bar":"","ocean_shortcode_before_header":"","ocean_shortcode_after_header":"","ocean_has_shortcode":"","ocean_shortcode_after_title":"","ocean_shortcode_before_footer_widgets":"","ocean_shortcode_after_footer_widgets":"","ocean_shortcode_before_footer_bottom":"","ocean_shortcode_after_footer_bottom":"","ocean_display_top_bar":"default","ocean_display_header":"default","ocean_header_style":"","ocean_center_header_left_menu":"0","ocean_custom_header_template":"0","ocean_custom_logo":0,"ocean_custom_retina_logo":0,"ocean_custom_logo_max_width":0,"ocean_custom_logo_tablet_max_width":0,"ocean_custom_logo_mobile_max_width":0,"ocean_custom_logo_max_height":0,"ocean_custom_logo_tablet_max_height":0,"ocean_custom_logo_mobile_max_height":0,"ocean_header_custom_menu":"0","ocean_menu_typo_font_family":"0","ocean_menu_typo_font_subset":"","ocean_menu_typo_font_size":0,"ocean_menu_typo_font_size_tablet":0,"ocean_menu_typo_font_size_mobile":0,"ocean_menu_typo_font_size_unit":"px","ocean_menu_typo_font_weight":"","ocean_menu_typo_font_weight_tablet":"","ocean_menu_typo_font_weight_mobile":"","ocean_menu_typo_transform":"","ocean_menu_typo_transform_tablet":"","ocean_menu_typo_transform_mobile":"","ocean_menu_typo_line_height":0,"ocean_menu_typo_line_height_tablet":0,"ocean_menu_typo_line_height_mobile":0,"ocean_menu_typo_line_height_unit":"","ocean_menu_typo_spacing":0,"ocean_menu_typo_spacing_tablet":0,"ocean_menu_typo_spacing_mobile":0,"ocean_menu_typo_spacing_unit":"","ocean_menu_link_color":"","ocean_menu_link_color_hover":"","ocean_menu_link_color_active":"","ocean_menu_link_background":"","ocean_menu_link_hover_background":"","ocean_menu_link_active_background":"","ocean_menu_social_links_bg":"","ocean_menu_social_hover_links_bg":"","ocean_menu_social_links_color":"","ocean_menu_social_hover_links_color":"","ocean_disable_title":"default","ocean_disable_heading":"default","ocean_post_title":"","ocean_post_subheading":"","ocean_post_title_style":"","ocean_post_title_background_color":"","ocean_post_title_background":0,"ocean_post_title_bg_image_position":"","ocean_post_title_bg_image_attachment":"","ocean_post_title_bg_image_repeat":"","ocean_post_title_bg_image_size":"","ocean_post_title_height":0,"ocean_post_title_bg_overlay":0.5,"ocean_post_title_bg_overlay_color":"","ocean_disable_breadcrumbs":"default","ocean_breadcrumbs_color":"","ocean_breadcrumbs_separator_color":"","ocean_breadcrumbs_links_color":"","ocean_breadcrumbs_links_hover_color":"","ocean_display_footer_widgets":"default","ocean_display_footer_bottom":"default","ocean_custom_footer_template":"0","footnotes":""},"class_list":["post-850","page","type-page","status-publish","hentry","entry"],"_links":{"self":[{"href":"https:\/\/globalmedi.co.uk\/pl\/wp-json\/wp\/v2\/pages\/850","targetHints":{"allow":["GET"]}}],"collection":[{"href":"https:\/\/globalmedi.co.uk\/pl\/wp-json\/wp\/v2\/pages"}],"about":[{"href":"https:\/\/globalmedi.co.uk\/pl\/wp-json\/wp\/v2\/types\/page"}],"author":[{"embeddable":true,"href":"https:\/\/globalmedi.co.uk\/pl\/wp-json\/wp\/v2\/users\/1"}],"replies":[{"embeddable":true,"href":"https:\/\/globalmedi.co.uk\/pl\/wp-json\/wp\/v2\/comments?post=850"}],"version-history":[{"count":21,"href":"https:\/\/globalmedi.co.uk\/pl\/wp-json\/wp\/v2\/pages\/850\/revisions"}],"predecessor-version":[{"id":1849,"href":"https:\/\/globalmedi.co.uk\/pl\/wp-json\/wp\/v2\/pages\/850\/revisions\/1849"}],"wp:attachment":[{"href":"https:\/\/globalmedi.co.uk\/pl\/wp-json\/wp\/v2\/media?parent=850"}],"curies":[{"name":"wp","href":"https:\/\/api.w.org\/{rel}","templated":true}]}}