{"id":821,"date":"2023-06-24T14:45:40","date_gmt":"2023-06-24T14:45:40","guid":{"rendered":"https:\/\/www.client.mydigitalcrew.com\/globalmedi\/?page_id=821"},"modified":"2023-09-19T14:57:55","modified_gmt":"2023-09-19T14:57:55","slug":"lip-surgery","status":"publish","type":"page","link":"https:\/\/globalmedi.co.uk\/pl\/lip-surgery\/","title":{"rendered":"Operacyjne powie\u0328kszanie ust"},"content":{"rendered":"\t\t<div data-elementor-type=\"wp-page\" data-elementor-id=\"821\" class=\"elementor elementor-821\">\n\t\t\t\t\t\t<section class=\"elementor-section elementor-top-section elementor-element elementor-element-3d9805e elementor-section-full_width elementor-section-stretched elementor-section-height-default elementor-section-height-default\" data-id=\"3d9805e\" data-element_type=\"section\" data-settings=\"{&quot;stretch_section&quot;:&quot;section-stretched&quot;}\">\n\t\t\t\t\t\t<div class=\"elementor-container elementor-column-gap-default\">\n\t\t\t\t\t<div class=\"elementor-column elementor-col-50 elementor-top-column elementor-element elementor-element-cd20596\" data-id=\"cd20596\" data-element_type=\"column\" data-settings=\"{&quot;background_background&quot;:&quot;classic&quot;}\">\n\t\t\t<div class=\"elementor-widget-wrap elementor-element-populated\">\n\t\t\t\t\t\t<div class=\"elementor-element elementor-element-42f90f6 elementor-widget elementor-widget-text-editor\" data-id=\"42f90f6\" data-element_type=\"widget\" data-widget_type=\"text-editor.default\">\n\t\t\t\t<div class=\"elementor-widget-container\">\n\t\t\t<style>\/*! elementor - v3.20.0 - 26-03-2024 *\/\n.elementor-widget-text-editor.elementor-drop-cap-view-stacked .elementor-drop-cap{background-color:#69727d;color:#fff}.elementor-widget-text-editor.elementor-drop-cap-view-framed .elementor-drop-cap{color:#69727d;border:3px solid;background-color:transparent}.elementor-widget-text-editor:not(.elementor-drop-cap-view-default) .elementor-drop-cap{margin-top:8px}.elementor-widget-text-editor:not(.elementor-drop-cap-view-default) .elementor-drop-cap-letter{width:1em;height:1em}.elementor-widget-text-editor .elementor-drop-cap{float:left;text-align:center;line-height:1;font-size:50px}.elementor-widget-text-editor .elementor-drop-cap-letter{display:inline-block}<\/style>\t\t\t\tCheiloplastyka to chirurgiczny zabieg powi\u0119kszania ust. Ze wzgl\u0119du na starzenie si\u0119 nasze \nusta staj\u0105 si\u0119 asymetryczne, ale ich powi\u0119kszenie mo\u017ce pom\u00f3c przywr\u00f3ci\u0107 im pe\u0142niejszy \nwgl\u0105d. Metoda ta mo\u017ce by\u0107 r\u00f3wnie\u017c zastosowana, jako technika korekcyjna w przypadku \nrozszczepu wargi i podniebienia. \t\t\t\t\t\t<\/div>\n\t\t\t\t<\/div>\n\t\t\t\t<div class=\"elementor-element elementor-element-6cc41b9 elementor-widget elementor-widget-text-editor\" data-id=\"6cc41b9\" data-element_type=\"widget\" data-widget_type=\"text-editor.default\">\n\t\t\t\t<div class=\"elementor-widget-container\">\n\t\t\t\t\t\t\tOperacja ta r\u00f3\u017cni si\u0119 od dermatologicznego zabiegu powi\u0119kszania ust. \nCheiloplastyka obejmuje r\u00f3wnie\u017c zabieg redukcji ust, kt\u00f3ry mo\u017ce by\u0107 stosowany jako \ntechnika korekcji rozszczepu wargi i podniebienia. Podczas zabiegu redukcji ust lekarz \nusuwa tkanki sk\u00f3rne z dolnej lub g\u00f3rnej wargi.\t\t\t\t\t\t<\/div>\n\t\t\t\t<\/div>\n\t\t\t\t<div class=\"elementor-element elementor-element-d59c160 elementor-widget elementor-widget-text-editor\" data-id=\"d59c160\" data-element_type=\"widget\" data-widget_type=\"text-editor.default\">\n\t\t\t\t<div class=\"elementor-widget-container\">\n\t\t\t\t\t\t\tSkontaktuj si\u0119 z <a class=\"highlighted-text\" href=\"#\">nami<\/a>, je\u015bli chcesz dowiedzie\u0107 si\u0119 wi\u0119cej o zabiegu i procesie gojenia.\t\t\t\t\t\t<\/div>\n\t\t\t\t<\/div>\n\t\t\t\t\t<\/div>\n\t\t<\/div>\n\t\t\t\t<div class=\"elementor-column elementor-col-50 elementor-top-column elementor-element elementor-element-0a6a930\" data-id=\"0a6a930\" data-element_type=\"column\">\n\t\t\t<div class=\"elementor-widget-wrap elementor-element-populated\">\n\t\t\t\t\t\t<div class=\"elementor-element elementor-element-470f4a1 elementor-widget elementor-widget-image\" data-id=\"470f4a1\" data-element_type=\"widget\" data-widget_type=\"image.default\">\n\t\t\t\t<div class=\"elementor-widget-container\">\n\t\t\t<style>\/*! elementor - v3.20.0 - 26-03-2024 *\/\n.elementor-widget-image{text-align:center}.elementor-widget-image a{display:inline-block}.elementor-widget-image a img[src$=\".svg\"]{width:48px}.elementor-widget-image img{vertical-align:middle;display:inline-block}<\/style>\t\t\t\t\t\t\t\t\t\t<img fetchpriority=\"high\" decoding=\"async\" width=\"1024\" height=\"683\" src=\"https:\/\/globalmedi.co.uk\/pl\/wp-content\/uploads\/2023\/07\/Lips-surgery-1024x683.jpg\" class=\"attachment-large size-large wp-image-1131\" alt=\"\" srcset=\"https:\/\/globalmedi.co.uk\/pl\/wp-content\/uploads\/2023\/07\/Lips-surgery-1024x683.jpg 1024w, https:\/\/globalmedi.co.uk\/pl\/wp-content\/uploads\/2023\/07\/Lips-surgery-300x200.jpg 300w, https:\/\/globalmedi.co.uk\/pl\/wp-content\/uploads\/2023\/07\/Lips-surgery-768x512.jpg 768w, https:\/\/globalmedi.co.uk\/pl\/wp-content\/uploads\/2023\/07\/Lips-surgery-1536x1024.jpg 1536w, https:\/\/globalmedi.co.uk\/pl\/wp-content\/uploads\/2023\/07\/Lips-surgery.jpg 2016w\" sizes=\"(max-width: 1024px) 100vw, 1024px\" \/>\t\t\t\t\t\t\t\t\t\t\t\t\t<\/div>\n\t\t\t\t<\/div>\n\t\t\t\t\t<\/div>\n\t\t<\/div>\n\t\t\t\t\t<\/div>\n\t\t<\/section>\n\t\t\t\t<section class=\"elementor-section elementor-top-section elementor-element elementor-element-427f88e elementor-section-full_width elementor-section-stretched elementor-hidden-desktop elementor-hidden-tablet elementor-hidden-mobile elementor-section-height-default elementor-section-height-default\" data-id=\"427f88e\" data-element_type=\"section\" data-settings=\"{&quot;stretch_section&quot;:&quot;section-stretched&quot;}\">\n\t\t\t\t\t\t<div class=\"elementor-container elementor-column-gap-default\">\n\t\t\t\t\t<div class=\"elementor-column elementor-col-50 elementor-top-column elementor-element elementor-element-07fa132\" data-id=\"07fa132\" data-element_type=\"column\" data-settings=\"{&quot;background_background&quot;:&quot;classic&quot;}\">\n\t\t\t<div class=\"elementor-widget-wrap elementor-element-populated\">\n\t\t\t\t\t\t<div class=\"elementor-element elementor-element-638e5c4 elementor-widget elementor-widget-text-editor\" data-id=\"638e5c4\" data-element_type=\"widget\" data-widget_type=\"text-editor.default\">\n\t\t\t\t<div class=\"elementor-widget-container\">\n\t\t\t\t\t\t\tDue to ageing, the lips become asymmetric; lip surgery is a viable option in such cases. Lip Surgery (Cheiloplasty) is lip augmentation surgery to make the lips fuller. People who want this type of surgery often want to change their facial appearance. Lip surgery differs from a dermatological procedure, with more risks such as infection and scarring. However, Cheiloplasty is safe when performed by an experienced, certified doctor. Cheiloplasty includes a lip reduction procedure that can be used as a corrective technique for cleft lip and palate.\t\t\t\t\t\t<\/div>\n\t\t\t\t<\/div>\n\t\t\t\t\t<\/div>\n\t\t<\/div>\n\t\t\t\t<div class=\"elementor-column elementor-col-50 elementor-top-column elementor-element elementor-element-c3b2514\" data-id=\"c3b2514\" data-element_type=\"column\">\n\t\t\t<div class=\"elementor-widget-wrap elementor-element-populated\">\n\t\t\t\t\t\t<div class=\"elementor-element elementor-element-2b66951 elementor-widget elementor-widget-image\" data-id=\"2b66951\" data-element_type=\"widget\" data-widget_type=\"image.default\">\n\t\t\t\t<div class=\"elementor-widget-container\">\n\t\t\t\t\t\t\t\t\t\t\t\t\t<img fetchpriority=\"high\" decoding=\"async\" width=\"1024\" height=\"683\" src=\"https:\/\/globalmedi.co.uk\/pl\/wp-content\/uploads\/2023\/07\/Lips-surgery-1024x683.jpg\" class=\"attachment-large size-large wp-image-1131\" alt=\"\" srcset=\"https:\/\/globalmedi.co.uk\/pl\/wp-content\/uploads\/2023\/07\/Lips-surgery-1024x683.jpg 1024w, https:\/\/globalmedi.co.uk\/pl\/wp-content\/uploads\/2023\/07\/Lips-surgery-300x200.jpg 300w, https:\/\/globalmedi.co.uk\/pl\/wp-content\/uploads\/2023\/07\/Lips-surgery-768x512.jpg 768w, https:\/\/globalmedi.co.uk\/pl\/wp-content\/uploads\/2023\/07\/Lips-surgery-1536x1024.jpg 1536w, https:\/\/globalmedi.co.uk\/pl\/wp-content\/uploads\/2023\/07\/Lips-surgery.jpg 2016w\" sizes=\"(max-width: 1024px) 100vw, 1024px\" \/>\t\t\t\t\t\t\t\t\t\t\t\t\t<\/div>\n\t\t\t\t<\/div>\n\t\t\t\t\t<\/div>\n\t\t<\/div>\n\t\t\t\t\t<\/div>\n\t\t<\/section>\n\t\t\t\t<section class=\"elementor-section elementor-top-section elementor-element elementor-element-e81d3c2 elementor-section-full_width elementor-section-stretched elementor-hidden-desktop elementor-hidden-tablet elementor-hidden-mobile elementor-section-height-default elementor-section-height-default\" data-id=\"e81d3c2\" data-element_type=\"section\" data-settings=\"{&quot;stretch_section&quot;:&quot;section-stretched&quot;,&quot;background_background&quot;:&quot;classic&quot;}\">\n\t\t\t\t\t\t<div class=\"elementor-container elementor-column-gap-default\">\n\t\t\t\t\t<div class=\"elementor-column elementor-col-100 elementor-top-column elementor-element elementor-element-61fb806\" data-id=\"61fb806\" data-element_type=\"column\">\n\t\t\t<div class=\"elementor-widget-wrap elementor-element-populated\">\n\t\t\t\t\t\t<div class=\"elementor-element elementor-element-6f4763f elementor-widget elementor-widget-text-editor\" data-id=\"6f4763f\" data-element_type=\"widget\" data-widget_type=\"text-editor.default\">\n\t\t\t\t<div class=\"elementor-widget-container\">\n\t\t\t\t\t\t\tDuring lip reduction surgery, doctor removes skin tissues from the lower or upper lips. This is done in an attempt to reshape the entire lip area. Lips are a very sensitive part of your body, so it is essential to consult an experienced doctor to minimise risk of side effects. Within the first few days after your surgery, you should expect redness, swelling, bruising and slight pain. Despite the side effects, lip surgery is considered a safe procedure. For the lips to completely heal, it will take a week or two for stitches to come out. The recovery time frame is much shorter than other cosmetic surgery. The doctor may recommend applying ice packs to your lips. You might have to take painkillers.\t\t\t\t\t\t<\/div>\n\t\t\t\t<\/div>\n\t\t\t\t\t<\/div>\n\t\t<\/div>\n\t\t\t\t\t<\/div>\n\t\t<\/section>\n\t\t\t\t<section class=\"elementor-section elementor-top-section elementor-element elementor-element-36f4aec elementor-hidden-desktop elementor-hidden-tablet elementor-hidden-mobile elementor-section-boxed elementor-section-height-default elementor-section-height-default\" data-id=\"36f4aec\" data-element_type=\"section\" data-settings=\"{&quot;background_background&quot;:&quot;classic&quot;}\">\n\t\t\t\t\t\t<div class=\"elementor-container elementor-column-gap-default\">\n\t\t\t\t\t<div class=\"elementor-column elementor-col-100 elementor-top-column elementor-element elementor-element-8c27850\" data-id=\"8c27850\" data-element_type=\"column\">\n\t\t\t<div class=\"elementor-widget-wrap elementor-element-populated\">\n\t\t\t\t\t\t<div class=\"elementor-element elementor-element-3405ef1 elementor-widget elementor-widget-heading\" data-id=\"3405ef1\" data-element_type=\"widget\" data-widget_type=\"heading.default\">\n\t\t\t\t<div class=\"elementor-widget-container\">\n\t\t\t<style>\/*! elementor - v3.20.0 - 26-03-2024 *\/\n.elementor-heading-title{padding:0;margin:0;line-height:1}.elementor-widget-heading .elementor-heading-title[class*=elementor-size-]>a{color:inherit;font-size:inherit;line-height:inherit}.elementor-widget-heading .elementor-heading-title.elementor-size-small{font-size:15px}.elementor-widget-heading .elementor-heading-title.elementor-size-medium{font-size:19px}.elementor-widget-heading .elementor-heading-title.elementor-size-large{font-size:29px}.elementor-widget-heading .elementor-heading-title.elementor-size-xl{font-size:39px}.elementor-widget-heading .elementor-heading-title.elementor-size-xxl{font-size:59px}<\/style><h2 class=\"elementor-heading-title elementor-size-default\">Contact Globalmedi for a quote and appointment<br> with certified specialists in the field<\/h2>\t\t<\/div>\n\t\t\t\t<\/div>\n\t\t\t\t<div class=\"elementor-element elementor-element-fa502a8 elementor-align-center elementor-widget elementor-widget-button\" data-id=\"fa502a8\" data-element_type=\"widget\" data-widget_type=\"button.default\">\n\t\t\t\t<div class=\"elementor-widget-container\">\n\t\t\t\t\t<div class=\"elementor-button-wrapper\">\n\t\t\t<a class=\"elementor-button elementor-button-link elementor-size-sm\" href=\"#\">\n\t\t\t\t\t\t<span class=\"elementor-button-content-wrapper\">\n\t\t\t\t\t\t<span class=\"elementor-button-icon elementor-align-icon-right\">\n\t\t\t\t<i aria-hidden=\"true\" class=\"fas fa-long-arrow-alt-right\"><\/i>\t\t\t<\/span>\n\t\t\t\t\t\t<span class=\"elementor-button-text\">Contact Now<\/span>\n\t\t<\/span>\n\t\t\t\t\t<\/a>\n\t\t<\/div>\n\t\t\t\t<\/div>\n\t\t\t\t<\/div>\n\t\t\t\t\t<\/div>\n\t\t<\/div>\n\t\t\t\t\t<\/div>\n\t\t<\/section>\n\t\t\t\t<\/div>\n\t\t","protected":false},"excerpt":{"rendered":"<p>Cheiloplastyka to chirurgiczny zabieg powi\u0119kszania ust. Ze wzgl\u0119du na starzenie si\u0119 nasze usta staj\u0105 si\u0119 asymetryczne, ale ich powi\u0119kszenie mo\u017ce pom\u00f3c przywr\u00f3ci\u0107 im pe\u0142niejszy wgl\u0105d. Metoda ta mo\u017ce by\u0107 r\u00f3wnie\u017c zastosowana, jako technika korekcyjna w przypadku rozszczepu wargi i podniebienia. Operacja ta r\u00f3\u017cni si\u0119 od dermatologicznego zabiegu powi\u0119kszania ust. Cheiloplastyka obejmuje r\u00f3wnie\u017c zabieg redukcji ust, [&hellip;]<\/p>\n","protected":false},"author":1,"featured_media":0,"parent":0,"menu_order":0,"comment_status":"closed","ping_status":"closed","template":"","meta":{"ocean_post_layout":"","ocean_both_sidebars_style":"","ocean_both_sidebars_content_width":0,"ocean_both_sidebars_sidebars_width":0,"ocean_sidebar":"0","ocean_second_sidebar":"0","ocean_disable_margins":"on","ocean_add_body_class":"","ocean_shortcode_before_top_bar":"","ocean_shortcode_after_top_bar":"","ocean_shortcode_before_header":"","ocean_shortcode_after_header":"","ocean_has_shortcode":"","ocean_shortcode_after_title":"","ocean_shortcode_before_footer_widgets":"","ocean_shortcode_after_footer_widgets":"","ocean_shortcode_before_footer_bottom":"","ocean_shortcode_after_footer_bottom":"","ocean_display_top_bar":"default","ocean_display_header":"default","ocean_header_style":"","ocean_center_header_left_menu":"0","ocean_custom_header_template":"0","ocean_custom_logo":0,"ocean_custom_retina_logo":0,"ocean_custom_logo_max_width":0,"ocean_custom_logo_tablet_max_width":0,"ocean_custom_logo_mobile_max_width":0,"ocean_custom_logo_max_height":0,"ocean_custom_logo_tablet_max_height":0,"ocean_custom_logo_mobile_max_height":0,"ocean_header_custom_menu":"0","ocean_menu_typo_font_family":"0","ocean_menu_typo_font_subset":"","ocean_menu_typo_font_size":0,"ocean_menu_typo_font_size_tablet":0,"ocean_menu_typo_font_size_mobile":0,"ocean_menu_typo_font_size_unit":"px","ocean_menu_typo_font_weight":"","ocean_menu_typo_font_weight_tablet":"","ocean_menu_typo_font_weight_mobile":"","ocean_menu_typo_transform":"","ocean_menu_typo_transform_tablet":"","ocean_menu_typo_transform_mobile":"","ocean_menu_typo_line_height":0,"ocean_menu_typo_line_height_tablet":0,"ocean_menu_typo_line_height_mobile":0,"ocean_menu_typo_line_height_unit":"","ocean_menu_typo_spacing":0,"ocean_menu_typo_spacing_tablet":0,"ocean_menu_typo_spacing_mobile":0,"ocean_menu_typo_spacing_unit":"","ocean_menu_link_color":"","ocean_menu_link_color_hover":"","ocean_menu_link_color_active":"","ocean_menu_link_background":"","ocean_menu_link_hover_background":"","ocean_menu_link_active_background":"","ocean_menu_social_links_bg":"","ocean_menu_social_hover_links_bg":"","ocean_menu_social_links_color":"","ocean_menu_social_hover_links_color":"","ocean_disable_title":"default","ocean_disable_heading":"default","ocean_post_title":"","ocean_post_subheading":"","ocean_post_title_style":"","ocean_post_title_background_color":"","ocean_post_title_background":0,"ocean_post_title_bg_image_position":"","ocean_post_title_bg_image_attachment":"","ocean_post_title_bg_image_repeat":"","ocean_post_title_bg_image_size":"","ocean_post_title_height":0,"ocean_post_title_bg_overlay":0.5,"ocean_post_title_bg_overlay_color":"","ocean_disable_breadcrumbs":"default","ocean_breadcrumbs_color":"","ocean_breadcrumbs_separator_color":"","ocean_breadcrumbs_links_color":"","ocean_breadcrumbs_links_hover_color":"","ocean_display_footer_widgets":"default","ocean_display_footer_bottom":"default","ocean_custom_footer_template":"0","footnotes":""},"class_list":["post-821","page","type-page","status-publish","hentry","entry"],"_links":{"self":[{"href":"https:\/\/globalmedi.co.uk\/pl\/wp-json\/wp\/v2\/pages\/821","targetHints":{"allow":["GET"]}}],"collection":[{"href":"https:\/\/globalmedi.co.uk\/pl\/wp-json\/wp\/v2\/pages"}],"about":[{"href":"https:\/\/globalmedi.co.uk\/pl\/wp-json\/wp\/v2\/types\/page"}],"author":[{"embeddable":true,"href":"https:\/\/globalmedi.co.uk\/pl\/wp-json\/wp\/v2\/users\/1"}],"replies":[{"embeddable":true,"href":"https:\/\/globalmedi.co.uk\/pl\/wp-json\/wp\/v2\/comments?post=821"}],"version-history":[{"count":32,"href":"https:\/\/globalmedi.co.uk\/pl\/wp-json\/wp\/v2\/pages\/821\/revisions"}],"predecessor-version":[{"id":1814,"href":"https:\/\/globalmedi.co.uk\/pl\/wp-json\/wp\/v2\/pages\/821\/revisions\/1814"}],"wp:attachment":[{"href":"https:\/\/globalmedi.co.uk\/pl\/wp-json\/wp\/v2\/media?parent=821"}],"curies":[{"name":"wp","href":"https:\/\/api.w.org\/{rel}","templated":true}]}}