{"id":800,"date":"2023-06-24T14:36:36","date_gmt":"2023-06-24T14:36:36","guid":{"rendered":"https:\/\/www.client.mydigitalcrew.com\/globalmedi\/?page_id=800"},"modified":"2023-09-30T14:38:16","modified_gmt":"2023-09-30T14:38:16","slug":"otoplasty","status":"publish","type":"page","link":"https:\/\/globalmedi.co.uk\/pl\/otoplasty\/","title":{"rendered":"Plastyka uszu"},"content":{"rendered":"\t\t<div data-elementor-type=\"wp-page\" data-elementor-id=\"800\" class=\"elementor elementor-800\">\n\t\t\t\t\t\t<section class=\"elementor-section elementor-top-section elementor-element elementor-element-d10fa46 elementor-section-full_width elementor-section-stretched elementor-section-height-default elementor-section-height-default\" data-id=\"d10fa46\" data-element_type=\"section\" data-settings=\"{&quot;stretch_section&quot;:&quot;section-stretched&quot;}\">\n\t\t\t\t\t\t<div class=\"elementor-container elementor-column-gap-default\">\n\t\t\t\t\t<div class=\"elementor-column elementor-col-50 elementor-top-column elementor-element elementor-element-de01229\" data-id=\"de01229\" data-element_type=\"column\" data-settings=\"{&quot;background_background&quot;:&quot;classic&quot;}\">\n\t\t\t<div class=\"elementor-widget-wrap elementor-element-populated\">\n\t\t\t\t\t\t<div class=\"elementor-element elementor-element-6d8622c elementor-widget elementor-widget-text-editor\" data-id=\"6d8622c\" data-element_type=\"widget\" data-widget_type=\"text-editor.default\">\n\t\t\t\t<div class=\"elementor-widget-container\">\n\t\t\t<style>\/*! elementor - v3.20.0 - 26-03-2024 *\/\n.elementor-widget-text-editor.elementor-drop-cap-view-stacked .elementor-drop-cap{background-color:#69727d;color:#fff}.elementor-widget-text-editor.elementor-drop-cap-view-framed .elementor-drop-cap{color:#69727d;border:3px solid;background-color:transparent}.elementor-widget-text-editor:not(.elementor-drop-cap-view-default) .elementor-drop-cap{margin-top:8px}.elementor-widget-text-editor:not(.elementor-drop-cap-view-default) .elementor-drop-cap-letter{width:1em;height:1em}.elementor-widget-text-editor .elementor-drop-cap{float:left;text-align:center;line-height:1;font-size:50px}.elementor-widget-text-editor .elementor-drop-cap-letter{display:inline-block}<\/style>\t\t\t\tPlastyka uszu, to zabieg, kt\u00f3ry ma na celu zmien\u0119 kszta\u0142tu i rozmiaru uszu lub korekcj\u0119 \nodstaj\u0105cych uszu. Zabieg ten mo\u017cna wykona\u0107 w ka\u017cdym wieku, licz\u0105c od momentu, gdy \nuszy osi\u0105gaj\u0105 pe\u0142ny rozmiar, co nast\u0119puje zazwyczaj po 5 roku \u017cycia. Plastyka uszu jest \nuwa\u017cana ze bezpieczn\u0105 operacj\u0119, ale zawsze nale\u017cy pami\u0119ta\u0107, by zdecydowa\u0107 si\u0119 na zabieg \nu wykwalifikowanego i certyfikowanego specjalisty. \t\t\t\t\t\t<\/div>\n\t\t\t\t<\/div>\n\t\t\t\t<div class=\"elementor-element elementor-element-5766612 elementor-widget elementor-widget-text-editor\" data-id=\"5766612\" data-element_type=\"widget\" data-widget_type=\"text-editor.default\">\n\t\t\t\t<div class=\"elementor-widget-container\">\n\t\t\t\t\t\t\tOperacja trwa 1 do 2 godzin, warto podkre\u015bli\u0107, \u017ce podczas niej, chirurg nie zmienia \npo\u0142o\u017cenia uszu ani nie ulega zmianie zdolno\u015b\u0107 s\u0142yszenia. Ca\u0142a procedura polega na \nwykonaniu ma\u0142ego naci\u0119cia za uchem lub usuni\u0119ciu niewielkich kawa\u0142k\u00f3w chrz\u0105stki usznej. \nPod koniec operacji, chirurg zak\u0142ada szwy z tylu ucha, tak aby ustawi\u0107 je pod odpowiednim \nkontem.\t\t\t\t\t\t<\/div>\n\t\t\t\t<\/div>\n\t\t\t\t<div class=\"elementor-element elementor-element-f2cefdd elementor-widget elementor-widget-text-editor\" data-id=\"f2cefdd\" data-element_type=\"widget\" data-widget_type=\"text-editor.default\">\n\t\t\t\t<div class=\"elementor-widget-container\">\n\t\t\t\t\t\t\tSkontaktuj si\u0119 z <a class=\"highlighted-text\" href=\"#\">nami<\/a>, je\u015bli chcesz dowiedzie\u0107 si\u0119 wi\u0119cej o zabiegu i procesie gojenia.\t\t\t\t\t\t<\/div>\n\t\t\t\t<\/div>\n\t\t\t\t\t<\/div>\n\t\t<\/div>\n\t\t\t\t<div class=\"elementor-column elementor-col-50 elementor-top-column elementor-element elementor-element-aa3d163\" data-id=\"aa3d163\" data-element_type=\"column\">\n\t\t\t<div class=\"elementor-widget-wrap elementor-element-populated\">\n\t\t\t\t\t\t<div class=\"elementor-element elementor-element-113b99a elementor-widget elementor-widget-image\" data-id=\"113b99a\" data-element_type=\"widget\" data-widget_type=\"image.default\">\n\t\t\t\t<div class=\"elementor-widget-container\">\n\t\t\t<style>\/*! elementor - v3.20.0 - 26-03-2024 *\/\n.elementor-widget-image{text-align:center}.elementor-widget-image a{display:inline-block}.elementor-widget-image a img[src$=\".svg\"]{width:48px}.elementor-widget-image img{vertical-align:middle;display:inline-block}<\/style>\t\t\t\t\t\t\t\t\t\t<img fetchpriority=\"high\" decoding=\"async\" width=\"1024\" height=\"682\" src=\"https:\/\/globalmedi.co.uk\/pl\/wp-content\/uploads\/2023\/07\/Otoplasty-1024x682.jpg\" class=\"attachment-large size-large wp-image-1079\" alt=\"\" srcset=\"https:\/\/globalmedi.co.uk\/pl\/wp-content\/uploads\/2023\/07\/Otoplasty-1024x682.jpg 1024w, https:\/\/globalmedi.co.uk\/pl\/wp-content\/uploads\/2023\/07\/Otoplasty-300x200.jpg 300w, https:\/\/globalmedi.co.uk\/pl\/wp-content\/uploads\/2023\/07\/Otoplasty-768x512.jpg 768w, https:\/\/globalmedi.co.uk\/pl\/wp-content\/uploads\/2023\/07\/Otoplasty.jpg 1484w\" sizes=\"(max-width: 1024px) 100vw, 1024px\" \/>\t\t\t\t\t\t\t\t\t\t\t\t\t<\/div>\n\t\t\t\t<\/div>\n\t\t\t\t\t<\/div>\n\t\t<\/div>\n\t\t\t\t\t<\/div>\n\t\t<\/section>\n\t\t\t\t<section class=\"elementor-section elementor-top-section elementor-element elementor-element-abdd406 elementor-section-full_width elementor-section-stretched elementor-hidden-desktop elementor-hidden-tablet elementor-hidden-mobile elementor-section-height-default elementor-section-height-default\" data-id=\"abdd406\" data-element_type=\"section\" data-settings=\"{&quot;stretch_section&quot;:&quot;section-stretched&quot;}\">\n\t\t\t\t\t\t<div class=\"elementor-container elementor-column-gap-default\">\n\t\t\t\t\t<div class=\"elementor-column elementor-col-50 elementor-top-column elementor-element elementor-element-293d8b3\" data-id=\"293d8b3\" data-element_type=\"column\" data-settings=\"{&quot;background_background&quot;:&quot;classic&quot;}\">\n\t\t\t<div class=\"elementor-widget-wrap elementor-element-populated\">\n\t\t\t\t\t\t<div class=\"elementor-element elementor-element-47e8838 elementor-widget elementor-widget-text-editor\" data-id=\"47e8838\" data-element_type=\"widget\" data-widget_type=\"text-editor.default\">\n\t\t\t\t<div class=\"elementor-widget-container\">\n\t\t\t\t\t\t\tIt also known as cosmetic ear surgery, is a procedure that alters the shape and size of the ears or pins them back if they stick out. Otoplasty can be done at any age after the ears reach full size, usually after age 5. Otoplasty is considered a safe procedure when performed by an experienced and licensed surgeon. Otoplasty takes 1 to 2 hours, and it won&#8217;t change the location of your ears or alter your ability to hear. The procedure usually involves making a small cut behind the ear or removing small pieces of cartilage. The surgeon will put stitches at the back of the ear to position or reshape the ears.\t\t\t\t\t\t<\/div>\n\t\t\t\t<\/div>\n\t\t\t\t\t<\/div>\n\t\t<\/div>\n\t\t\t\t<div class=\"elementor-column elementor-col-50 elementor-top-column elementor-element elementor-element-26da969\" data-id=\"26da969\" data-element_type=\"column\">\n\t\t\t<div class=\"elementor-widget-wrap elementor-element-populated\">\n\t\t\t\t\t\t<div class=\"elementor-element elementor-element-e18d350 elementor-widget elementor-widget-image\" data-id=\"e18d350\" data-element_type=\"widget\" data-widget_type=\"image.default\">\n\t\t\t\t<div class=\"elementor-widget-container\">\n\t\t\t\t\t\t\t\t\t\t\t\t\t<img fetchpriority=\"high\" decoding=\"async\" width=\"1024\" height=\"682\" src=\"https:\/\/globalmedi.co.uk\/pl\/wp-content\/uploads\/2023\/07\/Otoplasty-1024x682.jpg\" class=\"attachment-large size-large wp-image-1079\" alt=\"\" srcset=\"https:\/\/globalmedi.co.uk\/pl\/wp-content\/uploads\/2023\/07\/Otoplasty-1024x682.jpg 1024w, https:\/\/globalmedi.co.uk\/pl\/wp-content\/uploads\/2023\/07\/Otoplasty-300x200.jpg 300w, https:\/\/globalmedi.co.uk\/pl\/wp-content\/uploads\/2023\/07\/Otoplasty-768x512.jpg 768w, https:\/\/globalmedi.co.uk\/pl\/wp-content\/uploads\/2023\/07\/Otoplasty.jpg 1484w\" sizes=\"(max-width: 1024px) 100vw, 1024px\" \/>\t\t\t\t\t\t\t\t\t\t\t\t\t<\/div>\n\t\t\t\t<\/div>\n\t\t\t\t\t<\/div>\n\t\t<\/div>\n\t\t\t\t\t<\/div>\n\t\t<\/section>\n\t\t\t\t<section class=\"elementor-section elementor-top-section elementor-element elementor-element-b7130e5 elementor-section-full_width elementor-section-content-middle elementor-section-stretched elementor-reverse-mobile elementor-hidden-desktop elementor-hidden-tablet elementor-hidden-mobile elementor-section-height-default elementor-section-height-default\" data-id=\"b7130e5\" data-element_type=\"section\" data-settings=\"{&quot;stretch_section&quot;:&quot;section-stretched&quot;}\">\n\t\t\t\t\t\t<div class=\"elementor-container elementor-column-gap-default\">\n\t\t\t\t\t<div class=\"elementor-column elementor-col-50 elementor-top-column elementor-element elementor-element-5a6ceec\" data-id=\"5a6ceec\" data-element_type=\"column\">\n\t\t\t<div class=\"elementor-widget-wrap elementor-element-populated\">\n\t\t\t\t\t\t<div class=\"elementor-element elementor-element-db7ce06 elementor-widget elementor-widget-image\" data-id=\"db7ce06\" data-element_type=\"widget\" data-widget_type=\"image.default\">\n\t\t\t\t<div class=\"elementor-widget-container\">\n\t\t\t\t\t\t\t\t\t\t\t\t\t<img fetchpriority=\"high\" decoding=\"async\" width=\"1024\" height=\"682\" src=\"https:\/\/globalmedi.co.uk\/pl\/wp-content\/uploads\/2023\/07\/Otoplasty-1024x682.jpg\" class=\"attachment-large size-large wp-image-1079\" alt=\"\" srcset=\"https:\/\/globalmedi.co.uk\/pl\/wp-content\/uploads\/2023\/07\/Otoplasty-1024x682.jpg 1024w, https:\/\/globalmedi.co.uk\/pl\/wp-content\/uploads\/2023\/07\/Otoplasty-300x200.jpg 300w, https:\/\/globalmedi.co.uk\/pl\/wp-content\/uploads\/2023\/07\/Otoplasty-768x512.jpg 768w, https:\/\/globalmedi.co.uk\/pl\/wp-content\/uploads\/2023\/07\/Otoplasty.jpg 1484w\" sizes=\"(max-width: 1024px) 100vw, 1024px\" \/>\t\t\t\t\t\t\t\t\t\t\t\t\t<\/div>\n\t\t\t\t<\/div>\n\t\t\t\t\t<\/div>\n\t\t<\/div>\n\t\t\t\t<div class=\"elementor-column elementor-col-50 elementor-top-column elementor-element elementor-element-087f7b1\" data-id=\"087f7b1\" data-element_type=\"column\" data-settings=\"{&quot;background_background&quot;:&quot;classic&quot;}\">\n\t\t\t<div class=\"elementor-widget-wrap elementor-element-populated\">\n\t\t\t\t\t\t<div class=\"elementor-element elementor-element-81cd9b7 elementor-widget elementor-widget-heading\" data-id=\"81cd9b7\" data-element_type=\"widget\" data-widget_type=\"heading.default\">\n\t\t\t\t<div class=\"elementor-widget-container\">\n\t\t\t<style>\/*! elementor - v3.20.0 - 26-03-2024 *\/\n.elementor-heading-title{padding:0;margin:0;line-height:1}.elementor-widget-heading .elementor-heading-title[class*=elementor-size-]>a{color:inherit;font-size:inherit;line-height:inherit}.elementor-widget-heading .elementor-heading-title.elementor-size-small{font-size:15px}.elementor-widget-heading .elementor-heading-title.elementor-size-medium{font-size:19px}.elementor-widget-heading .elementor-heading-title.elementor-size-large{font-size:29px}.elementor-widget-heading .elementor-heading-title.elementor-size-xl{font-size:39px}.elementor-widget-heading .elementor-heading-title.elementor-size-xxl{font-size:59px}<\/style><h2 class=\"elementor-heading-title elementor-size-default\">Aftercare<\/h2>\t\t<\/div>\n\t\t\t\t<\/div>\n\t\t\t\t<div class=\"elementor-element elementor-element-1354618 elementor-widget elementor-widget-text-editor\" data-id=\"1354618\" data-element_type=\"widget\" data-widget_type=\"text-editor.default\">\n\t\t\t\t<div class=\"elementor-widget-container\">\n\t\t\t\t\t\t\tYou may be discharged from the clinic on the same day or the day after. You may feel soreness and numbness for the first weeks and bruising around the ears for 2 weeks. You may need a bandage around the head to help the ears heal in their new position. The bandage also protects the ears from infection, so keeping them clean and dry is crucial. It is essential to avoid contact sports for the 12 weeks after surgery.\t\t\t\t\t\t<\/div>\n\t\t\t\t<\/div>\n\t\t\t\t\t<\/div>\n\t\t<\/div>\n\t\t\t\t\t<\/div>\n\t\t<\/section>\n\t\t\t\t<section class=\"elementor-section elementor-top-section elementor-element elementor-element-479ef73 elementor-hidden-desktop elementor-hidden-tablet elementor-hidden-mobile elementor-section-boxed elementor-section-height-default elementor-section-height-default\" data-id=\"479ef73\" data-element_type=\"section\" data-settings=\"{&quot;background_background&quot;:&quot;classic&quot;}\">\n\t\t\t\t\t\t<div class=\"elementor-container elementor-column-gap-default\">\n\t\t\t\t\t<div class=\"elementor-column elementor-col-100 elementor-top-column elementor-element elementor-element-4c196e1\" data-id=\"4c196e1\" data-element_type=\"column\">\n\t\t\t<div class=\"elementor-widget-wrap elementor-element-populated\">\n\t\t\t\t\t\t<div class=\"elementor-element elementor-element-960a413 elementor-widget elementor-widget-heading\" data-id=\"960a413\" data-element_type=\"widget\" data-widget_type=\"heading.default\">\n\t\t\t\t<div class=\"elementor-widget-container\">\n\t\t\t<h2 class=\"elementor-heading-title elementor-size-default\">Contact Globalmedi for a quote and appointment<br> with certified specialists in the field<\/h2>\t\t<\/div>\n\t\t\t\t<\/div>\n\t\t\t\t<div class=\"elementor-element elementor-element-fd18be4 elementor-align-center elementor-widget elementor-widget-button\" data-id=\"fd18be4\" data-element_type=\"widget\" data-widget_type=\"button.default\">\n\t\t\t\t<div class=\"elementor-widget-container\">\n\t\t\t\t\t<div class=\"elementor-button-wrapper\">\n\t\t\t<a class=\"elementor-button elementor-button-link elementor-size-sm\" href=\"#\">\n\t\t\t\t\t\t<span class=\"elementor-button-content-wrapper\">\n\t\t\t\t\t\t<span class=\"elementor-button-icon elementor-align-icon-right\">\n\t\t\t\t<i aria-hidden=\"true\" class=\"fas fa-long-arrow-alt-right\"><\/i>\t\t\t<\/span>\n\t\t\t\t\t\t<span class=\"elementor-button-text\">Contact Now<\/span>\n\t\t<\/span>\n\t\t\t\t\t<\/a>\n\t\t<\/div>\n\t\t\t\t<\/div>\n\t\t\t\t<\/div>\n\t\t\t\t\t<\/div>\n\t\t<\/div>\n\t\t\t\t\t<\/div>\n\t\t<\/section>\n\t\t\t\t<\/div>\n\t\t","protected":false},"excerpt":{"rendered":"<p>Plastyka uszu, to zabieg, kt\u00f3ry ma na celu zmien\u0119 kszta\u0142tu i rozmiaru uszu lub korekcj\u0119 odstaj\u0105cych uszu. Zabieg ten mo\u017cna wykona\u0107 w ka\u017cdym wieku, licz\u0105c od momentu, gdy uszy osi\u0105gaj\u0105 pe\u0142ny rozmiar, co nast\u0119puje zazwyczaj po 5 roku \u017cycia. Plastyka uszu jest uwa\u017cana ze bezpieczn\u0105 operacj\u0119, ale zawsze nale\u017cy pami\u0119ta\u0107, by zdecydowa\u0107 si\u0119 na zabieg [&hellip;]<\/p>\n","protected":false},"author":1,"featured_media":0,"parent":0,"menu_order":0,"comment_status":"closed","ping_status":"closed","template":"","meta":{"ocean_post_layout":"","ocean_both_sidebars_style":"","ocean_both_sidebars_content_width":0,"ocean_both_sidebars_sidebars_width":0,"ocean_sidebar":"0","ocean_second_sidebar":"0","ocean_disable_margins":"on","ocean_add_body_class":"","ocean_shortcode_before_top_bar":"","ocean_shortcode_after_top_bar":"","ocean_shortcode_before_header":"","ocean_shortcode_after_header":"","ocean_has_shortcode":"","ocean_shortcode_after_title":"","ocean_shortcode_before_footer_widgets":"","ocean_shortcode_after_footer_widgets":"","ocean_shortcode_before_footer_bottom":"","ocean_shortcode_after_footer_bottom":"","ocean_display_top_bar":"default","ocean_display_header":"default","ocean_header_style":"","ocean_center_header_left_menu":"0","ocean_custom_header_template":"0","ocean_custom_logo":0,"ocean_custom_retina_logo":0,"ocean_custom_logo_max_width":0,"ocean_custom_logo_tablet_max_width":0,"ocean_custom_logo_mobile_max_width":0,"ocean_custom_logo_max_height":0,"ocean_custom_logo_tablet_max_height":0,"ocean_custom_logo_mobile_max_height":0,"ocean_header_custom_menu":"0","ocean_menu_typo_font_family":"0","ocean_menu_typo_font_subset":"","ocean_menu_typo_font_size":0,"ocean_menu_typo_font_size_tablet":0,"ocean_menu_typo_font_size_mobile":0,"ocean_menu_typo_font_size_unit":"px","ocean_menu_typo_font_weight":"","ocean_menu_typo_font_weight_tablet":"","ocean_menu_typo_font_weight_mobile":"","ocean_menu_typo_transform":"","ocean_menu_typo_transform_tablet":"","ocean_menu_typo_transform_mobile":"","ocean_menu_typo_line_height":0,"ocean_menu_typo_line_height_tablet":0,"ocean_menu_typo_line_height_mobile":0,"ocean_menu_typo_line_height_unit":"","ocean_menu_typo_spacing":0,"ocean_menu_typo_spacing_tablet":0,"ocean_menu_typo_spacing_mobile":0,"ocean_menu_typo_spacing_unit":"","ocean_menu_link_color":"","ocean_menu_link_color_hover":"","ocean_menu_link_color_active":"","ocean_menu_link_background":"","ocean_menu_link_hover_background":"","ocean_menu_link_active_background":"","ocean_menu_social_links_bg":"","ocean_menu_social_hover_links_bg":"","ocean_menu_social_links_color":"","ocean_menu_social_hover_links_color":"","ocean_disable_title":"default","ocean_disable_heading":"default","ocean_post_title":"","ocean_post_subheading":"","ocean_post_title_style":"","ocean_post_title_background_color":"","ocean_post_title_background":0,"ocean_post_title_bg_image_position":"","ocean_post_title_bg_image_attachment":"","ocean_post_title_bg_image_repeat":"","ocean_post_title_bg_image_size":"","ocean_post_title_height":0,"ocean_post_title_bg_overlay":0.5,"ocean_post_title_bg_overlay_color":"","ocean_disable_breadcrumbs":"default","ocean_breadcrumbs_color":"","ocean_breadcrumbs_separator_color":"","ocean_breadcrumbs_links_color":"","ocean_breadcrumbs_links_hover_color":"","ocean_display_footer_widgets":"default","ocean_display_footer_bottom":"default","ocean_custom_footer_template":"0","footnotes":""},"class_list":["post-800","page","type-page","status-publish","hentry","entry"],"_links":{"self":[{"href":"https:\/\/globalmedi.co.uk\/pl\/wp-json\/wp\/v2\/pages\/800","targetHints":{"allow":["GET"]}}],"collection":[{"href":"https:\/\/globalmedi.co.uk\/pl\/wp-json\/wp\/v2\/pages"}],"about":[{"href":"https:\/\/globalmedi.co.uk\/pl\/wp-json\/wp\/v2\/types\/page"}],"author":[{"embeddable":true,"href":"https:\/\/globalmedi.co.uk\/pl\/wp-json\/wp\/v2\/users\/1"}],"replies":[{"embeddable":true,"href":"https:\/\/globalmedi.co.uk\/pl\/wp-json\/wp\/v2\/comments?post=800"}],"version-history":[{"count":30,"href":"https:\/\/globalmedi.co.uk\/pl\/wp-json\/wp\/v2\/pages\/800\/revisions"}],"predecessor-version":[{"id":1828,"href":"https:\/\/globalmedi.co.uk\/pl\/wp-json\/wp\/v2\/pages\/800\/revisions\/1828"}],"wp:attachment":[{"href":"https:\/\/globalmedi.co.uk\/pl\/wp-json\/wp\/v2\/media?parent=800"}],"curies":[{"name":"wp","href":"https:\/\/api.w.org\/{rel}","templated":true}]}}