{"id":626,"date":"2023-06-22T16:57:14","date_gmt":"2023-06-22T16:57:14","guid":{"rendered":"https:\/\/www.client.mydigitalcrew.com\/globalmedi\/?page_id=626"},"modified":"2023-09-19T14:59:17","modified_gmt":"2023-09-19T14:59:17","slug":"wisdom-tooth-extraction","status":"publish","type":"page","link":"https:\/\/globalmedi.co.uk\/pl\/wisdom-tooth-extraction\/","title":{"rendered":"Ekstrakcja ze\u0328b\u00f3w ma\u0328dros\u0301ci"},"content":{"rendered":"\t\t<div data-elementor-type=\"wp-page\" data-elementor-id=\"626\" class=\"elementor elementor-626\">\n\t\t\t\t\t\t<section class=\"elementor-section elementor-top-section elementor-element elementor-element-45b94a3 elementor-section-full_width elementor-section-stretched elementor-section-height-default elementor-section-height-default\" data-id=\"45b94a3\" data-element_type=\"section\" data-settings=\"{&quot;stretch_section&quot;:&quot;section-stretched&quot;}\">\n\t\t\t\t\t\t<div class=\"elementor-container elementor-column-gap-default\">\n\t\t\t\t\t<div class=\"elementor-column elementor-col-50 elementor-top-column elementor-element elementor-element-6184d0e\" data-id=\"6184d0e\" data-element_type=\"column\" data-settings=\"{&quot;background_background&quot;:&quot;classic&quot;}\">\n\t\t\t<div class=\"elementor-widget-wrap elementor-element-populated\">\n\t\t\t\t\t\t<div class=\"elementor-element elementor-element-d565bde elementor-widget elementor-widget-text-editor\" data-id=\"d565bde\" data-element_type=\"widget\" data-widget_type=\"text-editor.default\">\n\t\t\t\t<div class=\"elementor-widget-container\">\n\t\t\t<style>\/*! elementor - v3.20.0 - 26-03-2024 *\/\n.elementor-widget-text-editor.elementor-drop-cap-view-stacked .elementor-drop-cap{background-color:#69727d;color:#fff}.elementor-widget-text-editor.elementor-drop-cap-view-framed .elementor-drop-cap{color:#69727d;border:3px solid;background-color:transparent}.elementor-widget-text-editor:not(.elementor-drop-cap-view-default) .elementor-drop-cap{margin-top:8px}.elementor-widget-text-editor:not(.elementor-drop-cap-view-default) .elementor-drop-cap-letter{width:1em;height:1em}.elementor-widget-text-editor .elementor-drop-cap{float:left;text-align:center;line-height:1;font-size:50px}.elementor-widget-text-editor .elementor-drop-cap-letter{display:inline-block}<\/style>\t\t\t\tZ\u0119by m\u0105dro\u015bci zaliczane s\u0105 do narz\u0105d\u00f3w szcz\u0105tkowych, oznacza to, \u017ce w trakcie ewolucji \nzatraci\u0142y one swoj\u0105 funkcj\u0119. Zdarza si\u0119, \u017ce proces wyrzynania si\u0119 \u00f3semki (z\u0119ba m\u0105dro\u015bci) \nzostaje zatrzymany. W tym przypadku z\u0105b jest niewidoczny, ale znajduje si\u0119 w dzi\u0105\u015ble. \nZabieg ekstrakcji polega na naci\u0119ciu b\u0142ony \u015bluzowej, odseparowania jej od z\u0119ba i ko\u015bci. \nEkstrakcja musi zosta\u0107 wykonana przez wykwalifikowanego chirurga stomatologa. Podczas \nekstrakcji stosuje si\u0119 znieczulenie miejscowe, nast\u0119pnie wykonywana jest drobna operacja. \nTkanka i ko\u015b\u0107 wok\u00f3\u0142 z\u0119ba m\u0105dro\u015bci s\u0105 usuwane, aby usun\u0105\u0107 z\u0105b. Mo\u017ce okaza\u0107 si\u0119, \u017ce po \nzabiegu konieczne b\u0119dzie za\u0142o\u017cenie kilka szw\u00f3w. \t\t\t\t\t\t<\/div>\n\t\t\t\t<\/div>\n\t\t\t\t<div class=\"elementor-element elementor-element-360bd2b elementor-widget elementor-widget-text-editor\" data-id=\"360bd2b\" data-element_type=\"widget\" data-widget_type=\"text-editor.default\">\n\t\t\t\t<div class=\"elementor-widget-container\">\n\t\t\t\t\t\t\tSkontaktuj si\u0119 z <a class=\"highlighted-text\" href=\"#\">nami<\/a>, je\u015bli chcesz dowiedzie\u0107 si\u0119 wi\u0119cej o zabiegu i procesie gojenia.\t\t\t\t\t\t<\/div>\n\t\t\t\t<\/div>\n\t\t\t\t\t<\/div>\n\t\t<\/div>\n\t\t\t\t<div class=\"elementor-column elementor-col-50 elementor-top-column elementor-element elementor-element-9cc06e5\" data-id=\"9cc06e5\" data-element_type=\"column\">\n\t\t\t<div class=\"elementor-widget-wrap elementor-element-populated\">\n\t\t\t\t\t\t<div class=\"elementor-element elementor-element-fe0d876 elementor-widget elementor-widget-image\" data-id=\"fe0d876\" data-element_type=\"widget\" data-widget_type=\"image.default\">\n\t\t\t\t<div class=\"elementor-widget-container\">\n\t\t\t<style>\/*! elementor - v3.20.0 - 26-03-2024 *\/\n.elementor-widget-image{text-align:center}.elementor-widget-image a{display:inline-block}.elementor-widget-image a img[src$=\".svg\"]{width:48px}.elementor-widget-image img{vertical-align:middle;display:inline-block}<\/style>\t\t\t\t\t\t\t\t\t\t<img fetchpriority=\"high\" decoding=\"async\" width=\"1024\" height=\"678\" src=\"https:\/\/globalmedi.co.uk\/pl\/wp-content\/uploads\/2023\/07\/Wisdom-tooth-extraction-1024x678.jpg\" class=\"attachment-large size-large wp-image-1488\" alt=\"\" srcset=\"https:\/\/globalmedi.co.uk\/pl\/wp-content\/uploads\/2023\/07\/Wisdom-tooth-extraction-1024x678.jpg 1024w, https:\/\/globalmedi.co.uk\/pl\/wp-content\/uploads\/2023\/07\/Wisdom-tooth-extraction-300x199.jpg 300w, https:\/\/globalmedi.co.uk\/pl\/wp-content\/uploads\/2023\/07\/Wisdom-tooth-extraction-768x509.jpg 768w, https:\/\/globalmedi.co.uk\/pl\/wp-content\/uploads\/2023\/07\/Wisdom-tooth-extraction-1536x1018.jpg 1536w, https:\/\/globalmedi.co.uk\/pl\/wp-content\/uploads\/2023\/07\/Wisdom-tooth-extraction-2048x1357.jpg 2048w\" sizes=\"(max-width: 1024px) 100vw, 1024px\" \/>\t\t\t\t\t\t\t\t\t\t\t\t\t<\/div>\n\t\t\t\t<\/div>\n\t\t\t\t\t<\/div>\n\t\t<\/div>\n\t\t\t\t\t<\/div>\n\t\t<\/section>\n\t\t\t\t<section class=\"elementor-section elementor-top-section elementor-element elementor-element-43ceb12 elementor-section-full_width elementor-section-stretched elementor-hidden-desktop elementor-hidden-tablet elementor-hidden-mobile elementor-section-height-default elementor-section-height-default\" data-id=\"43ceb12\" data-element_type=\"section\" data-settings=\"{&quot;stretch_section&quot;:&quot;section-stretched&quot;}\">\n\t\t\t\t\t\t<div class=\"elementor-container elementor-column-gap-default\">\n\t\t\t\t\t<div class=\"elementor-column elementor-col-50 elementor-top-column elementor-element elementor-element-43dbce5\" data-id=\"43dbce5\" data-element_type=\"column\" data-settings=\"{&quot;background_background&quot;:&quot;classic&quot;}\">\n\t\t\t<div class=\"elementor-widget-wrap elementor-element-populated\">\n\t\t\t\t\t\t<div class=\"elementor-element elementor-element-0d1b781 elementor-widget elementor-widget-text-editor\" data-id=\"0d1b781\" data-element_type=\"widget\" data-widget_type=\"text-editor.default\">\n\t\t\t\t<div class=\"elementor-widget-container\">\n\t\t\t\t\t\t\tThe four-third molars found in the permanent adult teeth are known as wisdom teeth. These teeth are the last in the dental bridge. Wisdom teeth are found in most people, but they may never develop in any of the third molars. Most wisdom teeth evolve through the gingiva between the ages of 16-23. Sometimes, a person will feel the presence of the wisdom teeth before they can envision them in their mouth. Erupting wisdom teeth will normally produce throbbing in the jaws. Extraction of a wisdom tooth is identified if the tooth has partially emerged through the gingival tissue, leading to inflammation or infection. This condition is known as a partially erupted or partially affected wisdom tooth. A soft tissue growth over semi erupted wisdom tooth is known as the operculum. If bacteria become confined under the operculum, an infection called pericoronitis may occur. \t\t\t\t\t\t<\/div>\n\t\t\t\t<\/div>\n\t\t\t\t\t<\/div>\n\t\t<\/div>\n\t\t\t\t<div class=\"elementor-column elementor-col-50 elementor-top-column elementor-element elementor-element-a33355d\" data-id=\"a33355d\" data-element_type=\"column\">\n\t\t\t<div class=\"elementor-widget-wrap elementor-element-populated\">\n\t\t\t\t\t\t<div class=\"elementor-element elementor-element-ec9fac8 elementor-widget elementor-widget-image\" data-id=\"ec9fac8\" data-element_type=\"widget\" data-widget_type=\"image.default\">\n\t\t\t\t<div class=\"elementor-widget-container\">\n\t\t\t\t\t\t\t\t\t\t\t\t\t<img decoding=\"async\" width=\"1024\" height=\"683\" src=\"https:\/\/globalmedi.co.uk\/pl\/wp-content\/uploads\/2023\/06\/Dentistry-1-1024x683.jpg\" class=\"attachment-large size-large wp-image-970\" alt=\"\" srcset=\"https:\/\/globalmedi.co.uk\/pl\/wp-content\/uploads\/2023\/06\/Dentistry-1-1024x683.jpg 1024w, https:\/\/globalmedi.co.uk\/pl\/wp-content\/uploads\/2023\/06\/Dentistry-1-300x200.jpg 300w, https:\/\/globalmedi.co.uk\/pl\/wp-content\/uploads\/2023\/06\/Dentistry-1-768x512.jpg 768w, https:\/\/globalmedi.co.uk\/pl\/wp-content\/uploads\/2023\/06\/Dentistry-1-1536x1025.jpg 1536w, https:\/\/globalmedi.co.uk\/pl\/wp-content\/uploads\/2023\/06\/Dentistry-1-2048x1367.jpg 2048w\" sizes=\"(max-width: 1024px) 100vw, 1024px\" \/>\t\t\t\t\t\t\t\t\t\t\t\t\t<\/div>\n\t\t\t\t<\/div>\n\t\t\t\t\t<\/div>\n\t\t<\/div>\n\t\t\t\t\t<\/div>\n\t\t<\/section>\n\t\t\t\t<section class=\"elementor-section elementor-top-section elementor-element elementor-element-dfbb784 elementor-section-full_width elementor-section-stretched elementor-hidden-desktop elementor-hidden-tablet elementor-hidden-mobile elementor-section-height-default elementor-section-height-default\" data-id=\"dfbb784\" data-element_type=\"section\" data-settings=\"{&quot;stretch_section&quot;:&quot;section-stretched&quot;,&quot;background_background&quot;:&quot;classic&quot;}\">\n\t\t\t\t\t\t<div class=\"elementor-container elementor-column-gap-default\">\n\t\t\t\t\t<div class=\"elementor-column elementor-col-100 elementor-top-column elementor-element elementor-element-07c5a21\" data-id=\"07c5a21\" data-element_type=\"column\">\n\t\t\t<div class=\"elementor-widget-wrap elementor-element-populated\">\n\t\t\t\t\t\t<div class=\"elementor-element elementor-element-a8deb6e elementor-widget elementor-widget-heading\" data-id=\"a8deb6e\" data-element_type=\"widget\" data-widget_type=\"heading.default\">\n\t\t\t\t<div class=\"elementor-widget-container\">\n\t\t\t<style>\/*! elementor - v3.20.0 - 26-03-2024 *\/\n.elementor-heading-title{padding:0;margin:0;line-height:1}.elementor-widget-heading .elementor-heading-title[class*=elementor-size-]>a{color:inherit;font-size:inherit;line-height:inherit}.elementor-widget-heading .elementor-heading-title.elementor-size-small{font-size:15px}.elementor-widget-heading .elementor-heading-title.elementor-size-medium{font-size:19px}.elementor-widget-heading .elementor-heading-title.elementor-size-large{font-size:29px}.elementor-widget-heading .elementor-heading-title.elementor-size-xl{font-size:39px}.elementor-widget-heading .elementor-heading-title.elementor-size-xxl{font-size:59px}<\/style><h2 class=\"elementor-heading-title elementor-size-default\">Procedure<\/h2>\t\t<\/div>\n\t\t\t\t<\/div>\n\t\t\t\t<div class=\"elementor-element elementor-element-bc4b182 elementor-widget elementor-widget-text-editor\" data-id=\"bc4b182\" data-element_type=\"widget\" data-widget_type=\"text-editor.default\">\n\t\t\t\t<div class=\"elementor-widget-container\">\n\t\t\t\t\t\t\t Once it has been ascertained that a wisdom tooth is troublesome, extraction by a qualified dentist may be suggested. During extraction, local anaesthesia is used to ensure the tooth can be removed without any significant inconvenience. Next, minor surgery is performed. The tissue and bone around the wisdom tooth are removed so the tooth can be cleanly extracted from the opening. Several incisions may be needed to close the surgical site and allow tissue healing. Incisions may dissolvable after 3-5 days or incisions that need to be removed by the surgeon after a specific period. \t\t\t\t\t\t<\/div>\n\t\t\t\t<\/div>\n\t\t\t\t\t<\/div>\n\t\t<\/div>\n\t\t\t\t\t<\/div>\n\t\t<\/section>\n\t\t\t\t<section class=\"elementor-section elementor-top-section elementor-element elementor-element-e9cf165 elementor-section-full_width elementor-section-stretched elementor-hidden-desktop elementor-hidden-tablet elementor-hidden-mobile elementor-section-height-default elementor-section-height-default\" data-id=\"e9cf165\" data-element_type=\"section\" data-settings=\"{&quot;stretch_section&quot;:&quot;section-stretched&quot;}\">\n\t\t\t\t\t\t<div class=\"elementor-container elementor-column-gap-default\">\n\t\t\t\t\t<div class=\"elementor-column elementor-col-50 elementor-top-column elementor-element elementor-element-650453e\" data-id=\"650453e\" data-element_type=\"column\" data-settings=\"{&quot;background_background&quot;:&quot;classic&quot;}\">\n\t\t\t<div class=\"elementor-widget-wrap elementor-element-populated\">\n\t\t\t\t\t\t<div class=\"elementor-element elementor-element-0c33db0 elementor-widget elementor-widget-heading\" data-id=\"0c33db0\" data-element_type=\"widget\" data-widget_type=\"heading.default\">\n\t\t\t\t<div class=\"elementor-widget-container\">\n\t\t\t<h2 class=\"elementor-heading-title elementor-size-default\">Recovery<\/h2>\t\t<\/div>\n\t\t\t\t<\/div>\n\t\t\t\t<div class=\"elementor-element elementor-element-4b3d3a4 elementor-widget elementor-widget-text-editor\" data-id=\"4b3d3a4\" data-element_type=\"widget\" data-widget_type=\"text-editor.default\">\n\t\t\t\t<div class=\"elementor-widget-container\">\n\t\t\t\t\t\t\tWisdom Tooth Extraction recovery takes about three to five days. The slight bleeding after extraction will stop after the first 24 hours. When the effect of anaesthesia fades away, there can be jaw stiffness, a problem with opening the mouth and some pain. Painkillers and antibiotics are prescribed to deal with any postoperative symptoms and discomfort. The patient will be advised to eat soft foods for a few days and avoid spicy food, tobacco and alcohol and vigorous exercise three to four days after the surgery. The full recovery time for wisdom tooth extraction is 3-4 weeks.\t\t\t\t\t\t<\/div>\n\t\t\t\t<\/div>\n\t\t\t\t\t<\/div>\n\t\t<\/div>\n\t\t\t\t<div class=\"elementor-column elementor-col-50 elementor-top-column elementor-element elementor-element-f99d4f7\" data-id=\"f99d4f7\" data-element_type=\"column\">\n\t\t\t<div class=\"elementor-widget-wrap elementor-element-populated\">\n\t\t\t\t\t\t<div class=\"elementor-element elementor-element-4c7bdbf elementor-widget elementor-widget-image\" data-id=\"4c7bdbf\" data-element_type=\"widget\" data-widget_type=\"image.default\">\n\t\t\t\t<div class=\"elementor-widget-container\">\n\t\t\t\t\t\t\t\t\t\t\t\t\t<img decoding=\"async\" width=\"1024\" height=\"683\" src=\"https:\/\/globalmedi.co.uk\/pl\/wp-content\/uploads\/2023\/06\/Dentistry-2-1024x683.jpg\" class=\"attachment-large size-large wp-image-971\" alt=\"\" srcset=\"https:\/\/globalmedi.co.uk\/pl\/wp-content\/uploads\/2023\/06\/Dentistry-2-1024x683.jpg 1024w, https:\/\/globalmedi.co.uk\/pl\/wp-content\/uploads\/2023\/06\/Dentistry-2-300x200.jpg 300w, https:\/\/globalmedi.co.uk\/pl\/wp-content\/uploads\/2023\/06\/Dentistry-2-768x512.jpg 768w, https:\/\/globalmedi.co.uk\/pl\/wp-content\/uploads\/2023\/06\/Dentistry-2-1536x1024.jpg 1536w, https:\/\/globalmedi.co.uk\/pl\/wp-content\/uploads\/2023\/06\/Dentistry-2.jpg 2016w\" sizes=\"(max-width: 1024px) 100vw, 1024px\" \/>\t\t\t\t\t\t\t\t\t\t\t\t\t<\/div>\n\t\t\t\t<\/div>\n\t\t\t\t\t<\/div>\n\t\t<\/div>\n\t\t\t\t\t<\/div>\n\t\t<\/section>\n\t\t\t\t<section class=\"elementor-section elementor-top-section elementor-element elementor-element-7291423 elementor-hidden-desktop elementor-hidden-tablet elementor-hidden-mobile elementor-section-boxed elementor-section-height-default elementor-section-height-default\" data-id=\"7291423\" data-element_type=\"section\" data-settings=\"{&quot;background_background&quot;:&quot;classic&quot;}\">\n\t\t\t\t\t\t<div class=\"elementor-container elementor-column-gap-default\">\n\t\t\t\t\t<div class=\"elementor-column elementor-col-100 elementor-top-column elementor-element elementor-element-e685f16\" data-id=\"e685f16\" data-element_type=\"column\">\n\t\t\t<div class=\"elementor-widget-wrap elementor-element-populated\">\n\t\t\t\t\t\t<div class=\"elementor-element elementor-element-0b2d2b3 elementor-widget elementor-widget-heading\" data-id=\"0b2d2b3\" data-element_type=\"widget\" data-widget_type=\"heading.default\">\n\t\t\t\t<div class=\"elementor-widget-container\">\n\t\t\t<h2 class=\"elementor-heading-title elementor-size-default\">Contact Globalmedi for a quote and appointment<br> with certified specialists in the field<\/h2>\t\t<\/div>\n\t\t\t\t<\/div>\n\t\t\t\t<div class=\"elementor-element elementor-element-bfe6b6a elementor-align-center elementor-widget elementor-widget-button\" data-id=\"bfe6b6a\" data-element_type=\"widget\" data-widget_type=\"button.default\">\n\t\t\t\t<div class=\"elementor-widget-container\">\n\t\t\t\t\t<div class=\"elementor-button-wrapper\">\n\t\t\t<a class=\"elementor-button elementor-button-link elementor-size-sm\" href=\"#\">\n\t\t\t\t\t\t<span class=\"elementor-button-content-wrapper\">\n\t\t\t\t\t\t<span class=\"elementor-button-icon elementor-align-icon-right\">\n\t\t\t\t<i aria-hidden=\"true\" class=\"fas fa-long-arrow-alt-right\"><\/i>\t\t\t<\/span>\n\t\t\t\t\t\t<span class=\"elementor-button-text\">Contact Now<\/span>\n\t\t<\/span>\n\t\t\t\t\t<\/a>\n\t\t<\/div>\n\t\t\t\t<\/div>\n\t\t\t\t<\/div>\n\t\t\t\t\t<\/div>\n\t\t<\/div>\n\t\t\t\t\t<\/div>\n\t\t<\/section>\n\t\t\t\t<\/div>\n\t\t","protected":false},"excerpt":{"rendered":"<p>Z\u0119by m\u0105dro\u015bci zaliczane s\u0105 do narz\u0105d\u00f3w szcz\u0105tkowych, oznacza to, \u017ce w trakcie ewolucji zatraci\u0142y one swoj\u0105 funkcj\u0119. Zdarza si\u0119, \u017ce proces wyrzynania si\u0119 \u00f3semki (z\u0119ba m\u0105dro\u015bci) zostaje zatrzymany. W tym przypadku z\u0105b jest niewidoczny, ale znajduje si\u0119 w dzi\u0105\u015ble. Zabieg ekstrakcji polega na naci\u0119ciu b\u0142ony \u015bluzowej, odseparowania jej od z\u0119ba i ko\u015bci. Ekstrakcja musi zosta\u0107 [&hellip;]<\/p>\n","protected":false},"author":1,"featured_media":0,"parent":0,"menu_order":0,"comment_status":"closed","ping_status":"closed","template":"","meta":{"ocean_post_layout":"","ocean_both_sidebars_style":"","ocean_both_sidebars_content_width":0,"ocean_both_sidebars_sidebars_width":0,"ocean_sidebar":"0","ocean_second_sidebar":"0","ocean_disable_margins":"on","ocean_add_body_class":"","ocean_shortcode_before_top_bar":"","ocean_shortcode_after_top_bar":"","ocean_shortcode_before_header":"","ocean_shortcode_after_header":"","ocean_has_shortcode":"","ocean_shortcode_after_title":"","ocean_shortcode_before_footer_widgets":"","ocean_shortcode_after_footer_widgets":"","ocean_shortcode_before_footer_bottom":"","ocean_shortcode_after_footer_bottom":"","ocean_display_top_bar":"default","ocean_display_header":"default","ocean_header_style":"","ocean_center_header_left_menu":"0","ocean_custom_header_template":"0","ocean_custom_logo":0,"ocean_custom_retina_logo":0,"ocean_custom_logo_max_width":0,"ocean_custom_logo_tablet_max_width":0,"ocean_custom_logo_mobile_max_width":0,"ocean_custom_logo_max_height":0,"ocean_custom_logo_tablet_max_height":0,"ocean_custom_logo_mobile_max_height":0,"ocean_header_custom_menu":"0","ocean_menu_typo_font_family":"0","ocean_menu_typo_font_subset":"","ocean_menu_typo_font_size":0,"ocean_menu_typo_font_size_tablet":0,"ocean_menu_typo_font_size_mobile":0,"ocean_menu_typo_font_size_unit":"px","ocean_menu_typo_font_weight":"","ocean_menu_typo_font_weight_tablet":"","ocean_menu_typo_font_weight_mobile":"","ocean_menu_typo_transform":"","ocean_menu_typo_transform_tablet":"","ocean_menu_typo_transform_mobile":"","ocean_menu_typo_line_height":0,"ocean_menu_typo_line_height_tablet":0,"ocean_menu_typo_line_height_mobile":0,"ocean_menu_typo_line_height_unit":"","ocean_menu_typo_spacing":0,"ocean_menu_typo_spacing_tablet":0,"ocean_menu_typo_spacing_mobile":0,"ocean_menu_typo_spacing_unit":"","ocean_menu_link_color":"","ocean_menu_link_color_hover":"","ocean_menu_link_color_active":"","ocean_menu_link_background":"","ocean_menu_link_hover_background":"","ocean_menu_link_active_background":"","ocean_menu_social_links_bg":"","ocean_menu_social_hover_links_bg":"","ocean_menu_social_links_color":"","ocean_menu_social_hover_links_color":"","ocean_disable_title":"default","ocean_disable_heading":"default","ocean_post_title":"","ocean_post_subheading":"","ocean_post_title_style":"","ocean_post_title_background_color":"","ocean_post_title_background":0,"ocean_post_title_bg_image_position":"","ocean_post_title_bg_image_attachment":"","ocean_post_title_bg_image_repeat":"","ocean_post_title_bg_image_size":"","ocean_post_title_height":0,"ocean_post_title_bg_overlay":0.5,"ocean_post_title_bg_overlay_color":"","ocean_disable_breadcrumbs":"default","ocean_breadcrumbs_color":"","ocean_breadcrumbs_separator_color":"","ocean_breadcrumbs_links_color":"","ocean_breadcrumbs_links_hover_color":"","ocean_display_footer_widgets":"default","ocean_display_footer_bottom":"default","ocean_custom_footer_template":"0","footnotes":""},"class_list":["post-626","page","type-page","status-publish","hentry","entry"],"_links":{"self":[{"href":"https:\/\/globalmedi.co.uk\/pl\/wp-json\/wp\/v2\/pages\/626","targetHints":{"allow":["GET"]}}],"collection":[{"href":"https:\/\/globalmedi.co.uk\/pl\/wp-json\/wp\/v2\/pages"}],"about":[{"href":"https:\/\/globalmedi.co.uk\/pl\/wp-json\/wp\/v2\/types\/page"}],"author":[{"embeddable":true,"href":"https:\/\/globalmedi.co.uk\/pl\/wp-json\/wp\/v2\/users\/1"}],"replies":[{"embeddable":true,"href":"https:\/\/globalmedi.co.uk\/pl\/wp-json\/wp\/v2\/comments?post=626"}],"version-history":[{"count":32,"href":"https:\/\/globalmedi.co.uk\/pl\/wp-json\/wp\/v2\/pages\/626\/revisions"}],"predecessor-version":[{"id":1816,"href":"https:\/\/globalmedi.co.uk\/pl\/wp-json\/wp\/v2\/pages\/626\/revisions\/1816"}],"wp:attachment":[{"href":"https:\/\/globalmedi.co.uk\/pl\/wp-json\/wp\/v2\/media?parent=626"}],"curies":[{"name":"wp","href":"https:\/\/api.w.org\/{rel}","templated":true}]}}