{"id":855,"date":"2023-06-24T15:02:53","date_gmt":"2023-06-24T15:02:53","guid":{"rendered":"https:\/\/www.client.mydigitalcrew.com\/globalmedi\/?page_id=855"},"modified":"2023-09-19T13:57:04","modified_gmt":"2023-09-19T13:57:04","slug":"crysts-and-tumours-of-oral-cavity","status":"publish","type":"page","link":"https:\/\/globalmedi.co.uk\/fr\/crysts-and-tumours-of-oral-cavity\/","title":{"rendered":"Kystes Et Tumeurs De La Cavit\u00e9 Buccale"},"content":{"rendered":"\t\t<div data-elementor-type=\"wp-page\" data-elementor-id=\"855\" class=\"elementor elementor-855\">\n\t\t\t\t\t\t<section class=\"elementor-section elementor-top-section elementor-element elementor-element-a6e95cc elementor-section-full_width elementor-section-stretched elementor-section-height-default elementor-section-height-default\" data-id=\"a6e95cc\" data-element_type=\"section\" data-settings=\"{&quot;stretch_section&quot;:&quot;section-stretched&quot;}\">\n\t\t\t\t\t\t<div class=\"elementor-container elementor-column-gap-default\">\n\t\t\t\t\t<div class=\"elementor-column elementor-col-50 elementor-top-column elementor-element elementor-element-3cd3a58\" data-id=\"3cd3a58\" data-element_type=\"column\" data-settings=\"{&quot;background_background&quot;:&quot;classic&quot;}\">\n\t\t\t<div class=\"elementor-widget-wrap elementor-element-populated\">\n\t\t\t\t\t\t<div class=\"elementor-element elementor-element-a4f5267 elementor-widget elementor-widget-text-editor\" data-id=\"a4f5267\" data-element_type=\"widget\" data-widget_type=\"text-editor.default\">\n\t\t\t\t<div class=\"elementor-widget-container\">\n\t\t\t<style>\/*! elementor - v3.20.0 - 26-03-2024 *\/\n.elementor-widget-text-editor.elementor-drop-cap-view-stacked .elementor-drop-cap{background-color:#69727d;color:#fff}.elementor-widget-text-editor.elementor-drop-cap-view-framed .elementor-drop-cap{color:#69727d;border:3px solid;background-color:transparent}.elementor-widget-text-editor:not(.elementor-drop-cap-view-default) .elementor-drop-cap{margin-top:8px}.elementor-widget-text-editor:not(.elementor-drop-cap-view-default) .elementor-drop-cap-letter{width:1em;height:1em}.elementor-widget-text-editor .elementor-drop-cap{float:left;text-align:center;line-height:1;font-size:50px}.elementor-widget-text-editor .elementor-drop-cap-letter{display:inline-block}<\/style>\t\t\t\tLes l\u00e9sions kystiques des m\u00e2choires sont des changements\npathologiques courants. Ce groupe de l\u00e9sions comprend de\nnombreuses affections, qu\u2019elles soient odontog\u00e8nes ou non\nodontog\u00e8nes. Les kystes odontog\u00e8nes proviennent des restes de tissus\nde formation dentaire et, par cons\u00e9quent, ils se d\u00e9veloppent dans les\nzones dent\u00e9es des m\u00e2choires. On pensait classiquement que les kystes\nnodontog\u00e8nes provenaient des restes des processus maxillaires ou\nmandibulaires dans l\u2019embryon en formation. De nombreux kystes sont\n\u00e0 croissance lente et asymptomatiques, souvent trouv\u00e9s comme des\nd\u00e9couvertes fortuites lors des examens dentaires. Parfois, les kystes\nprovoquent la migration des dents, ce qui entra\u00eene un espacement ou\nun encombrement entre les dents. Dans de rares cas, si les kystes ne\nsont pas trait\u00e9s, ils peuvent provoquer une \u00e9rosion excessive des os de\nla m\u00e2choire, entra\u00eenant des fractures pathologiques de la m\u00e2choire. Un\ndiagnostic pr\u00e9cis et un traitement appropri\u00e9 sont n\u00e9cessaires, car les\nl\u00e9sions continuent g\u00e9n\u00e9ralement de cro\u00eetre et peuvent affecter les dents\nadjacentes et d\u2019autres structures ou m\u00eame entra\u00eener une fracture\npathologique. Une fois qu\u2019un kyste est suspect\u00e9, nos sp\u00e9cialistes\nconseillent des radiographies et des scintigraphies CBCT pour d\u00e9finir\nl\u2019\u00e9tendue de la l\u00e9sion et formuler un plan de traitement en\ncons\u00e9quence. Dans certains cas, les m\u00e9decins v\u00e9rifient le kystique et\nl\u2019envoient pour un examen microscopique qui donne un diagnostic sur\nla nature du kyste. Certains kystes sont petits et peuvent \u00eatre enlev\u00e9s\npar le dentiste sous anesth\u00e9sie locale. Cependant, la plupart des kystes\nn\u00e9cessitent un traitement chirurgical plus large. Les tumeurs\nodontog\u00e8nes, par d\u00e9finition, sont d\u00e9riv\u00e9es de tissus dentaires et, bien\nqu\u2019elles aient \u00e9t\u00e9 signal\u00e9es dans des structures non dentaires, elles se\nd\u00e9veloppent principalement dans le maxillaire ou la mandibule. La\nmajorit\u00e9 des tumeurs sont b\u00e9nignes et, bien qu\u2019elles puissent \u00eatre\nlocalement agressives, elles peuvent rarement m\u00e9tastaser. Les tumeurs\nnodontog\u00e8nes de la m\u00e2choire, quant \u00e0 elles, se d\u00e9veloppent \u00e0 partir\nd\u2019une grande vari\u00e9t\u00e9 de tissus du corps, proviennent souvent des os\nfaciaux qui ne portent pas de dents et peuvent se d\u00e9velopper dans\nd\u2019autres endroits \u00e0 l\u2019ext\u00e9rieur de la t\u00eate et du cou. Si les tumeurs sont\nlaiss\u00e9es sans traitement, elles peuvent atteindre une taille\ndisproportionn\u00e9e et causer l\u2019affaiblissement des os de la m\u00e2choire,\nconduisant \u00e9ventuellement \u00e0 la fracture pathologique de l\u2019os. Ils sont\n\u00e9galement plus susceptibles d\u2019\u00eatre infect\u00e9s, ce qui complique\ndavantage le traitement. Les m\u00e9decins commenceront par un examen\nclinique, une biopsie et des radiographies, une TDM ou une CBCT\npour identifier la nature de la tumeur. Le traitement est d\u00e9termin\u00e9 par\t\t\t\t\t\t<\/div>\n\t\t\t\t<\/div>\n\t\t\t\t\t<\/div>\n\t\t<\/div>\n\t\t\t\t<div class=\"elementor-column elementor-col-50 elementor-top-column elementor-element elementor-element-acca2e6\" data-id=\"acca2e6\" data-element_type=\"column\">\n\t\t\t<div class=\"elementor-widget-wrap elementor-element-populated\">\n\t\t\t\t\t\t<div class=\"elementor-element elementor-element-27e7725 elementor-widget elementor-widget-image\" data-id=\"27e7725\" data-element_type=\"widget\" data-widget_type=\"image.default\">\n\t\t\t\t<div class=\"elementor-widget-container\">\n\t\t\t<style>\/*! elementor - v3.20.0 - 26-03-2024 *\/\n.elementor-widget-image{text-align:center}.elementor-widget-image a{display:inline-block}.elementor-widget-image a img[src$=\".svg\"]{width:48px}.elementor-widget-image img{vertical-align:middle;display:inline-block}<\/style>\t\t\t\t\t\t\t\t\t\t<img fetchpriority=\"high\" decoding=\"async\" width=\"1024\" height=\"678\" src=\"https:\/\/globalmedi.co.uk\/fr\/wp-content\/uploads\/2023\/07\/Cysts-and-Tumours-of-Oral-Cavity-1024x678.jpg\" class=\"attachment-large size-large wp-image-1173\" alt=\"\" srcset=\"https:\/\/globalmedi.co.uk\/fr\/wp-content\/uploads\/2023\/07\/Cysts-and-Tumours-of-Oral-Cavity-1024x678.jpg 1024w, https:\/\/globalmedi.co.uk\/fr\/wp-content\/uploads\/2023\/07\/Cysts-and-Tumours-of-Oral-Cavity-300x199.jpg 300w, https:\/\/globalmedi.co.uk\/fr\/wp-content\/uploads\/2023\/07\/Cysts-and-Tumours-of-Oral-Cavity-768x509.jpg 768w, https:\/\/globalmedi.co.uk\/fr\/wp-content\/uploads\/2023\/07\/Cysts-and-Tumours-of-Oral-Cavity.jpg 1436w\" sizes=\"(max-width: 1024px) 100vw, 1024px\" \/>\t\t\t\t\t\t\t\t\t\t\t\t\t<\/div>\n\t\t\t\t<\/div>\n\t\t\t\t\t<\/div>\n\t\t<\/div>\n\t\t\t\t\t<\/div>\n\t\t<\/section>\n\t\t\t\t<section class=\"elementor-section elementor-top-section elementor-element elementor-element-518fe19 elementor-section-full_width elementor-section-stretched elementor-hidden-desktop elementor-hidden-tablet elementor-hidden-mobile elementor-section-height-default elementor-section-height-default\" data-id=\"518fe19\" data-element_type=\"section\" data-settings=\"{&quot;stretch_section&quot;:&quot;section-stretched&quot;}\">\n\t\t\t\t\t\t<div class=\"elementor-container elementor-column-gap-default\">\n\t\t\t\t\t<div class=\"elementor-column elementor-col-50 elementor-top-column elementor-element elementor-element-97128ee\" data-id=\"97128ee\" data-element_type=\"column\" data-settings=\"{&quot;background_background&quot;:&quot;classic&quot;}\">\n\t\t\t<div class=\"elementor-widget-wrap elementor-element-populated\">\n\t\t\t\t\t\t<div class=\"elementor-element elementor-element-6f1f3b5 elementor-widget elementor-widget-text-editor\" data-id=\"6f1f3b5\" data-element_type=\"widget\" data-widget_type=\"text-editor.default\">\n\t\t\t\t<div class=\"elementor-widget-container\">\n\t\t\t\t\t\t\tCystic lesions of the jaws are common pathologic changes. This group of lesions includes many conditions, either odontogenic or nonodontogenic. Odontogenic cysts arise from the remnants of tooth formation tissues, and consequently, they develop in the tooth-bearing areas of the jaws. Nonodontogenic cysts were classically thought to arise from the remnants of the maxillary or mandibular processes in the forming embryo. Many cysts are slow growing and asymptomatic, often found as incidental findings at dental check-ups. Sometimes cysts cause the migration of teeth, resulting in spacing or crowding between the teeth.\t\t\t\t\t\t<\/div>\n\t\t\t\t<\/div>\n\t\t\t\t\t<\/div>\n\t\t<\/div>\n\t\t\t\t<div class=\"elementor-column elementor-col-50 elementor-top-column elementor-element elementor-element-9304d4d\" data-id=\"9304d4d\" data-element_type=\"column\">\n\t\t\t<div class=\"elementor-widget-wrap elementor-element-populated\">\n\t\t\t\t\t\t<div class=\"elementor-element elementor-element-fa40ca0 elementor-widget elementor-widget-image\" data-id=\"fa40ca0\" data-element_type=\"widget\" data-widget_type=\"image.default\">\n\t\t\t\t<div class=\"elementor-widget-container\">\n\t\t\t\t\t\t\t\t\t\t\t\t\t<img fetchpriority=\"high\" decoding=\"async\" width=\"1024\" height=\"678\" src=\"https:\/\/globalmedi.co.uk\/fr\/wp-content\/uploads\/2023\/07\/Cysts-and-Tumours-of-Oral-Cavity-1024x678.jpg\" class=\"attachment-large size-large wp-image-1173\" alt=\"\" srcset=\"https:\/\/globalmedi.co.uk\/fr\/wp-content\/uploads\/2023\/07\/Cysts-and-Tumours-of-Oral-Cavity-1024x678.jpg 1024w, https:\/\/globalmedi.co.uk\/fr\/wp-content\/uploads\/2023\/07\/Cysts-and-Tumours-of-Oral-Cavity-300x199.jpg 300w, https:\/\/globalmedi.co.uk\/fr\/wp-content\/uploads\/2023\/07\/Cysts-and-Tumours-of-Oral-Cavity-768x509.jpg 768w, https:\/\/globalmedi.co.uk\/fr\/wp-content\/uploads\/2023\/07\/Cysts-and-Tumours-of-Oral-Cavity.jpg 1436w\" sizes=\"(max-width: 1024px) 100vw, 1024px\" \/>\t\t\t\t\t\t\t\t\t\t\t\t\t<\/div>\n\t\t\t\t<\/div>\n\t\t\t\t\t<\/div>\n\t\t<\/div>\n\t\t\t\t\t<\/div>\n\t\t<\/section>\n\t\t\t\t<section class=\"elementor-section elementor-top-section elementor-element elementor-element-6f4d29f elementor-section-full_width elementor-section-stretched elementor-hidden-desktop elementor-hidden-tablet elementor-hidden-mobile elementor-section-height-default elementor-section-height-default\" data-id=\"6f4d29f\" data-element_type=\"section\" data-settings=\"{&quot;stretch_section&quot;:&quot;section-stretched&quot;,&quot;background_background&quot;:&quot;classic&quot;}\">\n\t\t\t\t\t\t<div class=\"elementor-container elementor-column-gap-default\">\n\t\t\t\t\t<div class=\"elementor-column elementor-col-100 elementor-top-column elementor-element elementor-element-d2a9741\" data-id=\"d2a9741\" data-element_type=\"column\">\n\t\t\t<div class=\"elementor-widget-wrap elementor-element-populated\">\n\t\t\t\t\t\t<div class=\"elementor-element elementor-element-8029c95 elementor-widget elementor-widget-text-editor\" data-id=\"8029c95\" data-element_type=\"widget\" data-widget_type=\"text-editor.default\">\n\t\t\t\t<div class=\"elementor-widget-container\">\n\t\t\t\t\t\t\tIn rare cases, if cysts are left untreated, they can cause excessive erosion of the jaw bones, resulting in pathologic fractures of the jaw. Accurate diagnosis and appropriate treatment are required, as lesions generally continue to grow and may affect adjacent teeth and other structures or even result in pathologic fracture. Once a cyst is suspected, our specialists advise x-rays and CBCT scans to define the extent of the lesion and formulate a treatment plan accordingly. In some cases, doctors check the cystic and send it for a microscopic examination which gives a diagnosis about the nature of the cyst. Some cysts are small and can be removed by the dentist with local anaesthesia. However, most cysts require wider surgical treatment. Odontogenic tumours, by definition, are derived from tooth-related tissues, and although they have been reported in non-tooth-bearing structures, they develop mainly in the maxilla or mandible. The majority of tumours are benign, and while they may be locally aggressive, they rarely can metastasise. Nonodontogenic jaw tumours, on the other hand, develop from a wide variety of tissues in the body, often originate in non-tooth-bearing facial bones, and may develop in other sites outside of the head and neck. If tumours are left without treatment, they can grow to a disproportionate size and cause the weakening of the jaw bones, eventually leading to the pathologic fracture of the bone. They also are more prone to get infected, which further complicates the treatment. Doctors will begin with clinical examination, biopsy and x-rays, CT or CBCT scans to identify the nature of the tumour. Treatment is decided by numerous factors like \u2013 age, side, nature and size of the tumour. The management of these pathological changes is not just limited to removal but also involves the rehabilitation of the jaw bones. Since jaw bones, unlike other bones in the human body, give form and shape to our facial structure, it becomes necessary to plan their reconstruction. While most of the tumours are small and can be appropriately managed by resection and rehabilitation by dental prosthesis, some tumours involve the entire height of the bone, which require segmental resection of the jaw bone. This requires meticulous planning, for which specialists use 3-D and virtual surgical planning software to identify the exact amount of bone to be resected and decide about the reconstruction modality. Defects can be reconstructed by taking autogenous bones or bones from other parts of the same individual. However, some defects require reconstruction with a prosthesis, which is a 3D facial implant that mimics the natural bone contour, thereby restoring jaw continuity.\t\t\t\t\t\t<\/div>\n\t\t\t\t<\/div>\n\t\t\t\t\t<\/div>\n\t\t<\/div>\n\t\t\t\t\t<\/div>\n\t\t<\/section>\n\t\t\t\t<section class=\"elementor-section elementor-top-section elementor-element elementor-element-791be90 elementor-hidden-desktop elementor-hidden-tablet elementor-hidden-mobile elementor-section-boxed elementor-section-height-default elementor-section-height-default\" data-id=\"791be90\" data-element_type=\"section\" data-settings=\"{&quot;background_background&quot;:&quot;classic&quot;}\">\n\t\t\t\t\t\t<div class=\"elementor-container elementor-column-gap-default\">\n\t\t\t\t\t<div class=\"elementor-column elementor-col-100 elementor-top-column elementor-element elementor-element-a1fc594\" data-id=\"a1fc594\" data-element_type=\"column\">\n\t\t\t<div class=\"elementor-widget-wrap elementor-element-populated\">\n\t\t\t\t\t\t<div class=\"elementor-element elementor-element-01863db elementor-widget elementor-widget-heading\" data-id=\"01863db\" data-element_type=\"widget\" data-widget_type=\"heading.default\">\n\t\t\t\t<div class=\"elementor-widget-container\">\n\t\t\t<style>\/*! elementor - v3.20.0 - 26-03-2024 *\/\n.elementor-heading-title{padding:0;margin:0;line-height:1}.elementor-widget-heading .elementor-heading-title[class*=elementor-size-]>a{color:inherit;font-size:inherit;line-height:inherit}.elementor-widget-heading .elementor-heading-title.elementor-size-small{font-size:15px}.elementor-widget-heading .elementor-heading-title.elementor-size-medium{font-size:19px}.elementor-widget-heading .elementor-heading-title.elementor-size-large{font-size:29px}.elementor-widget-heading .elementor-heading-title.elementor-size-xl{font-size:39px}.elementor-widget-heading .elementor-heading-title.elementor-size-xxl{font-size:59px}<\/style><h2 class=\"elementor-heading-title elementor-size-default\">Contact Globalmedi for a quote and appointment<br> with certified specialists in the field<\/h2>\t\t<\/div>\n\t\t\t\t<\/div>\n\t\t\t\t<div class=\"elementor-element elementor-element-6ab7a59 elementor-align-center elementor-widget elementor-widget-button\" data-id=\"6ab7a59\" data-element_type=\"widget\" data-widget_type=\"button.default\">\n\t\t\t\t<div class=\"elementor-widget-container\">\n\t\t\t\t\t<div class=\"elementor-button-wrapper\">\n\t\t\t<a class=\"elementor-button elementor-button-link elementor-size-sm\" href=\"#\">\n\t\t\t\t\t\t<span class=\"elementor-button-content-wrapper\">\n\t\t\t\t\t\t<span class=\"elementor-button-icon elementor-align-icon-right\">\n\t\t\t\t<i aria-hidden=\"true\" class=\"fas fa-long-arrow-alt-right\"><\/i>\t\t\t<\/span>\n\t\t\t\t\t\t<span class=\"elementor-button-text\">Contact Now<\/span>\n\t\t<\/span>\n\t\t\t\t\t<\/a>\n\t\t<\/div>\n\t\t\t\t<\/div>\n\t\t\t\t<\/div>\n\t\t\t\t\t<\/div>\n\t\t<\/div>\n\t\t\t\t\t<\/div>\n\t\t<\/section>\n\t\t\t\t<\/div>\n\t\t","protected":false},"excerpt":{"rendered":"<p>Les l\u00e9sions kystiques des m\u00e2choires sont des changements pathologiques courants. Ce groupe de l\u00e9sions comprend de nombreuses affections, qu\u2019elles soient odontog\u00e8nes ou non odontog\u00e8nes. Les kystes odontog\u00e8nes proviennent des restes de tissus de formation dentaire et, par cons\u00e9quent, ils se d\u00e9veloppent dans les zones dent\u00e9es des m\u00e2choires. On pensait classiquement que les kystes nodontog\u00e8nes provenaient [&hellip;]<\/p>\n","protected":false},"author":1,"featured_media":0,"parent":0,"menu_order":0,"comment_status":"closed","ping_status":"closed","template":"","meta":{"ocean_post_layout":"","ocean_both_sidebars_style":"","ocean_both_sidebars_content_width":0,"ocean_both_sidebars_sidebars_width":0,"ocean_sidebar":"0","ocean_second_sidebar":"0","ocean_disable_margins":"on","ocean_add_body_class":"","ocean_shortcode_before_top_bar":"","ocean_shortcode_after_top_bar":"","ocean_shortcode_before_header":"","ocean_shortcode_after_header":"","ocean_has_shortcode":"","ocean_shortcode_after_title":"","ocean_shortcode_before_footer_widgets":"","ocean_shortcode_after_footer_widgets":"","ocean_shortcode_before_footer_bottom":"","ocean_shortcode_after_footer_bottom":"","ocean_display_top_bar":"default","ocean_display_header":"default","ocean_header_style":"","ocean_center_header_left_menu":"0","ocean_custom_header_template":"0","ocean_custom_logo":0,"ocean_custom_retina_logo":0,"ocean_custom_logo_max_width":0,"ocean_custom_logo_tablet_max_width":0,"ocean_custom_logo_mobile_max_width":0,"ocean_custom_logo_max_height":0,"ocean_custom_logo_tablet_max_height":0,"ocean_custom_logo_mobile_max_height":0,"ocean_header_custom_menu":"0","ocean_menu_typo_font_family":"0","ocean_menu_typo_font_subset":"","ocean_menu_typo_font_size":0,"ocean_menu_typo_font_size_tablet":0,"ocean_menu_typo_font_size_mobile":0,"ocean_menu_typo_font_size_unit":"px","ocean_menu_typo_font_weight":"","ocean_menu_typo_font_weight_tablet":"","ocean_menu_typo_font_weight_mobile":"","ocean_menu_typo_transform":"","ocean_menu_typo_transform_tablet":"","ocean_menu_typo_transform_mobile":"","ocean_menu_typo_line_height":0,"ocean_menu_typo_line_height_tablet":0,"ocean_menu_typo_line_height_mobile":0,"ocean_menu_typo_line_height_unit":"","ocean_menu_typo_spacing":0,"ocean_menu_typo_spacing_tablet":0,"ocean_menu_typo_spacing_mobile":0,"ocean_menu_typo_spacing_unit":"","ocean_menu_link_color":"","ocean_menu_link_color_hover":"","ocean_menu_link_color_active":"","ocean_menu_link_background":"","ocean_menu_link_hover_background":"","ocean_menu_link_active_background":"","ocean_menu_social_links_bg":"","ocean_menu_social_hover_links_bg":"","ocean_menu_social_links_color":"","ocean_menu_social_hover_links_color":"","ocean_disable_title":"default","ocean_disable_heading":"default","ocean_post_title":"","ocean_post_subheading":"","ocean_post_title_style":"","ocean_post_title_background_color":"","ocean_post_title_background":0,"ocean_post_title_bg_image_position":"","ocean_post_title_bg_image_attachment":"","ocean_post_title_bg_image_repeat":"","ocean_post_title_bg_image_size":"","ocean_post_title_height":0,"ocean_post_title_bg_overlay":0.5,"ocean_post_title_bg_overlay_color":"","ocean_disable_breadcrumbs":"default","ocean_breadcrumbs_color":"","ocean_breadcrumbs_separator_color":"","ocean_breadcrumbs_links_color":"","ocean_breadcrumbs_links_hover_color":"","ocean_display_footer_widgets":"default","ocean_display_footer_bottom":"default","ocean_custom_footer_template":"0","footnotes":""},"class_list":["post-855","page","type-page","status-publish","hentry","entry"],"_links":{"self":[{"href":"https:\/\/globalmedi.co.uk\/fr\/wp-json\/wp\/v2\/pages\/855","targetHints":{"allow":["GET"]}}],"collection":[{"href":"https:\/\/globalmedi.co.uk\/fr\/wp-json\/wp\/v2\/pages"}],"about":[{"href":"https:\/\/globalmedi.co.uk\/fr\/wp-json\/wp\/v2\/types\/page"}],"author":[{"embeddable":true,"href":"https:\/\/globalmedi.co.uk\/fr\/wp-json\/wp\/v2\/users\/1"}],"replies":[{"embeddable":true,"href":"https:\/\/globalmedi.co.uk\/fr\/wp-json\/wp\/v2\/comments?post=855"}],"version-history":[{"count":17,"href":"https:\/\/globalmedi.co.uk\/fr\/wp-json\/wp\/v2\/pages\/855\/revisions"}],"predecessor-version":[{"id":1821,"href":"https:\/\/globalmedi.co.uk\/fr\/wp-json\/wp\/v2\/pages\/855\/revisions\/1821"}],"wp:attachment":[{"href":"https:\/\/globalmedi.co.uk\/fr\/wp-json\/wp\/v2\/media?parent=855"}],"curies":[{"name":"wp","href":"https:\/\/api.w.org\/{rel}","templated":true}]}}