{"id":850,"date":"2023-06-24T15:00:07","date_gmt":"2023-06-24T15:00:07","guid":{"rendered":"https:\/\/www.client.mydigitalcrew.com\/globalmedi\/?page_id=850"},"modified":"2023-09-19T13:56:29","modified_gmt":"2023-09-19T13:56:29","slug":"oral-premaligant-lession-and-osmf","status":"publish","type":"page","link":"https:\/\/globalmedi.co.uk\/fr\/oral-premaligant-lession-and-osmf\/","title":{"rendered":"L\u00e9sion Pr\u00e9canc\u00e9reuse Buccale Et OSMF"},"content":{"rendered":"\t\t<div data-elementor-type=\"wp-page\" data-elementor-id=\"850\" class=\"elementor elementor-850\">\n\t\t\t\t\t\t<section class=\"elementor-section elementor-top-section elementor-element elementor-element-1d3c2d7 elementor-section-full_width elementor-section-stretched elementor-section-height-default elementor-section-height-default\" data-id=\"1d3c2d7\" data-element_type=\"section\" data-settings=\"{&quot;stretch_section&quot;:&quot;section-stretched&quot;}\">\n\t\t\t\t\t\t<div class=\"elementor-container elementor-column-gap-default\">\n\t\t\t\t\t<div class=\"elementor-column elementor-col-50 elementor-top-column elementor-element elementor-element-eb0ca60\" data-id=\"eb0ca60\" data-element_type=\"column\" data-settings=\"{&quot;background_background&quot;:&quot;classic&quot;}\">\n\t\t\t<div class=\"elementor-widget-wrap elementor-element-populated\">\n\t\t\t\t\t\t<div class=\"elementor-element elementor-element-878eb2e elementor-widget elementor-widget-text-editor\" data-id=\"878eb2e\" data-element_type=\"widget\" data-widget_type=\"text-editor.default\">\n\t\t\t\t<div class=\"elementor-widget-container\">\n\t\t\t<style>\/*! elementor - v3.20.0 - 26-03-2024 *\/\n.elementor-widget-text-editor.elementor-drop-cap-view-stacked .elementor-drop-cap{background-color:#69727d;color:#fff}.elementor-widget-text-editor.elementor-drop-cap-view-framed .elementor-drop-cap{color:#69727d;border:3px solid;background-color:transparent}.elementor-widget-text-editor:not(.elementor-drop-cap-view-default) .elementor-drop-cap{margin-top:8px}.elementor-widget-text-editor:not(.elementor-drop-cap-view-default) .elementor-drop-cap-letter{width:1em;height:1em}.elementor-widget-text-editor .elementor-drop-cap{float:left;text-align:center;line-height:1;font-size:50px}.elementor-widget-text-editor .elementor-drop-cap-letter{display:inline-block}<\/style>\t\t\t\tLes l\u00e9sions pr\u00e9canc\u00e9reuses des m\u00e2choires sont des l\u00e9sions pathologiques\ncourantes. La l\u00e9sion provient des restes de tissus de formation dentaire et,\npar cons\u00e9quent, ils se d\u00e9veloppent dans les zones porteuses de dents des\nm\u00e2choires. On pensait classiquement que les kystes non odontog\u00e8nes\nprovenaient des restes des processus maxillaires ou mandibulaires dans\nl\u2019embryon en formation. Un petit groupe de kystes des tissus mous se\nproduit dans les tissus mous de la cavit\u00e9 buccale au lieu de l\u2019os. Parmi ceuxci,\nle plus commun est mucocoele, qui se produit g\u00e9n\u00e9ralement dans la l\u00e8vre\ninf\u00e9rieure en raison de traumatismes r\u00e9p\u00e9t\u00e9s \u00e0 la l\u00e8vre. Le mot (cancer) est\nd\u00e9vastateur pour tout patient et a des cons\u00e9quences \u00e0 vie. M\u00eame si la\nmortalit\u00e9 associ\u00e9e au cancer a diminu\u00e9 au cours des derni\u00e8res d\u00e9cennies\ngr\u00e2ce aux progr\u00e8s de la radioth\u00e9rapie, de la chimioth\u00e9rapie et des traitements\nchirurgicaux, les complications et le risque de r\u00e9cidive associ\u00e9s ont de graves\ncons\u00e9quences d\u00e9bilitantes. Il est largement admis que la meilleure forme de\nlutte contre le cancer est sa pr\u00e9vention. Par cons\u00e9quent, au premier signe de\nsuspicion, le patient doit consulter son dentiste ou son m\u00e9decin pour exclure\ntoute pr\u00e9-malignit\u00e9 orale. Les l\u00e9sions peuvent appara\u00eetre sous forme de\nplaques blanch\u00e2tres (leucoplasie) ou rouge\u00e2tres (\u00e9rythroplasie) ou d\u2019un\nm\u00e9lange de plaques blanches et rouge\u00e2tres (\u00e9rythroplasie). La fibrose sousmuqueuse\nbuccale (OSMF) est \u00e9galement consid\u00e9r\u00e9e comme une affection\npr\u00e9canc\u00e9reuse largement r\u00e9pandue. Sympt\u00f4mes initiaux pouvant survenir:\nSensation de br\u00fblure de la cavit\u00e9 buccale ou saignement de la l\u00e9sion. Le\npatient se plaint g\u00e9n\u00e9ralement d\u2019une incapacit\u00e9 \u00e0 tol\u00e9rer les aliments chauds\net \u00e9pic\u00e9s. Chez les patients atteints d\u2019OSMF, l\u2019ouverture de la bouche\ncommence progressivement \u00e0 diminuer, puis le patient peut avoir du mal \u00e0\nbouger sa langue. Un manque de sensation lors de la consommation d\u2019un\naliment ou d\u2019une boisson peut \u00e9galement se produire. Si elle n\u2019est pas trait\u00e9e,\nla maladie progresse tr\u00e8s rapidement. Lors de la consultation chez le\nm\u00e9decin, le sp\u00e9cialiste examinera la cavit\u00e9 buccale et peut d\u00e9cider\nd\u2019effectuer des tests suppl\u00e9mentaires pour exclure toute l\u00e9sion pr\u00e9canc\u00e9reuse\nou canc\u00e9reuse. Le cancer de la bouche a \u00e9t\u00e9 une menace au 21\u00e8me si\u00e8cle et\nn\u00e9cessite une gestion m\u00e9dicale experte. Cependant, la meilleure fa\u00e7on de\ntraiter le cancer de la bouche est de le pr\u00e9venir en recherchant les signes\npr\u00e9coces qui indiquent la formation du cancer. V\u00e9rifiez aupr\u00e8s de\nGlobalmedi afin que nous puissions vous r\u00e9f\u00e9rer aux meilleurs sp\u00e9cialistes et\naux installations m\u00e9dicales bien \u00e9quip\u00e9es. Traitement: Une option est un\ntraitement chirurgical pour les l\u00e9sions pr\u00e9canc\u00e9reuses, minimisant ainsi leur\nprogression \u00e0 un stade avanc\u00e9. Le traitement de l\u2019OSMF est tr\u00e8s diff\u00e9rent du\ntraitement des autres l\u00e9sions pr\u00e9canc\u00e9reuses. \u00c0 ses d\u00e9buts, les m\u00e9decins\ntentent de g\u00e9rer ces conditions en injectant certains m\u00e9dicaments dans la\ncavit\u00e9 buccale, ce qui aide \u00e0 r\u00e9duire la raideur des muscles. Cependant, \u00e0 un\nstade plus avanc\u00e9, des sp\u00e9cialistes effectueront le traitement chirurgical pour\nlib\u00e9rer la raideur et reconstruire la cavit\u00e9 buccale. Cette technique est suivie\t\t\t\t\t\t<\/div>\n\t\t\t\t<\/div>\n\t\t\t\t\t<\/div>\n\t\t<\/div>\n\t\t\t\t<div class=\"elementor-column elementor-col-50 elementor-top-column elementor-element elementor-element-4d8d1e4\" data-id=\"4d8d1e4\" data-element_type=\"column\">\n\t\t\t<div class=\"elementor-widget-wrap elementor-element-populated\">\n\t\t\t\t\t\t<div class=\"elementor-element elementor-element-b3b138f elementor-widget elementor-widget-image\" data-id=\"b3b138f\" data-element_type=\"widget\" data-widget_type=\"image.default\">\n\t\t\t\t<div class=\"elementor-widget-container\">\n\t\t\t<style>\/*! elementor - v3.20.0 - 26-03-2024 *\/\n.elementor-widget-image{text-align:center}.elementor-widget-image a{display:inline-block}.elementor-widget-image a img[src$=\".svg\"]{width:48px}.elementor-widget-image img{vertical-align:middle;display:inline-block}<\/style>\t\t\t\t\t\t\t\t\t\t<img fetchpriority=\"high\" decoding=\"async\" width=\"1024\" height=\"683\" src=\"https:\/\/globalmedi.co.uk\/fr\/wp-content\/uploads\/2023\/07\/Oral-Premalignant-lesion-and-OSMF-1024x683.jpg\" class=\"attachment-large size-large wp-image-1235\" alt=\"\" srcset=\"https:\/\/globalmedi.co.uk\/fr\/wp-content\/uploads\/2023\/07\/Oral-Premalignant-lesion-and-OSMF-1024x683.jpg 1024w, https:\/\/globalmedi.co.uk\/fr\/wp-content\/uploads\/2023\/07\/Oral-Premalignant-lesion-and-OSMF-300x200.jpg 300w, https:\/\/globalmedi.co.uk\/fr\/wp-content\/uploads\/2023\/07\/Oral-Premalignant-lesion-and-OSMF-768x512.jpg 768w, https:\/\/globalmedi.co.uk\/fr\/wp-content\/uploads\/2023\/07\/Oral-Premalignant-lesion-and-OSMF-1536x1024.jpg 1536w, https:\/\/globalmedi.co.uk\/fr\/wp-content\/uploads\/2023\/07\/Oral-Premalignant-lesion-and-OSMF-2048x1365.jpg 2048w\" sizes=\"(max-width: 1024px) 100vw, 1024px\" \/>\t\t\t\t\t\t\t\t\t\t\t\t\t<\/div>\n\t\t\t\t<\/div>\n\t\t\t\t\t<\/div>\n\t\t<\/div>\n\t\t\t\t\t<\/div>\n\t\t<\/section>\n\t\t\t\t<section class=\"elementor-section elementor-top-section elementor-element elementor-element-083fbb0 elementor-section-full_width elementor-section-stretched elementor-hidden-desktop elementor-hidden-tablet elementor-hidden-mobile elementor-section-height-default elementor-section-height-default\" data-id=\"083fbb0\" data-element_type=\"section\" data-settings=\"{&quot;stretch_section&quot;:&quot;section-stretched&quot;}\">\n\t\t\t\t\t\t<div class=\"elementor-container elementor-column-gap-default\">\n\t\t\t\t\t<div class=\"elementor-column elementor-col-50 elementor-top-column elementor-element elementor-element-2cc67ab\" data-id=\"2cc67ab\" data-element_type=\"column\" data-settings=\"{&quot;background_background&quot;:&quot;classic&quot;}\">\n\t\t\t<div class=\"elementor-widget-wrap elementor-element-populated\">\n\t\t\t\t\t\t<div class=\"elementor-element elementor-element-c2b56dc elementor-widget elementor-widget-text-editor\" data-id=\"c2b56dc\" data-element_type=\"widget\" data-widget_type=\"text-editor.default\">\n\t\t\t\t<div class=\"elementor-widget-container\">\n\t\t\t\t\t\t\tPremalignant lesions of the jaws are common pathologic lesions. The lesion arises from the remnants of tooth formation tissues, and consequently, they develop in the tooth-bearing areas of the jaws. Non-odontogenic cysts were classically thought to arise from the remnants of the maxillary or mandibular processes in the forming embryo. A small group of soft tissue cysts occurs in the soft tissues of the oral cavity instead of the bone. Amongst these, the most common is mucocoele, which typically occurs in the lower lip due to repeated trauma to the lip. \t\t\t\t\t\t<\/div>\n\t\t\t\t<\/div>\n\t\t\t\t\t<\/div>\n\t\t<\/div>\n\t\t\t\t<div class=\"elementor-column elementor-col-50 elementor-top-column elementor-element elementor-element-ca85f64\" data-id=\"ca85f64\" data-element_type=\"column\">\n\t\t\t<div class=\"elementor-widget-wrap elementor-element-populated\">\n\t\t\t\t\t\t<div class=\"elementor-element elementor-element-539e22b elementor-widget elementor-widget-image\" data-id=\"539e22b\" data-element_type=\"widget\" data-widget_type=\"image.default\">\n\t\t\t\t<div class=\"elementor-widget-container\">\n\t\t\t\t\t\t\t\t\t\t\t\t\t<img fetchpriority=\"high\" decoding=\"async\" width=\"1024\" height=\"683\" src=\"https:\/\/globalmedi.co.uk\/fr\/wp-content\/uploads\/2023\/07\/Oral-Premalignant-lesion-and-OSMF-1024x683.jpg\" class=\"attachment-large size-large wp-image-1235\" alt=\"\" srcset=\"https:\/\/globalmedi.co.uk\/fr\/wp-content\/uploads\/2023\/07\/Oral-Premalignant-lesion-and-OSMF-1024x683.jpg 1024w, https:\/\/globalmedi.co.uk\/fr\/wp-content\/uploads\/2023\/07\/Oral-Premalignant-lesion-and-OSMF-300x200.jpg 300w, https:\/\/globalmedi.co.uk\/fr\/wp-content\/uploads\/2023\/07\/Oral-Premalignant-lesion-and-OSMF-768x512.jpg 768w, https:\/\/globalmedi.co.uk\/fr\/wp-content\/uploads\/2023\/07\/Oral-Premalignant-lesion-and-OSMF-1536x1024.jpg 1536w, https:\/\/globalmedi.co.uk\/fr\/wp-content\/uploads\/2023\/07\/Oral-Premalignant-lesion-and-OSMF-2048x1365.jpg 2048w\" sizes=\"(max-width: 1024px) 100vw, 1024px\" \/>\t\t\t\t\t\t\t\t\t\t\t\t\t<\/div>\n\t\t\t\t<\/div>\n\t\t\t\t\t<\/div>\n\t\t<\/div>\n\t\t\t\t\t<\/div>\n\t\t<\/section>\n\t\t\t\t<section class=\"elementor-section elementor-top-section elementor-element elementor-element-9ae98c5 elementor-section-full_width elementor-section-stretched elementor-hidden-desktop elementor-hidden-tablet elementor-hidden-mobile elementor-section-height-default elementor-section-height-default\" data-id=\"9ae98c5\" data-element_type=\"section\" data-settings=\"{&quot;stretch_section&quot;:&quot;section-stretched&quot;,&quot;background_background&quot;:&quot;classic&quot;}\">\n\t\t\t\t\t\t<div class=\"elementor-container elementor-column-gap-default\">\n\t\t\t\t\t<div class=\"elementor-column elementor-col-100 elementor-top-column elementor-element elementor-element-fb8c72c\" data-id=\"fb8c72c\" data-element_type=\"column\">\n\t\t\t<div class=\"elementor-widget-wrap elementor-element-populated\">\n\t\t\t\t\t\t<div class=\"elementor-element elementor-element-365ef8b elementor-widget elementor-widget-text-editor\" data-id=\"365ef8b\" data-element_type=\"widget\" data-widget_type=\"text-editor.default\">\n\t\t\t\t<div class=\"elementor-widget-container\">\n\t\t\t\t\t\t\tThe word \u2018cancer\u2019 is devastating for any patient and has lifelong consequences. Even though mortality associated with cancer has reduced in the last few decades thanks to advancements in radiation, chemotherapy and surgical treatment, the associated complications and risk of recurrences have some serious debilitating consequences. It is widely accepted that the best form of tackling cancer is its prevention. Hence, at the first sign of any suspicion, the patient should consult their dentist or doctor to rule out any oral pre-malignancy. Lesions can appear as whitish patches (leukoplakia) or reddish patches (Erythroplakia) or a mix of white and reddish patches (Erythroplakia). Oral sub-mucous fibrosis (OSMF) is also considered a premalignant condition which is widely prevalent. Initial symptoms that may occur: Burning sensation of the oral cavity or bleeding from the lesion. The patient generally complains of an inability to tolerate hot and spicy food. In patients with OSMF, the mouth opening gradually starts to reduce, and then the patient may find it difficult to move his tongue. Lack of sensation while consuming any food or drink may also happen. If left untreated, the condition progresses very rapidly. During the doctor consultation, the specialist will examine the oral cavity and may decide to run some additional tests to rule out any premalignant lesion or cancer. Oral cancer has been a menace in the 21st century and requires medical expert management. However, the best way to treat oral cancer is to prevent it by looking for the earlier signs which indicate the cancer formation. Check with Globalmedi so we can refer you to the best specialists and well-equipped medical facilities. Treatment: One option is a surgical treatment for premalignant lesions, thereby minimising their progression to an advanced stage. The treatment for OSMF is much different from the treatment for other premalignant lesions. In its early stages, doctors try to manage these conditions by injecting certain medications into the oral cavity, which helps reduce the stiffness of muscles. However, in its more advanced stage, specialists will perform the surgical treatment to release the stiffness and reconstruct the oral cavity. This technique is followed by a strict physiotherapy regimen which helps improve the mouth opening.\t\t\t\t\t\t<\/div>\n\t\t\t\t<\/div>\n\t\t\t\t\t<\/div>\n\t\t<\/div>\n\t\t\t\t\t<\/div>\n\t\t<\/section>\n\t\t\t\t<section class=\"elementor-section elementor-top-section elementor-element elementor-element-33b22d1 elementor-hidden-desktop elementor-hidden-tablet elementor-hidden-mobile elementor-section-boxed elementor-section-height-default elementor-section-height-default\" data-id=\"33b22d1\" data-element_type=\"section\" data-settings=\"{&quot;background_background&quot;:&quot;classic&quot;}\">\n\t\t\t\t\t\t<div class=\"elementor-container elementor-column-gap-default\">\n\t\t\t\t\t<div class=\"elementor-column elementor-col-100 elementor-top-column elementor-element elementor-element-b9bcba0\" data-id=\"b9bcba0\" data-element_type=\"column\">\n\t\t\t<div class=\"elementor-widget-wrap elementor-element-populated\">\n\t\t\t\t\t\t<div class=\"elementor-element elementor-element-d86f88a elementor-widget elementor-widget-heading\" data-id=\"d86f88a\" data-element_type=\"widget\" data-widget_type=\"heading.default\">\n\t\t\t\t<div class=\"elementor-widget-container\">\n\t\t\t<style>\/*! elementor - v3.20.0 - 26-03-2024 *\/\n.elementor-heading-title{padding:0;margin:0;line-height:1}.elementor-widget-heading .elementor-heading-title[class*=elementor-size-]>a{color:inherit;font-size:inherit;line-height:inherit}.elementor-widget-heading .elementor-heading-title.elementor-size-small{font-size:15px}.elementor-widget-heading .elementor-heading-title.elementor-size-medium{font-size:19px}.elementor-widget-heading .elementor-heading-title.elementor-size-large{font-size:29px}.elementor-widget-heading .elementor-heading-title.elementor-size-xl{font-size:39px}.elementor-widget-heading .elementor-heading-title.elementor-size-xxl{font-size:59px}<\/style><h2 class=\"elementor-heading-title elementor-size-default\">Contact Globalmedi for a quote and appointment<br> with certified specialists in the field<\/h2>\t\t<\/div>\n\t\t\t\t<\/div>\n\t\t\t\t<div class=\"elementor-element elementor-element-3b06c4b elementor-align-center elementor-widget elementor-widget-button\" data-id=\"3b06c4b\" data-element_type=\"widget\" data-widget_type=\"button.default\">\n\t\t\t\t<div class=\"elementor-widget-container\">\n\t\t\t\t\t<div class=\"elementor-button-wrapper\">\n\t\t\t<a class=\"elementor-button elementor-button-link elementor-size-sm\" href=\"#\">\n\t\t\t\t\t\t<span class=\"elementor-button-content-wrapper\">\n\t\t\t\t\t\t<span class=\"elementor-button-icon elementor-align-icon-right\">\n\t\t\t\t<i aria-hidden=\"true\" class=\"fas fa-long-arrow-alt-right\"><\/i>\t\t\t<\/span>\n\t\t\t\t\t\t<span class=\"elementor-button-text\">Contact Now<\/span>\n\t\t<\/span>\n\t\t\t\t\t<\/a>\n\t\t<\/div>\n\t\t\t\t<\/div>\n\t\t\t\t<\/div>\n\t\t\t\t\t<\/div>\n\t\t<\/div>\n\t\t\t\t\t<\/div>\n\t\t<\/section>\n\t\t\t\t<\/div>\n\t\t","protected":false},"excerpt":{"rendered":"<p>Les l\u00e9sions pr\u00e9canc\u00e9reuses des m\u00e2choires sont des l\u00e9sions pathologiques courantes. La l\u00e9sion provient des restes de tissus de formation dentaire et, par cons\u00e9quent, ils se d\u00e9veloppent dans les zones porteuses de dents des m\u00e2choires. On pensait classiquement que les kystes non odontog\u00e8nes provenaient des restes des processus maxillaires ou mandibulaires dans l\u2019embryon en formation. Un [&hellip;]<\/p>\n","protected":false},"author":1,"featured_media":0,"parent":0,"menu_order":0,"comment_status":"closed","ping_status":"closed","template":"","meta":{"ocean_post_layout":"","ocean_both_sidebars_style":"","ocean_both_sidebars_content_width":0,"ocean_both_sidebars_sidebars_width":0,"ocean_sidebar":"0","ocean_second_sidebar":"0","ocean_disable_margins":"on","ocean_add_body_class":"","ocean_shortcode_before_top_bar":"","ocean_shortcode_after_top_bar":"","ocean_shortcode_before_header":"","ocean_shortcode_after_header":"","ocean_has_shortcode":"","ocean_shortcode_after_title":"","ocean_shortcode_before_footer_widgets":"","ocean_shortcode_after_footer_widgets":"","ocean_shortcode_before_footer_bottom":"","ocean_shortcode_after_footer_bottom":"","ocean_display_top_bar":"default","ocean_display_header":"default","ocean_header_style":"","ocean_center_header_left_menu":"0","ocean_custom_header_template":"0","ocean_custom_logo":0,"ocean_custom_retina_logo":0,"ocean_custom_logo_max_width":0,"ocean_custom_logo_tablet_max_width":0,"ocean_custom_logo_mobile_max_width":0,"ocean_custom_logo_max_height":0,"ocean_custom_logo_tablet_max_height":0,"ocean_custom_logo_mobile_max_height":0,"ocean_header_custom_menu":"0","ocean_menu_typo_font_family":"0","ocean_menu_typo_font_subset":"","ocean_menu_typo_font_size":0,"ocean_menu_typo_font_size_tablet":0,"ocean_menu_typo_font_size_mobile":0,"ocean_menu_typo_font_size_unit":"px","ocean_menu_typo_font_weight":"","ocean_menu_typo_font_weight_tablet":"","ocean_menu_typo_font_weight_mobile":"","ocean_menu_typo_transform":"","ocean_menu_typo_transform_tablet":"","ocean_menu_typo_transform_mobile":"","ocean_menu_typo_line_height":0,"ocean_menu_typo_line_height_tablet":0,"ocean_menu_typo_line_height_mobile":0,"ocean_menu_typo_line_height_unit":"","ocean_menu_typo_spacing":0,"ocean_menu_typo_spacing_tablet":0,"ocean_menu_typo_spacing_mobile":0,"ocean_menu_typo_spacing_unit":"","ocean_menu_link_color":"","ocean_menu_link_color_hover":"","ocean_menu_link_color_active":"","ocean_menu_link_background":"","ocean_menu_link_hover_background":"","ocean_menu_link_active_background":"","ocean_menu_social_links_bg":"","ocean_menu_social_hover_links_bg":"","ocean_menu_social_links_color":"","ocean_menu_social_hover_links_color":"","ocean_disable_title":"default","ocean_disable_heading":"default","ocean_post_title":"","ocean_post_subheading":"","ocean_post_title_style":"","ocean_post_title_background_color":"","ocean_post_title_background":0,"ocean_post_title_bg_image_position":"","ocean_post_title_bg_image_attachment":"","ocean_post_title_bg_image_repeat":"","ocean_post_title_bg_image_size":"","ocean_post_title_height":0,"ocean_post_title_bg_overlay":0.5,"ocean_post_title_bg_overlay_color":"","ocean_disable_breadcrumbs":"default","ocean_breadcrumbs_color":"","ocean_breadcrumbs_separator_color":"","ocean_breadcrumbs_links_color":"","ocean_breadcrumbs_links_hover_color":"","ocean_display_footer_widgets":"default","ocean_display_footer_bottom":"default","ocean_custom_footer_template":"0","footnotes":""},"class_list":["post-850","page","type-page","status-publish","hentry","entry"],"_links":{"self":[{"href":"https:\/\/globalmedi.co.uk\/fr\/wp-json\/wp\/v2\/pages\/850","targetHints":{"allow":["GET"]}}],"collection":[{"href":"https:\/\/globalmedi.co.uk\/fr\/wp-json\/wp\/v2\/pages"}],"about":[{"href":"https:\/\/globalmedi.co.uk\/fr\/wp-json\/wp\/v2\/types\/page"}],"author":[{"embeddable":true,"href":"https:\/\/globalmedi.co.uk\/fr\/wp-json\/wp\/v2\/users\/1"}],"replies":[{"embeddable":true,"href":"https:\/\/globalmedi.co.uk\/fr\/wp-json\/wp\/v2\/comments?post=850"}],"version-history":[{"count":21,"href":"https:\/\/globalmedi.co.uk\/fr\/wp-json\/wp\/v2\/pages\/850\/revisions"}],"predecessor-version":[{"id":1820,"href":"https:\/\/globalmedi.co.uk\/fr\/wp-json\/wp\/v2\/pages\/850\/revisions\/1820"}],"wp:attachment":[{"href":"https:\/\/globalmedi.co.uk\/fr\/wp-json\/wp\/v2\/media?parent=850"}],"curies":[{"name":"wp","href":"https:\/\/api.w.org\/{rel}","templated":true}]}}