{"id":816,"date":"2023-06-24T14:43:29","date_gmt":"2023-06-24T14:43:29","guid":{"rendered":"https:\/\/www.client.mydigitalcrew.com\/globalmedi\/?page_id=816"},"modified":"2023-09-19T12:51:00","modified_gmt":"2023-09-19T12:51:00","slug":"cheek-augmentation","status":"publish","type":"page","link":"https:\/\/globalmedi.co.uk\/fr\/cheek-augmentation\/","title":{"rendered":"Augmentation Des Joues"},"content":{"rendered":"\t\t<div data-elementor-type=\"wp-page\" data-elementor-id=\"816\" class=\"elementor elementor-816\">\n\t\t\t\t\t\t<section class=\"elementor-section elementor-top-section elementor-element elementor-element-1f8f403 elementor-section-full_width elementor-section-stretched elementor-section-height-default elementor-section-height-default\" data-id=\"1f8f403\" data-element_type=\"section\" data-settings=\"{&quot;stretch_section&quot;:&quot;section-stretched&quot;}\">\n\t\t\t\t\t\t<div class=\"elementor-container elementor-column-gap-default\">\n\t\t\t\t\t<div class=\"elementor-column elementor-col-50 elementor-top-column elementor-element elementor-element-a5e62db\" data-id=\"a5e62db\" data-element_type=\"column\" data-settings=\"{&quot;background_background&quot;:&quot;classic&quot;}\">\n\t\t\t<div class=\"elementor-widget-wrap elementor-element-populated\">\n\t\t\t\t\t\t<div class=\"elementor-element elementor-element-a05ce63 elementor-widget elementor-widget-text-editor\" data-id=\"a05ce63\" data-element_type=\"widget\" data-widget_type=\"text-editor.default\">\n\t\t\t\t<div class=\"elementor-widget-container\">\n\t\t\t<style>\/*! elementor - v3.20.0 - 26-03-2024 *\/\n.elementor-widget-text-editor.elementor-drop-cap-view-stacked .elementor-drop-cap{background-color:#69727d;color:#fff}.elementor-widget-text-editor.elementor-drop-cap-view-framed .elementor-drop-cap{color:#69727d;border:3px solid;background-color:transparent}.elementor-widget-text-editor:not(.elementor-drop-cap-view-default) .elementor-drop-cap{margin-top:8px}.elementor-widget-text-editor:not(.elementor-drop-cap-view-default) .elementor-drop-cap-letter{width:1em;height:1em}.elementor-widget-text-editor .elementor-drop-cap{float:left;text-align:center;line-height:1;font-size:50px}.elementor-widget-text-editor .elementor-drop-cap-letter{display:inline-block}<\/style>\t\t\t\tEn raison du vieillissement, les tissus du visage peuvent devenir plus\nminces et moins fins. Ajouter de l\u2019ampleur \u00e0 la joue peut am\u00e9liorer les\ncourbes du visage et cr\u00e9er une apparence plus jeune au visage.\nL\u2019augmentation des joues est ins\u00e9r\u00e9e pour am\u00e9liorer les pommettes ou\npour rendre les joues plus pleines. Les implants de joue \u00e9quilibrent les\ntraits du visage, vous rendant attrayant. Les implants de joue peuvent\n\u00e9galement conserver un aspect plus naturel du visage apr\u00e8s une\nchirurgie reconstructive (apr\u00e8s un cancer) ou d\u2019autres maladies et\nblessures. Les implants sont la proc\u00e9dure d\u2019augmentation effectu\u00e9e\npour l\u2019am\u00e9lioration chirurgicale des joues. Il existe plusieurs types\nd\u2019implants; Le chirurgien choisira le type le plus adequat en fonction\nde votre anatomie. La chirurgie est r\u00e9alis\u00e9e sous anesth\u00e9sie g\u00e9n\u00e9rale.\nElle est g\u00e9n\u00e9ralement effectu\u00e9e par une incision dans la bouche, plac\u00e9e\nau-dessus de la ligne des gencives. Pour ins\u00e9rer l\u2019implant, une poche\nest cr\u00e9\u00e9e au-dessus de la surface osseuse de la joue. Une vis est\npositionn\u00e9e et stabilis\u00e9e pour assurer la stabilit\u00e9 de l\u2019implant. Le\nmontant de l\u2019augmentation et la taille de l\u2019implant sont d\u00e9cid\u00e9s \u00e0\nl\u2019avance. Cela apportera une stabilit\u00e9 et une fiabilit\u00e9 naturelles \u00e0 votre\nvisage. La chirurgie dure une heure, mais peut \u00e9galement prendre plus\nde temps, en fonction de la combinaison sp\u00e9cifique de proc\u00e9dures\npr\u00e9vues. Suivi: Il y a une l\u00e9g\u00e8re irritation associ\u00e9e \u00e0 la chirurgie\nd\u2019augmentation des joues. Il y aura un gonflement sous la joue et les\nyeux. Cela se produit dans les 72 heures suivant la chirurgie, puis\ncommence \u00e0 reculer. De la glace pil\u00e9e doit \u00eatre appliqu\u00e9e sur la zone\nde gonflement. Le gonflement dispara\u00eetra dans deux semaines. Vous ne\ndevez pas dormir sur votre visage pendant au moins 6 \u00e0 8 semaines\napr\u00e8s la chirurgie. Pour contr\u00f4ler votre douleur postop\u00e9ratoire, des\nanalg\u00e9siques oraux sont utilis\u00e9s, et pour pr\u00e9venir l\u2019infection, des\nantibiotiques seront administr\u00e9s apr\u00e8s la chirurgie. Soyez prudent\nlorsque vous brossez les dents sup\u00e9rieures. Brossez verticalement et ne\nperturbez pas l\u2019incision de la ligne gingivale fra\u00eeche. Votre\nalimentation devrait \u00eatre bas\u00e9e sur des jus, du lait, des shakes et des\nbouillons pour les premi\u00e8res 24 heures. Plus tard, vous pouvez\ncommencer un r\u00e9gime doux (pendant environ 6-8 semaines). Les\ncoupures dans la bouche sont ferm\u00e9es avec des points de suture qui se\ndissolvent d\u2019elles-m\u00eames, il n\u2019est donc pas n\u00e9cessaire d\u2019aller chez le\nm\u00e9decin pour les enlever.\t\t\t\t\t\t<\/div>\n\t\t\t\t<\/div>\n\t\t\t\t\t<\/div>\n\t\t<\/div>\n\t\t\t\t<div class=\"elementor-column elementor-col-50 elementor-top-column elementor-element elementor-element-df77d1b\" data-id=\"df77d1b\" data-element_type=\"column\">\n\t\t\t<div class=\"elementor-widget-wrap elementor-element-populated\">\n\t\t\t\t\t\t<div class=\"elementor-element elementor-element-36a5f49 elementor-widget elementor-widget-image\" data-id=\"36a5f49\" data-element_type=\"widget\" data-widget_type=\"image.default\">\n\t\t\t\t<div class=\"elementor-widget-container\">\n\t\t\t<style>\/*! elementor - v3.20.0 - 26-03-2024 *\/\n.elementor-widget-image{text-align:center}.elementor-widget-image a{display:inline-block}.elementor-widget-image a img[src$=\".svg\"]{width:48px}.elementor-widget-image img{vertical-align:middle;display:inline-block}<\/style>\t\t\t\t\t\t\t\t\t\t<img fetchpriority=\"high\" decoding=\"async\" width=\"1024\" height=\"682\" src=\"https:\/\/globalmedi.co.uk\/fr\/wp-content\/uploads\/2023\/07\/Cheek-aug-1024x682.jpg\" class=\"attachment-large size-large wp-image-1096\" alt=\"\" srcset=\"https:\/\/globalmedi.co.uk\/fr\/wp-content\/uploads\/2023\/07\/Cheek-aug-1024x682.jpg 1024w, https:\/\/globalmedi.co.uk\/fr\/wp-content\/uploads\/2023\/07\/Cheek-aug-300x200.jpg 300w, https:\/\/globalmedi.co.uk\/fr\/wp-content\/uploads\/2023\/07\/Cheek-aug-768x512.jpg 768w, https:\/\/globalmedi.co.uk\/fr\/wp-content\/uploads\/2023\/07\/Cheek-aug-1536x1024.jpg 1536w, https:\/\/globalmedi.co.uk\/fr\/wp-content\/uploads\/2023\/07\/Cheek-aug-2048x1365.jpg 2048w\" sizes=\"(max-width: 1024px) 100vw, 1024px\" \/>\t\t\t\t\t\t\t\t\t\t\t\t\t<\/div>\n\t\t\t\t<\/div>\n\t\t\t\t\t<\/div>\n\t\t<\/div>\n\t\t\t\t\t<\/div>\n\t\t<\/section>\n\t\t\t\t<section class=\"elementor-section elementor-top-section elementor-element elementor-element-7f02704 elementor-section-full_width elementor-section-stretched elementor-hidden-desktop elementor-hidden-tablet elementor-hidden-mobile elementor-section-height-default elementor-section-height-default\" data-id=\"7f02704\" data-element_type=\"section\" data-settings=\"{&quot;stretch_section&quot;:&quot;section-stretched&quot;}\">\n\t\t\t\t\t\t<div class=\"elementor-container elementor-column-gap-default\">\n\t\t\t\t\t<div class=\"elementor-column elementor-col-50 elementor-top-column elementor-element elementor-element-e777401\" data-id=\"e777401\" data-element_type=\"column\" data-settings=\"{&quot;background_background&quot;:&quot;classic&quot;}\">\n\t\t\t<div class=\"elementor-widget-wrap elementor-element-populated\">\n\t\t\t\t\t\t<div class=\"elementor-element elementor-element-2cbeed6 elementor-widget elementor-widget-text-editor\" data-id=\"2cbeed6\" data-element_type=\"widget\" data-widget_type=\"text-editor.default\">\n\t\t\t\t<div class=\"elementor-widget-container\">\n\t\t\t\t\t\t\tDue to ageing, the tissues of the face can become thinner and less firm. Adding magnitude to the cheek can enhance facial curves and create younger appearance to the face. Cheek augmentation is inserted to improve cheekbones or to make cheeks fuller. Cheek implants balance facial features, making you look appealing. Cheek implants can also retain a more natural look to the face after reconstructive surgery (after cancer) or other illnesses and injury. Implants are the augmentation procedure performed for surgical cheek enhancement. \t\t\t\t\t\t<\/div>\n\t\t\t\t<\/div>\n\t\t\t\t\t<\/div>\n\t\t<\/div>\n\t\t\t\t<div class=\"elementor-column elementor-col-50 elementor-top-column elementor-element elementor-element-3792fff\" data-id=\"3792fff\" data-element_type=\"column\">\n\t\t\t<div class=\"elementor-widget-wrap elementor-element-populated\">\n\t\t\t\t\t\t<div class=\"elementor-element elementor-element-11faa41 elementor-widget elementor-widget-image\" data-id=\"11faa41\" data-element_type=\"widget\" data-widget_type=\"image.default\">\n\t\t\t\t<div class=\"elementor-widget-container\">\n\t\t\t\t\t\t\t\t\t\t\t\t\t<img fetchpriority=\"high\" decoding=\"async\" width=\"1024\" height=\"682\" src=\"https:\/\/globalmedi.co.uk\/fr\/wp-content\/uploads\/2023\/07\/Cheek-aug-1024x682.jpg\" class=\"attachment-large size-large wp-image-1096\" alt=\"\" srcset=\"https:\/\/globalmedi.co.uk\/fr\/wp-content\/uploads\/2023\/07\/Cheek-aug-1024x682.jpg 1024w, https:\/\/globalmedi.co.uk\/fr\/wp-content\/uploads\/2023\/07\/Cheek-aug-300x200.jpg 300w, https:\/\/globalmedi.co.uk\/fr\/wp-content\/uploads\/2023\/07\/Cheek-aug-768x512.jpg 768w, https:\/\/globalmedi.co.uk\/fr\/wp-content\/uploads\/2023\/07\/Cheek-aug-1536x1024.jpg 1536w, https:\/\/globalmedi.co.uk\/fr\/wp-content\/uploads\/2023\/07\/Cheek-aug-2048x1365.jpg 2048w\" sizes=\"(max-width: 1024px) 100vw, 1024px\" \/>\t\t\t\t\t\t\t\t\t\t\t\t\t<\/div>\n\t\t\t\t<\/div>\n\t\t\t\t\t<\/div>\n\t\t<\/div>\n\t\t\t\t\t<\/div>\n\t\t<\/section>\n\t\t\t\t<section class=\"elementor-section elementor-top-section elementor-element elementor-element-843eed1 elementor-section-full_width elementor-section-stretched elementor-hidden-desktop elementor-hidden-tablet elementor-hidden-mobile elementor-section-height-default elementor-section-height-default\" data-id=\"843eed1\" data-element_type=\"section\" data-settings=\"{&quot;stretch_section&quot;:&quot;section-stretched&quot;,&quot;background_background&quot;:&quot;classic&quot;}\">\n\t\t\t\t\t\t<div class=\"elementor-container elementor-column-gap-default\">\n\t\t\t\t\t<div class=\"elementor-column elementor-col-100 elementor-top-column elementor-element elementor-element-6e7ab7a\" data-id=\"6e7ab7a\" data-element_type=\"column\">\n\t\t\t<div class=\"elementor-widget-wrap elementor-element-populated\">\n\t\t\t\t\t\t<div class=\"elementor-element elementor-element-80fc972 elementor-widget elementor-widget-text-editor\" data-id=\"80fc972\" data-element_type=\"widget\" data-widget_type=\"text-editor.default\">\n\t\t\t\t<div class=\"elementor-widget-container\">\n\t\t\t\t\t\t\tThere are several types of implants; the surgeon will choose the right one according to your anatomy. The surgery is performed under general anaesthesia. It is generally performed through an incision in the mouth, placed above the gum line. To insert the implant, a pocket is created above the bony surface of the cheek. A screw is positioned and stabilised to achieve the implant&#8217;s stability. The amount of augmentation and the size of the implant is decided beforehand. This will provide natural stability and firmness to your face. The surgery takes one hour but may take longer also, depending on the specific combination of procedures planned. Aftercare: There is slight irritation associated with cheek augmentation surgery. There will be swelling under the cheek and eyes. This occurs within 72 years after the surgery and then starts to recede. Crushed ice should be applied to the swelling area. The swelling will disappear in two weeks. You must not sleep on your face for at least 6-8 weeks after the surgery. To control your post-operative pain, oral pain medication is used, and to prevent infection, antibiotics will be administered after surgery. Be careful while brushing the upper teeth. Brush vertically and do not disturb the fresh gum line incision. Your diet should be based on juices, milk, shakes, and broths for the first 24 hours. Later, you may start a soft diet (for around 6-8 weeks). The cuts in the mouth are closed with stitches that dissolve themselves, so there is no need to go doctor to remove them.\t\t\t\t\t\t<\/div>\n\t\t\t\t<\/div>\n\t\t\t\t\t<\/div>\n\t\t<\/div>\n\t\t\t\t\t<\/div>\n\t\t<\/section>\n\t\t\t\t<section class=\"elementor-section elementor-top-section elementor-element elementor-element-110fd42 elementor-hidden-desktop elementor-hidden-tablet elementor-hidden-mobile elementor-section-boxed elementor-section-height-default elementor-section-height-default\" data-id=\"110fd42\" data-element_type=\"section\" data-settings=\"{&quot;background_background&quot;:&quot;classic&quot;}\">\n\t\t\t\t\t\t<div class=\"elementor-container elementor-column-gap-default\">\n\t\t\t\t\t<div class=\"elementor-column elementor-col-100 elementor-top-column elementor-element elementor-element-488757b\" data-id=\"488757b\" data-element_type=\"column\">\n\t\t\t<div class=\"elementor-widget-wrap elementor-element-populated\">\n\t\t\t\t\t\t<div class=\"elementor-element elementor-element-71149c5 elementor-widget elementor-widget-heading\" data-id=\"71149c5\" data-element_type=\"widget\" data-widget_type=\"heading.default\">\n\t\t\t\t<div class=\"elementor-widget-container\">\n\t\t\t<style>\/*! elementor - v3.20.0 - 26-03-2024 *\/\n.elementor-heading-title{padding:0;margin:0;line-height:1}.elementor-widget-heading .elementor-heading-title[class*=elementor-size-]>a{color:inherit;font-size:inherit;line-height:inherit}.elementor-widget-heading .elementor-heading-title.elementor-size-small{font-size:15px}.elementor-widget-heading .elementor-heading-title.elementor-size-medium{font-size:19px}.elementor-widget-heading .elementor-heading-title.elementor-size-large{font-size:29px}.elementor-widget-heading .elementor-heading-title.elementor-size-xl{font-size:39px}.elementor-widget-heading .elementor-heading-title.elementor-size-xxl{font-size:59px}<\/style><h2 class=\"elementor-heading-title elementor-size-default\">Contact Globalmedi for a quote and appointment<br> with certified specialists in the field<\/h2>\t\t<\/div>\n\t\t\t\t<\/div>\n\t\t\t\t<div class=\"elementor-element elementor-element-eb2b1ba elementor-align-center elementor-widget elementor-widget-button\" data-id=\"eb2b1ba\" data-element_type=\"widget\" data-widget_type=\"button.default\">\n\t\t\t\t<div class=\"elementor-widget-container\">\n\t\t\t\t\t<div class=\"elementor-button-wrapper\">\n\t\t\t<a class=\"elementor-button elementor-button-link elementor-size-sm\" href=\"#\">\n\t\t\t\t\t\t<span class=\"elementor-button-content-wrapper\">\n\t\t\t\t\t\t<span class=\"elementor-button-icon elementor-align-icon-right\">\n\t\t\t\t<i aria-hidden=\"true\" class=\"fas fa-long-arrow-alt-right\"><\/i>\t\t\t<\/span>\n\t\t\t\t\t\t<span class=\"elementor-button-text\">Contact Now<\/span>\n\t\t<\/span>\n\t\t\t\t\t<\/a>\n\t\t<\/div>\n\t\t\t\t<\/div>\n\t\t\t\t<\/div>\n\t\t\t\t\t<\/div>\n\t\t<\/div>\n\t\t\t\t\t<\/div>\n\t\t<\/section>\n\t\t\t\t<\/div>\n\t\t","protected":false},"excerpt":{"rendered":"<p>En raison du vieillissement, les tissus du visage peuvent devenir plus minces et moins fins. Ajouter de l\u2019ampleur \u00e0 la joue peut am\u00e9liorer les courbes du visage et cr\u00e9er une apparence plus jeune au visage. L\u2019augmentation des joues est ins\u00e9r\u00e9e pour am\u00e9liorer les pommettes ou pour rendre les joues plus pleines. Les implants de joue [&hellip;]<\/p>\n","protected":false},"author":1,"featured_media":0,"parent":0,"menu_order":0,"comment_status":"closed","ping_status":"closed","template":"","meta":{"ocean_post_layout":"","ocean_both_sidebars_style":"","ocean_both_sidebars_content_width":0,"ocean_both_sidebars_sidebars_width":0,"ocean_sidebar":"0","ocean_second_sidebar":"0","ocean_disable_margins":"on","ocean_add_body_class":"","ocean_shortcode_before_top_bar":"","ocean_shortcode_after_top_bar":"","ocean_shortcode_before_header":"","ocean_shortcode_after_header":"","ocean_has_shortcode":"","ocean_shortcode_after_title":"","ocean_shortcode_before_footer_widgets":"","ocean_shortcode_after_footer_widgets":"","ocean_shortcode_before_footer_bottom":"","ocean_shortcode_after_footer_bottom":"","ocean_display_top_bar":"default","ocean_display_header":"default","ocean_header_style":"","ocean_center_header_left_menu":"0","ocean_custom_header_template":"0","ocean_custom_logo":0,"ocean_custom_retina_logo":0,"ocean_custom_logo_max_width":0,"ocean_custom_logo_tablet_max_width":0,"ocean_custom_logo_mobile_max_width":0,"ocean_custom_logo_max_height":0,"ocean_custom_logo_tablet_max_height":0,"ocean_custom_logo_mobile_max_height":0,"ocean_header_custom_menu":"0","ocean_menu_typo_font_family":"0","ocean_menu_typo_font_subset":"","ocean_menu_typo_font_size":0,"ocean_menu_typo_font_size_tablet":0,"ocean_menu_typo_font_size_mobile":0,"ocean_menu_typo_font_size_unit":"px","ocean_menu_typo_font_weight":"","ocean_menu_typo_font_weight_tablet":"","ocean_menu_typo_font_weight_mobile":"","ocean_menu_typo_transform":"","ocean_menu_typo_transform_tablet":"","ocean_menu_typo_transform_mobile":"","ocean_menu_typo_line_height":0,"ocean_menu_typo_line_height_tablet":0,"ocean_menu_typo_line_height_mobile":0,"ocean_menu_typo_line_height_unit":"","ocean_menu_typo_spacing":0,"ocean_menu_typo_spacing_tablet":0,"ocean_menu_typo_spacing_mobile":0,"ocean_menu_typo_spacing_unit":"","ocean_menu_link_color":"","ocean_menu_link_color_hover":"","ocean_menu_link_color_active":"","ocean_menu_link_background":"","ocean_menu_link_hover_background":"","ocean_menu_link_active_background":"","ocean_menu_social_links_bg":"","ocean_menu_social_hover_links_bg":"","ocean_menu_social_links_color":"","ocean_menu_social_hover_links_color":"","ocean_disable_title":"default","ocean_disable_heading":"default","ocean_post_title":"","ocean_post_subheading":"","ocean_post_title_style":"","ocean_post_title_background_color":"","ocean_post_title_background":0,"ocean_post_title_bg_image_position":"","ocean_post_title_bg_image_attachment":"","ocean_post_title_bg_image_repeat":"","ocean_post_title_bg_image_size":"","ocean_post_title_height":0,"ocean_post_title_bg_overlay":0.5,"ocean_post_title_bg_overlay_color":"","ocean_disable_breadcrumbs":"default","ocean_breadcrumbs_color":"","ocean_breadcrumbs_separator_color":"","ocean_breadcrumbs_links_color":"","ocean_breadcrumbs_links_hover_color":"","ocean_display_footer_widgets":"default","ocean_display_footer_bottom":"default","ocean_custom_footer_template":"0","footnotes":""},"class_list":["post-816","page","type-page","status-publish","hentry","entry"],"_links":{"self":[{"href":"https:\/\/globalmedi.co.uk\/fr\/wp-json\/wp\/v2\/pages\/816","targetHints":{"allow":["GET"]}}],"collection":[{"href":"https:\/\/globalmedi.co.uk\/fr\/wp-json\/wp\/v2\/pages"}],"about":[{"href":"https:\/\/globalmedi.co.uk\/fr\/wp-json\/wp\/v2\/types\/page"}],"author":[{"embeddable":true,"href":"https:\/\/globalmedi.co.uk\/fr\/wp-json\/wp\/v2\/users\/1"}],"replies":[{"embeddable":true,"href":"https:\/\/globalmedi.co.uk\/fr\/wp-json\/wp\/v2\/comments?post=816"}],"version-history":[{"count":20,"href":"https:\/\/globalmedi.co.uk\/fr\/wp-json\/wp\/v2\/pages\/816\/revisions"}],"predecessor-version":[{"id":1812,"href":"https:\/\/globalmedi.co.uk\/fr\/wp-json\/wp\/v2\/pages\/816\/revisions\/1812"}],"wp:attachment":[{"href":"https:\/\/globalmedi.co.uk\/fr\/wp-json\/wp\/v2\/media?parent=816"}],"curies":[{"name":"wp","href":"https:\/\/api.w.org\/{rel}","templated":true}]}}