{"id":808,"date":"2023-06-24T14:40:05","date_gmt":"2023-06-24T14:40:05","guid":{"rendered":"https:\/\/www.client.mydigitalcrew.com\/globalmedi\/?page_id=808"},"modified":"2023-09-19T12:50:37","modified_gmt":"2023-09-19T12:50:37","slug":"dimple-creation","status":"publish","type":"page","link":"https:\/\/globalmedi.co.uk\/fr\/dimple-creation\/","title":{"rendered":"De La Chirurgie De Fossette"},"content":{"rendered":"\t\t<div data-elementor-type=\"wp-page\" data-elementor-id=\"808\" class=\"elementor elementor-808\">\n\t\t\t\t\t\t<section class=\"elementor-section elementor-top-section elementor-element elementor-element-f7f62a6 elementor-section-full_width elementor-section-stretched elementor-section-height-default elementor-section-height-default\" data-id=\"f7f62a6\" data-element_type=\"section\" data-settings=\"{&quot;stretch_section&quot;:&quot;section-stretched&quot;}\">\n\t\t\t\t\t\t<div class=\"elementor-container elementor-column-gap-default\">\n\t\t\t\t\t<div class=\"elementor-column elementor-col-50 elementor-top-column elementor-element elementor-element-4d53d25\" data-id=\"4d53d25\" data-element_type=\"column\" data-settings=\"{&quot;background_background&quot;:&quot;classic&quot;}\">\n\t\t\t<div class=\"elementor-widget-wrap elementor-element-populated\">\n\t\t\t\t\t\t<div class=\"elementor-element elementor-element-aa2f7a2 elementor-widget elementor-widget-text-editor\" data-id=\"aa2f7a2\" data-element_type=\"widget\" data-widget_type=\"text-editor.default\">\n\t\t\t\t<div class=\"elementor-widget-container\">\n\t\t\t<style>\/*! elementor - v3.20.0 - 26-03-2024 *\/\n.elementor-widget-text-editor.elementor-drop-cap-view-stacked .elementor-drop-cap{background-color:#69727d;color:#fff}.elementor-widget-text-editor.elementor-drop-cap-view-framed .elementor-drop-cap{color:#69727d;border:3px solid;background-color:transparent}.elementor-widget-text-editor:not(.elementor-drop-cap-view-default) .elementor-drop-cap{margin-top:8px}.elementor-widget-text-editor:not(.elementor-drop-cap-view-default) .elementor-drop-cap-letter{width:1em;height:1em}.elementor-widget-text-editor .elementor-drop-cap{float:left;text-align:center;line-height:1;font-size:50px}.elementor-widget-text-editor .elementor-drop-cap-letter{display:inline-block}<\/style>\t\t\t\tLes fossettes se produisent en raison de la disposition g\u00e9n\u00e9tique, mais\npeuvent \u00e9galement \u00eatre acquises par des proc\u00e9dures chirurgicales. Les\ngens optent pour la chirurgie des fossettes pour un plus beau sourire,\ncar les fossettes sont li\u00e9es \u00e0 la jeunesse et \u00e0 l\u2019attractivit\u00e9. De telles\nfossettes sont consid\u00e9r\u00e9es comme un signe de beaut\u00e9; Dans certaines\ncultures, ils sont un signe de bonne fortune. En raison de son charme,\nles chirurgies \u00e0 fossettes ont consid\u00e9rablement augment\u00e9. La cr\u00e9ation\nde fossettes est une chirurgie esth\u00e9tique rapide (environ 30 \u00e0 45\nminutes) impliquant un faible risque. Pour effectuer la chirurgie, le\nm\u00e9decin utiliserait une anesth\u00e9sie locale et un instrument de biopsie\npour cr\u00e9er un trou dans la peau afin de faire manuellement une\nfossette. Une fois que le m\u00e9decin fait de la place pour la future\nfossette, il positionne un point d\u2019un c\u00f4t\u00e9 du muscle de la joue \u00e0 l\u2019autre.\nLe point est ensuite attach\u00e9 pour mettre la fossette en ordre de fa\u00e7on\npermanente. La fossette reste en permanence sur la joue et la partie\naffect\u00e9e prend une semaine ou deux pour gu\u00e9rir. Vous aurez une\ncertaine douleur dans la joue, mais elle devrait \u00eatre minime et ne\ndevrait pas interf\u00e9rer avec votre capacit\u00e9 \u00e0 m\u00e2cher et \u00e0 manger\nnormalement.\t\t\t\t\t\t<\/div>\n\t\t\t\t<\/div>\n\t\t\t\t<div class=\"elementor-element elementor-element-4819c17 elementor-widget elementor-widget-text-editor\" data-id=\"4819c17\" data-element_type=\"widget\" data-widget_type=\"text-editor.default\">\n\t\t\t\t<div class=\"elementor-widget-container\">\n\t\t\t\t\t\t\tLa r\u00e9cup\u00e9ration de la chirurgie de fossette est relativement rapide, vous\ndevriez donc pouvoir rentrer chez vous peu de temps apr\u00e8s la\nproc\u00e9dure. Pendant les premiers jours de la chirurgie, vous pouvez\nressentir de l\u2019inconfort, mais les muscles gu\u00e9rissent rapidement et il y\na peu de risques d\u2019infection. Les complications peuvent \u00eatre \u00e9vit\u00e9es en\nutilisant l\u2019hygi\u00e8ne buccale post-traitement. Il serait pr\u00e9f\u00e9rable que vous\nutilisiez un rince-bouche antiseptique tous les jours comme\nrecommand\u00e9 par le m\u00e9decin, ainsi que des m\u00e9dicaments prescrits.\nRappelez-vous que le tabac peut avoir un impact sur la gu\u00e9rison et le\nr\u00e9tablissement, il devrait donc \u00eatre arr\u00eat\u00e9 avant et apr\u00e8s la proc\u00e9dure.\nDans certains cas, votre chirurgien peut vous conseiller d\u2019arr\u00eater de\nfumer pendant trois \u00e0 six semaines avant la chirurgie. Vous devez vous\nabstenir d\u2019activit\u00e9s telles que la cr\u00e9ation d\u2019expressions faciales\nanim\u00e9es ou d\u2019activit\u00e9s. Aussi, mieux vaut \u00e9viter les sports de contact\npendant environ 2 semaines apr\u00e8s la proc\u00e9dure. Cela affaiblirait votre\nmuscle de la joue et entra\u00eenerait un temps de r\u00e9cup\u00e9ration\nconsid\u00e9rable.\t\t\t\t\t\t<\/div>\n\t\t\t\t<\/div>\n\t\t\t\t\t<\/div>\n\t\t<\/div>\n\t\t\t\t<div class=\"elementor-column elementor-col-50 elementor-top-column elementor-element elementor-element-bbb1d6b\" data-id=\"bbb1d6b\" data-element_type=\"column\">\n\t\t\t<div class=\"elementor-widget-wrap elementor-element-populated\">\n\t\t\t\t\t\t<div class=\"elementor-element elementor-element-6292d2e elementor-widget elementor-widget-image\" data-id=\"6292d2e\" data-element_type=\"widget\" data-widget_type=\"image.default\">\n\t\t\t\t<div class=\"elementor-widget-container\">\n\t\t\t<style>\/*! elementor - v3.20.0 - 26-03-2024 *\/\n.elementor-widget-image{text-align:center}.elementor-widget-image a{display:inline-block}.elementor-widget-image a img[src$=\".svg\"]{width:48px}.elementor-widget-image img{vertical-align:middle;display:inline-block}<\/style>\t\t\t\t\t\t\t\t\t\t<img fetchpriority=\"high\" decoding=\"async\" width=\"974\" height=\"1024\" src=\"https:\/\/globalmedi.co.uk\/fr\/wp-content\/uploads\/2023\/07\/Dimple-Creation-3-974x1024.jpg\" class=\"attachment-large size-large wp-image-1121\" alt=\"\" srcset=\"https:\/\/globalmedi.co.uk\/fr\/wp-content\/uploads\/2023\/07\/Dimple-Creation-3-974x1024.jpg 974w, https:\/\/globalmedi.co.uk\/fr\/wp-content\/uploads\/2023\/07\/Dimple-Creation-3-285x300.jpg 285w, https:\/\/globalmedi.co.uk\/fr\/wp-content\/uploads\/2023\/07\/Dimple-Creation-3-768x807.jpg 768w, https:\/\/globalmedi.co.uk\/fr\/wp-content\/uploads\/2023\/07\/Dimple-Creation-3.jpg 1217w\" sizes=\"(max-width: 974px) 100vw, 974px\" \/>\t\t\t\t\t\t\t\t\t\t\t\t\t<\/div>\n\t\t\t\t<\/div>\n\t\t\t\t\t<\/div>\n\t\t<\/div>\n\t\t\t\t\t<\/div>\n\t\t<\/section>\n\t\t\t\t<section class=\"elementor-section elementor-top-section elementor-element elementor-element-a36b9ef elementor-section-full_width elementor-section-stretched elementor-hidden-desktop elementor-hidden-tablet elementor-hidden-mobile elementor-section-height-default elementor-section-height-default\" data-id=\"a36b9ef\" data-element_type=\"section\" data-settings=\"{&quot;stretch_section&quot;:&quot;section-stretched&quot;}\">\n\t\t\t\t\t\t<div class=\"elementor-container elementor-column-gap-default\">\n\t\t\t\t\t<div class=\"elementor-column elementor-col-50 elementor-top-column elementor-element elementor-element-7cc3ec4\" data-id=\"7cc3ec4\" data-element_type=\"column\" data-settings=\"{&quot;background_background&quot;:&quot;classic&quot;}\">\n\t\t\t<div class=\"elementor-widget-wrap elementor-element-populated\">\n\t\t\t\t\t\t<div class=\"elementor-element elementor-element-7d8cbf4 elementor-widget elementor-widget-text-editor\" data-id=\"7d8cbf4\" data-element_type=\"widget\" data-widget_type=\"text-editor.default\">\n\t\t\t\t<div class=\"elementor-widget-container\">\n\t\t\t\t\t\t\tDimples occur because of genetic disposition but can also be acquired through surgical procedures. People opt for dimple surgery for a more beautiful smile, as dimples are linked with youth and attractiveness. Such dimples are considered a sign of beauty; in some cultures, they are a sign of good fortune. On account of its charm, dimple surgeries have increased significantly. Dimple creation is quick cosmetic surgery (around 30 &#8211; 45 minutes) involving low risk. To perform the surgery, the doctor would use local anaesthesia and a biopsy instrument to create a hole in the skin to manually make a dimple.\t\t\t\t\t\t<\/div>\n\t\t\t\t<\/div>\n\t\t\t\t<div class=\"elementor-element elementor-element-ba83417 elementor-widget elementor-widget-text-editor\" data-id=\"ba83417\" data-element_type=\"widget\" data-widget_type=\"text-editor.default\">\n\t\t\t\t<div class=\"elementor-widget-container\">\n\t\t\t\t\t\t\tOnce the doctor makes room for the future dimple, then he positions a stitch from one side of the cheek muscle to the other. The stitch is then tied to put the dimple permanently in order. The dimple remains permanently on the cheek, and the affected part takes a week or two to heal. You will have some pain in the cheek, but it should be minimal and should not interfere with your ability to chew and eat normally.\t\t\t\t\t\t<\/div>\n\t\t\t\t<\/div>\n\t\t\t\t\t<\/div>\n\t\t<\/div>\n\t\t\t\t<div class=\"elementor-column elementor-col-50 elementor-top-column elementor-element elementor-element-35c9e3e\" data-id=\"35c9e3e\" data-element_type=\"column\">\n\t\t\t<div class=\"elementor-widget-wrap elementor-element-populated\">\n\t\t\t\t\t\t<div class=\"elementor-element elementor-element-3799bb7 elementor-widget elementor-widget-image\" data-id=\"3799bb7\" data-element_type=\"widget\" data-widget_type=\"image.default\">\n\t\t\t\t<div class=\"elementor-widget-container\">\n\t\t\t\t\t\t\t\t\t\t\t\t\t<img fetchpriority=\"high\" decoding=\"async\" width=\"974\" height=\"1024\" src=\"https:\/\/globalmedi.co.uk\/fr\/wp-content\/uploads\/2023\/07\/Dimple-Creation-3-974x1024.jpg\" class=\"attachment-large size-large wp-image-1121\" alt=\"\" srcset=\"https:\/\/globalmedi.co.uk\/fr\/wp-content\/uploads\/2023\/07\/Dimple-Creation-3-974x1024.jpg 974w, https:\/\/globalmedi.co.uk\/fr\/wp-content\/uploads\/2023\/07\/Dimple-Creation-3-285x300.jpg 285w, https:\/\/globalmedi.co.uk\/fr\/wp-content\/uploads\/2023\/07\/Dimple-Creation-3-768x807.jpg 768w, https:\/\/globalmedi.co.uk\/fr\/wp-content\/uploads\/2023\/07\/Dimple-Creation-3.jpg 1217w\" sizes=\"(max-width: 974px) 100vw, 974px\" \/>\t\t\t\t\t\t\t\t\t\t\t\t\t<\/div>\n\t\t\t\t<\/div>\n\t\t\t\t\t<\/div>\n\t\t<\/div>\n\t\t\t\t\t<\/div>\n\t\t<\/section>\n\t\t\t\t<section class=\"elementor-section elementor-top-section elementor-element elementor-element-ce557c0 elementor-section-full_width elementor-section-stretched elementor-hidden-desktop elementor-hidden-tablet elementor-hidden-mobile elementor-section-height-default elementor-section-height-default\" data-id=\"ce557c0\" data-element_type=\"section\" data-settings=\"{&quot;stretch_section&quot;:&quot;section-stretched&quot;,&quot;background_background&quot;:&quot;classic&quot;}\">\n\t\t\t\t\t\t<div class=\"elementor-container elementor-column-gap-default\">\n\t\t\t\t\t<div class=\"elementor-column elementor-col-100 elementor-top-column elementor-element elementor-element-7a3ba03\" data-id=\"7a3ba03\" data-element_type=\"column\">\n\t\t\t<div class=\"elementor-widget-wrap elementor-element-populated\">\n\t\t\t\t\t\t<div class=\"elementor-element elementor-element-bdf63c7 elementor-widget elementor-widget-text-editor\" data-id=\"bdf63c7\" data-element_type=\"widget\" data-widget_type=\"text-editor.default\">\n\t\t\t\t<div class=\"elementor-widget-container\">\n\t\t\t\t\t\t\tOnce the doctor makes room for the future dimple, then he positions a stitch from one side of the cheek muscle to the other. The stitch is then tied to put the dimple permanently in order. The dimple remains permanently on the cheek, and the affected part takes a week or two to heal. You will have some pain in the cheek, but it should be minimal and should not interfere with your ability to chew and eat normally.\t\t\t\t\t\t<\/div>\n\t\t\t\t<\/div>\n\t\t\t\t\t<\/div>\n\t\t<\/div>\n\t\t\t\t\t<\/div>\n\t\t<\/section>\n\t\t\t\t<section class=\"elementor-section elementor-top-section elementor-element elementor-element-7b13194 elementor-section-full_width elementor-section-stretched elementor-hidden-desktop elementor-hidden-tablet elementor-hidden-mobile elementor-section-height-default elementor-section-height-default\" data-id=\"7b13194\" data-element_type=\"section\" data-settings=\"{&quot;stretch_section&quot;:&quot;section-stretched&quot;}\">\n\t\t\t\t\t\t<div class=\"elementor-container elementor-column-gap-default\">\n\t\t\t\t\t<div class=\"elementor-column elementor-col-50 elementor-top-column elementor-element elementor-element-f68ba65\" data-id=\"f68ba65\" data-element_type=\"column\">\n\t\t\t<div class=\"elementor-widget-wrap elementor-element-populated\">\n\t\t\t\t\t\t<div class=\"elementor-element elementor-element-96c97a9 elementor-widget elementor-widget-image\" data-id=\"96c97a9\" data-element_type=\"widget\" data-widget_type=\"image.default\">\n\t\t\t\t<div class=\"elementor-widget-container\">\n\t\t\t\t\t\t\t\t\t\t\t\t\t<img fetchpriority=\"high\" decoding=\"async\" width=\"974\" height=\"1024\" src=\"https:\/\/globalmedi.co.uk\/fr\/wp-content\/uploads\/2023\/07\/Dimple-Creation-3-974x1024.jpg\" class=\"attachment-large size-large wp-image-1121\" alt=\"\" srcset=\"https:\/\/globalmedi.co.uk\/fr\/wp-content\/uploads\/2023\/07\/Dimple-Creation-3-974x1024.jpg 974w, https:\/\/globalmedi.co.uk\/fr\/wp-content\/uploads\/2023\/07\/Dimple-Creation-3-285x300.jpg 285w, https:\/\/globalmedi.co.uk\/fr\/wp-content\/uploads\/2023\/07\/Dimple-Creation-3-768x807.jpg 768w, https:\/\/globalmedi.co.uk\/fr\/wp-content\/uploads\/2023\/07\/Dimple-Creation-3.jpg 1217w\" sizes=\"(max-width: 974px) 100vw, 974px\" \/>\t\t\t\t\t\t\t\t\t\t\t\t\t<\/div>\n\t\t\t\t<\/div>\n\t\t\t\t\t<\/div>\n\t\t<\/div>\n\t\t\t\t<div class=\"elementor-column elementor-col-50 elementor-top-column elementor-element elementor-element-14b1081\" data-id=\"14b1081\" data-element_type=\"column\" data-settings=\"{&quot;background_background&quot;:&quot;classic&quot;}\">\n\t\t\t<div class=\"elementor-widget-wrap elementor-element-populated\">\n\t\t\t\t\t\t<div class=\"elementor-element elementor-element-f565f13 elementor-widget elementor-widget-heading\" data-id=\"f565f13\" data-element_type=\"widget\" data-widget_type=\"heading.default\">\n\t\t\t\t<div class=\"elementor-widget-container\">\n\t\t\t<style>\/*! elementor - v3.20.0 - 26-03-2024 *\/\n.elementor-heading-title{padding:0;margin:0;line-height:1}.elementor-widget-heading .elementor-heading-title[class*=elementor-size-]>a{color:inherit;font-size:inherit;line-height:inherit}.elementor-widget-heading .elementor-heading-title.elementor-size-small{font-size:15px}.elementor-widget-heading .elementor-heading-title.elementor-size-medium{font-size:19px}.elementor-widget-heading .elementor-heading-title.elementor-size-large{font-size:29px}.elementor-widget-heading .elementor-heading-title.elementor-size-xl{font-size:39px}.elementor-widget-heading .elementor-heading-title.elementor-size-xxl{font-size:59px}<\/style><h2 class=\"elementor-heading-title elementor-size-default\">Aftercare<\/h2>\t\t<\/div>\n\t\t\t\t<\/div>\n\t\t\t\t<div class=\"elementor-element elementor-element-293e3f9 elementor-widget elementor-widget-text-editor\" data-id=\"293e3f9\" data-element_type=\"widget\" data-widget_type=\"text-editor.default\">\n\t\t\t\t<div class=\"elementor-widget-container\">\n\t\t\t\t\t\t\tRecovery from dimple surgery is relatively quick, so you should be able to go home shortly after the procedure. For the initial few days of the surgery, you may experience discomfort, but the muscles heal quickly, and there are little chances of infection. The complications can be prevented by using oral hygiene post-treatment. It would be best if you used antiseptic mouthwash every day as recommended by the doctor, along with prescribed medicines. Remember that tobacco can impact healing and recovery, so it should be stopped before and after the procedure. In some cases, your surgeon may advise you to quit for three to six weeks before surgery. You should restrain from activities such as making animated facial expressions or activities. Also, better to avoid contact sports for around 2 weeks after the procedure. This would weaken your cheek muscle and lead to considerable recovery time.\t\t\t\t\t\t<\/div>\n\t\t\t\t<\/div>\n\t\t\t\t\t<\/div>\n\t\t<\/div>\n\t\t\t\t\t<\/div>\n\t\t<\/section>\n\t\t\t\t<section class=\"elementor-section elementor-top-section elementor-element elementor-element-b730789 elementor-hidden-desktop elementor-hidden-tablet elementor-hidden-mobile elementor-section-boxed elementor-section-height-default elementor-section-height-default\" data-id=\"b730789\" data-element_type=\"section\" data-settings=\"{&quot;background_background&quot;:&quot;classic&quot;}\">\n\t\t\t\t\t\t<div class=\"elementor-container elementor-column-gap-default\">\n\t\t\t\t\t<div class=\"elementor-column elementor-col-100 elementor-top-column elementor-element elementor-element-f7a6160\" data-id=\"f7a6160\" data-element_type=\"column\">\n\t\t\t<div class=\"elementor-widget-wrap elementor-element-populated\">\n\t\t\t\t\t\t<div class=\"elementor-element elementor-element-a38723c elementor-widget elementor-widget-heading\" data-id=\"a38723c\" data-element_type=\"widget\" data-widget_type=\"heading.default\">\n\t\t\t\t<div class=\"elementor-widget-container\">\n\t\t\t<h2 class=\"elementor-heading-title elementor-size-default\">Contact Globalmedi for a quote and appointment<br> with certified specialists in the field<\/h2>\t\t<\/div>\n\t\t\t\t<\/div>\n\t\t\t\t<div class=\"elementor-element elementor-element-c5cc6d2 elementor-align-center elementor-widget elementor-widget-button\" data-id=\"c5cc6d2\" data-element_type=\"widget\" data-widget_type=\"button.default\">\n\t\t\t\t<div class=\"elementor-widget-container\">\n\t\t\t\t\t<div class=\"elementor-button-wrapper\">\n\t\t\t<a class=\"elementor-button elementor-button-link elementor-size-sm\" href=\"#\">\n\t\t\t\t\t\t<span class=\"elementor-button-content-wrapper\">\n\t\t\t\t\t\t<span class=\"elementor-button-icon elementor-align-icon-right\">\n\t\t\t\t<i aria-hidden=\"true\" class=\"fas fa-long-arrow-alt-right\"><\/i>\t\t\t<\/span>\n\t\t\t\t\t\t<span class=\"elementor-button-text\">Contact Now<\/span>\n\t\t<\/span>\n\t\t\t\t\t<\/a>\n\t\t<\/div>\n\t\t\t\t<\/div>\n\t\t\t\t<\/div>\n\t\t\t\t\t<\/div>\n\t\t<\/div>\n\t\t\t\t\t<\/div>\n\t\t<\/section>\n\t\t\t\t<\/div>\n\t\t","protected":false},"excerpt":{"rendered":"<p>Les fossettes se produisent en raison de la disposition g\u00e9n\u00e9tique, mais peuvent \u00e9galement \u00eatre acquises par des proc\u00e9dures chirurgicales. Les gens optent pour la chirurgie des fossettes pour un plus beau sourire, car les fossettes sont li\u00e9es \u00e0 la jeunesse et \u00e0 l\u2019attractivit\u00e9. De telles fossettes sont consid\u00e9r\u00e9es comme un signe de beaut\u00e9; Dans certaines [&hellip;]<\/p>\n","protected":false},"author":1,"featured_media":0,"parent":0,"menu_order":0,"comment_status":"closed","ping_status":"closed","template":"","meta":{"ocean_post_layout":"","ocean_both_sidebars_style":"","ocean_both_sidebars_content_width":0,"ocean_both_sidebars_sidebars_width":0,"ocean_sidebar":"0","ocean_second_sidebar":"0","ocean_disable_margins":"enable","ocean_add_body_class":"","ocean_shortcode_before_top_bar":"","ocean_shortcode_after_top_bar":"","ocean_shortcode_before_header":"","ocean_shortcode_after_header":"","ocean_has_shortcode":"","ocean_shortcode_after_title":"","ocean_shortcode_before_footer_widgets":"","ocean_shortcode_after_footer_widgets":"","ocean_shortcode_before_footer_bottom":"","ocean_shortcode_after_footer_bottom":"","ocean_display_top_bar":"default","ocean_display_header":"default","ocean_header_style":"","ocean_center_header_left_menu":"0","ocean_custom_header_template":"0","ocean_custom_logo":0,"ocean_custom_retina_logo":0,"ocean_custom_logo_max_width":0,"ocean_custom_logo_tablet_max_width":0,"ocean_custom_logo_mobile_max_width":0,"ocean_custom_logo_max_height":0,"ocean_custom_logo_tablet_max_height":0,"ocean_custom_logo_mobile_max_height":0,"ocean_header_custom_menu":"0","ocean_menu_typo_font_family":"0","ocean_menu_typo_font_subset":"","ocean_menu_typo_font_size":0,"ocean_menu_typo_font_size_tablet":0,"ocean_menu_typo_font_size_mobile":0,"ocean_menu_typo_font_size_unit":"px","ocean_menu_typo_font_weight":"","ocean_menu_typo_font_weight_tablet":"","ocean_menu_typo_font_weight_mobile":"","ocean_menu_typo_transform":"","ocean_menu_typo_transform_tablet":"","ocean_menu_typo_transform_mobile":"","ocean_menu_typo_line_height":0,"ocean_menu_typo_line_height_tablet":0,"ocean_menu_typo_line_height_mobile":0,"ocean_menu_typo_line_height_unit":"","ocean_menu_typo_spacing":0,"ocean_menu_typo_spacing_tablet":0,"ocean_menu_typo_spacing_mobile":0,"ocean_menu_typo_spacing_unit":"","ocean_menu_link_color":"","ocean_menu_link_color_hover":"","ocean_menu_link_color_active":"","ocean_menu_link_background":"","ocean_menu_link_hover_background":"","ocean_menu_link_active_background":"","ocean_menu_social_links_bg":"","ocean_menu_social_hover_links_bg":"","ocean_menu_social_links_color":"","ocean_menu_social_hover_links_color":"","ocean_disable_title":"default","ocean_disable_heading":"default","ocean_post_title":"","ocean_post_subheading":"","ocean_post_title_style":"","ocean_post_title_background_color":"","ocean_post_title_background":0,"ocean_post_title_bg_image_position":"","ocean_post_title_bg_image_attachment":"","ocean_post_title_bg_image_repeat":"","ocean_post_title_bg_image_size":"","ocean_post_title_height":0,"ocean_post_title_bg_overlay":0.5,"ocean_post_title_bg_overlay_color":"","ocean_disable_breadcrumbs":"default","ocean_breadcrumbs_color":"","ocean_breadcrumbs_separator_color":"","ocean_breadcrumbs_links_color":"","ocean_breadcrumbs_links_hover_color":"","ocean_display_footer_widgets":"default","ocean_display_footer_bottom":"default","ocean_custom_footer_template":"0","footnotes":""},"class_list":["post-808","page","type-page","status-publish","hentry","entry"],"_links":{"self":[{"href":"https:\/\/globalmedi.co.uk\/fr\/wp-json\/wp\/v2\/pages\/808","targetHints":{"allow":["GET"]}}],"collection":[{"href":"https:\/\/globalmedi.co.uk\/fr\/wp-json\/wp\/v2\/pages"}],"about":[{"href":"https:\/\/globalmedi.co.uk\/fr\/wp-json\/wp\/v2\/types\/page"}],"author":[{"embeddable":true,"href":"https:\/\/globalmedi.co.uk\/fr\/wp-json\/wp\/v2\/users\/1"}],"replies":[{"embeddable":true,"href":"https:\/\/globalmedi.co.uk\/fr\/wp-json\/wp\/v2\/comments?post=808"}],"version-history":[{"count":38,"href":"https:\/\/globalmedi.co.uk\/fr\/wp-json\/wp\/v2\/pages\/808\/revisions"}],"predecessor-version":[{"id":1811,"href":"https:\/\/globalmedi.co.uk\/fr\/wp-json\/wp\/v2\/pages\/808\/revisions\/1811"}],"wp:attachment":[{"href":"https:\/\/globalmedi.co.uk\/fr\/wp-json\/wp\/v2\/media?parent=808"}],"curies":[{"name":"wp","href":"https:\/\/api.w.org\/{rel}","templated":true}]}}