{"id":792,"date":"2023-06-24T14:33:00","date_gmt":"2023-06-24T14:33:00","guid":{"rendered":"https:\/\/www.client.mydigitalcrew.com\/globalmedi\/?page_id=792"},"modified":"2023-09-19T12:49:34","modified_gmt":"2023-09-19T12:49:34","slug":"chin-surgery-2","status":"publish","type":"page","link":"https:\/\/globalmedi.co.uk\/fr\/chin-surgery-2\/","title":{"rendered":"Chirurgie Du Menton"},"content":{"rendered":"\t\t<div data-elementor-type=\"wp-page\" data-elementor-id=\"792\" class=\"elementor elementor-792\">\n\t\t\t\t\t\t<section class=\"elementor-section elementor-top-section elementor-element elementor-element-d51ffce elementor-section-full_width elementor-section-stretched elementor-section-height-default elementor-section-height-default\" data-id=\"d51ffce\" data-element_type=\"section\" data-settings=\"{&quot;stretch_section&quot;:&quot;section-stretched&quot;}\">\n\t\t\t\t\t\t<div class=\"elementor-container elementor-column-gap-default\">\n\t\t\t\t\t<div class=\"elementor-column elementor-col-50 elementor-top-column elementor-element elementor-element-2ba3b0f\" data-id=\"2ba3b0f\" data-element_type=\"column\" data-settings=\"{&quot;background_background&quot;:&quot;classic&quot;}\">\n\t\t\t<div class=\"elementor-widget-wrap elementor-element-populated\">\n\t\t\t\t\t\t<div class=\"elementor-element elementor-element-5593015 elementor-widget elementor-widget-text-editor\" data-id=\"5593015\" data-element_type=\"widget\" data-widget_type=\"text-editor.default\">\n\t\t\t\t<div class=\"elementor-widget-container\">\n\t\t\t<style>\/*! elementor - v3.20.0 - 26-03-2024 *\/\n.elementor-widget-text-editor.elementor-drop-cap-view-stacked .elementor-drop-cap{background-color:#69727d;color:#fff}.elementor-widget-text-editor.elementor-drop-cap-view-framed .elementor-drop-cap{color:#69727d;border:3px solid;background-color:transparent}.elementor-widget-text-editor:not(.elementor-drop-cap-view-default) .elementor-drop-cap{margin-top:8px}.elementor-widget-text-editor:not(.elementor-drop-cap-view-default) .elementor-drop-cap-letter{width:1em;height:1em}.elementor-widget-text-editor .elementor-drop-cap{float:left;text-align:center;line-height:1;font-size:50px}.elementor-widget-text-editor .elementor-drop-cap-letter{display:inline-block}<\/style>\t\t\t\tLa chirurgie du menton (g\u00e9nioplastie) rectifie le menton asym\u00e9trique\nou le double menton. Le remodelage du menton peut \u00eatre accompli \u00e0\nl\u2019aide d\u2019implants mentonniers ou de repositionnement de l\u2019os\nsoutenant le menton. La g\u00e9nioplastie est r\u00e9alis\u00e9e sous anesth\u00e9sie\ng\u00e9n\u00e9rale. Dans la proc\u00e9dure, les tissus mous sont s\u00e9par\u00e9s de l\u2019os du\nmenton en coupant la gencive des l\u00e8vres inf\u00e9rieures sous les dents\ninf\u00e9rieures. Le chirurgien utilise a une scie pour couper une petite\nligne dress\u00e9e dans le menton pour r\u00e9f\u00e9rence. C\u2019est pour s\u2019assurer que\nl\u2019os reste droit lorsqu\u2019il est d\u00e9plac\u00e9. Le m\u00e9decin fait ensuite une coupe\ndroite \u00e0 c\u00f4t\u00e9 de l\u2019os du menton. Si vous voulez que votre menton soit\nplus petit, le m\u00e9decin coupera un coin d\u2019os et le fera glisser vers\nl\u2019avant ou vers l\u2019arri\u00e8re, en attachant des attaches et une plaque de\nm\u00e9tal pour s\u2019assurer qu\u2019il reste en place. Ensuite, la coupe est cousue\nferm\u00e9e. La chirurgie d\u2019implant mentonnier est effectu\u00e9e pour\nremodeler, agrandir ou pousser vers l\u2019avant l\u2019apparence du menton.\nL\u2019augmentation du menton consiste \u00e0 implanter un mat\u00e9riau plastique\n(implant alloplasique) dans le menton et \u00e0 le coller \u00e0 l\u2019os. Les implants\nsont fix\u00e9s \u00e0 l\u2019os avec des vis. Le chirurgien suture les coupures une\nfois le mat\u00e9rial implant\u00e9. L\u2019augmentation non chirurgicale du menton\ncomprend l\u2019utilisation d\u2019aiguilles pour injecter des fili\u00e8res afin\nd\u2019amplifier l\u2019apparence du menton. Si vous vous inqui\u00e9tez de la\nposition, de la forme ou du contour de votre menton, la chirurgie de\ng\u00e9nioplastie peut \u00eatre la bonne option pour vous. Le m\u00e9decin discutera\nde vos objectifs avec vous et vous expliquera ce qui peut \u00eatre\naccompli. Le plan de traitement est personnalis\u00e9 en fonction des\nbesoins et des exigences du patient.\t\t\t\t\t\t<\/div>\n\t\t\t\t<\/div>\n\t\t\t\t<div class=\"elementor-element elementor-element-6e946f8 elementor-widget elementor-widget-text-editor\" data-id=\"6e946f8\" data-element_type=\"widget\" data-widget_type=\"text-editor.default\">\n\t\t\t\t<div class=\"elementor-widget-container\">\n\t\t\t\t\t\t\tApr\u00e8s la chirurgie, il est fr\u00e9quent de ressentir un gonflement, une\nrougeur et des ecchymoses, qui dispara\u00eetront en quelques jours. Le\nm\u00e9decin vous sugg\u00e9rera de prendre des antibiotiques oraux. Il est\nconseill\u00e9 de suivre un r\u00e9gime liquide ou \u00e0 base d\u2019aliments mous apr\u00e8s\nla chirurgie. Apr\u00e8s chaque repas, la bouche doit \u00eatre rinc\u00e9e avec un\nrince-bouche. Il n\u2019est pas recommand\u00e9 de faire du sport ou de\nl\u2019exercice 10 jours apr\u00e8s la chirurgie. Les remplisseurs ont un temps de\nr\u00e9cup\u00e9ration minimum. Le temps de r\u00e9cup\u00e9ration des implants\nchirurgicaux est similaire \u00e0 celui de la g\u00e9nioplastie glissante, car le\ntissu doit avoir le temps de s\u2019accrocher \u00e0 l\u2019implant. Il est conseill\u00e9 de\nsuivre un r\u00e9gime alimentaire doux ou liquide et de se rincer la bouche\navec un rin\u00e7age antiseptique.\t\t\t\t\t\t<\/div>\n\t\t\t\t<\/div>\n\t\t\t\t\t<\/div>\n\t\t<\/div>\n\t\t\t\t<div class=\"elementor-column elementor-col-50 elementor-top-column elementor-element elementor-element-3a2de08\" data-id=\"3a2de08\" data-element_type=\"column\">\n\t\t\t<div class=\"elementor-widget-wrap elementor-element-populated\">\n\t\t\t\t\t\t<div class=\"elementor-element elementor-element-8e3135c elementor-widget elementor-widget-image\" data-id=\"8e3135c\" data-element_type=\"widget\" data-widget_type=\"image.default\">\n\t\t\t\t<div class=\"elementor-widget-container\">\n\t\t\t<style>\/*! elementor - v3.20.0 - 26-03-2024 *\/\n.elementor-widget-image{text-align:center}.elementor-widget-image a{display:inline-block}.elementor-widget-image a img[src$=\".svg\"]{width:48px}.elementor-widget-image img{vertical-align:middle;display:inline-block}<\/style>\t\t\t\t\t\t\t\t\t\t<img fetchpriority=\"high\" decoding=\"async\" width=\"1024\" height=\"683\" src=\"https:\/\/globalmedi.co.uk\/fr\/wp-content\/uploads\/2023\/07\/Chin-Surgery-1024x683.jpg\" class=\"attachment-large size-large wp-image-1095\" alt=\"\" srcset=\"https:\/\/globalmedi.co.uk\/fr\/wp-content\/uploads\/2023\/07\/Chin-Surgery-1024x683.jpg 1024w, https:\/\/globalmedi.co.uk\/fr\/wp-content\/uploads\/2023\/07\/Chin-Surgery-300x200.jpg 300w, https:\/\/globalmedi.co.uk\/fr\/wp-content\/uploads\/2023\/07\/Chin-Surgery-768x512.jpg 768w, https:\/\/globalmedi.co.uk\/fr\/wp-content\/uploads\/2023\/07\/Chin-Surgery-1536x1024.jpg 1536w, https:\/\/globalmedi.co.uk\/fr\/wp-content\/uploads\/2023\/07\/Chin-Surgery.jpg 1800w\" sizes=\"(max-width: 1024px) 100vw, 1024px\" \/>\t\t\t\t\t\t\t\t\t\t\t\t\t<\/div>\n\t\t\t\t<\/div>\n\t\t\t\t\t<\/div>\n\t\t<\/div>\n\t\t\t\t\t<\/div>\n\t\t<\/section>\n\t\t\t\t<section class=\"elementor-section elementor-top-section elementor-element elementor-element-6dd396d elementor-section-full_width elementor-section-stretched elementor-hidden-desktop elementor-hidden-tablet elementor-hidden-mobile elementor-section-height-default elementor-section-height-default\" data-id=\"6dd396d\" data-element_type=\"section\" data-settings=\"{&quot;stretch_section&quot;:&quot;section-stretched&quot;}\">\n\t\t\t\t\t\t<div class=\"elementor-container elementor-column-gap-default\">\n\t\t\t\t\t<div class=\"elementor-column elementor-col-50 elementor-top-column elementor-element elementor-element-13d415e\" data-id=\"13d415e\" data-element_type=\"column\" data-settings=\"{&quot;background_background&quot;:&quot;classic&quot;}\">\n\t\t\t<div class=\"elementor-widget-wrap elementor-element-populated\">\n\t\t\t\t\t\t<div class=\"elementor-element elementor-element-2bfbf8a elementor-widget elementor-widget-text-editor\" data-id=\"2bfbf8a\" data-element_type=\"widget\" data-widget_type=\"text-editor.default\">\n\t\t\t\t<div class=\"elementor-widget-container\">\n\t\t\t\t\t\t\tChin surgery (Genioplasty) rectifies receding chin, asymmetrical chin or double chin. Reshaping the chin can be accomplished using chin implants or repositioning the bone supporting the chin. Genioplasty is performed under general anaesthesia. In the procedure, the soft tissue is separated from the chin bone by cutting the gum of the lower lips below the bottom teeth. The surgeon performs with a saw to cut a small erect line in the chin for reference. This is to ensure the bone stays straight when it is moved. The doctor then makes a straight cut beside the chin bone.\t\t\t\t\t\t<\/div>\n\t\t\t\t<\/div>\n\t\t\t\t\t<\/div>\n\t\t<\/div>\n\t\t\t\t<div class=\"elementor-column elementor-col-50 elementor-top-column elementor-element elementor-element-28c8aa2\" data-id=\"28c8aa2\" data-element_type=\"column\">\n\t\t\t<div class=\"elementor-widget-wrap elementor-element-populated\">\n\t\t\t\t\t\t<div class=\"elementor-element elementor-element-ecad5fd elementor-widget elementor-widget-image\" data-id=\"ecad5fd\" data-element_type=\"widget\" data-widget_type=\"image.default\">\n\t\t\t\t<div class=\"elementor-widget-container\">\n\t\t\t\t\t\t\t\t\t\t\t\t\t<img fetchpriority=\"high\" decoding=\"async\" width=\"1024\" height=\"683\" src=\"https:\/\/globalmedi.co.uk\/fr\/wp-content\/uploads\/2023\/07\/Chin-Surgery-1024x683.jpg\" class=\"attachment-large size-large wp-image-1095\" alt=\"\" srcset=\"https:\/\/globalmedi.co.uk\/fr\/wp-content\/uploads\/2023\/07\/Chin-Surgery-1024x683.jpg 1024w, https:\/\/globalmedi.co.uk\/fr\/wp-content\/uploads\/2023\/07\/Chin-Surgery-300x200.jpg 300w, https:\/\/globalmedi.co.uk\/fr\/wp-content\/uploads\/2023\/07\/Chin-Surgery-768x512.jpg 768w, https:\/\/globalmedi.co.uk\/fr\/wp-content\/uploads\/2023\/07\/Chin-Surgery-1536x1024.jpg 1536w, https:\/\/globalmedi.co.uk\/fr\/wp-content\/uploads\/2023\/07\/Chin-Surgery.jpg 1800w\" sizes=\"(max-width: 1024px) 100vw, 1024px\" \/>\t\t\t\t\t\t\t\t\t\t\t\t\t<\/div>\n\t\t\t\t<\/div>\n\t\t\t\t\t<\/div>\n\t\t<\/div>\n\t\t\t\t\t<\/div>\n\t\t<\/section>\n\t\t\t\t<section class=\"elementor-section elementor-top-section elementor-element elementor-element-4460bd7 elementor-section-full_width elementor-section-stretched elementor-hidden-desktop elementor-hidden-tablet elementor-hidden-mobile elementor-section-height-default elementor-section-height-default\" data-id=\"4460bd7\" data-element_type=\"section\" data-settings=\"{&quot;stretch_section&quot;:&quot;section-stretched&quot;,&quot;background_background&quot;:&quot;classic&quot;}\">\n\t\t\t\t\t\t<div class=\"elementor-container elementor-column-gap-default\">\n\t\t\t\t\t<div class=\"elementor-column elementor-col-100 elementor-top-column elementor-element elementor-element-deec8dd\" data-id=\"deec8dd\" data-element_type=\"column\">\n\t\t\t<div class=\"elementor-widget-wrap elementor-element-populated\">\n\t\t\t\t\t\t<div class=\"elementor-element elementor-element-e230d61 elementor-widget elementor-widget-text-editor\" data-id=\"e230d61\" data-element_type=\"widget\" data-widget_type=\"text-editor.default\">\n\t\t\t\t<div class=\"elementor-widget-container\">\n\t\t\t\t\t\t\tIf you want your chin to be smaller, the doctor will cut a wedge of bone and slide it forward or backwards, attaching fasteners and a metal plate to ensure it stays in place. Then the cut is stitched closed. Chin implant surgery is performed to reshape, enlarge or push forward the look of the chin. Chin augmentation involves implanting a plastic material (alloplastic implant) into the chin and sticking it to the bone. Implants are attached to the bone with screws. The surgeon stitches the cuts when once the material is implanted. Nonsurgical chin augmentation includes using needles to inject fillers to magnify the appearance of the chin. If you are worried about the position, shape or contour of your chin, genioplasty surgery may be the right option for you. The doctor will discuss your objectives with you and explain what can be accomplished. The treatment plan is customised as per the patient\u2019s needs and requirements.\t\t\t\t\t\t<\/div>\n\t\t\t\t<\/div>\n\t\t\t\t\t<\/div>\n\t\t<\/div>\n\t\t\t\t\t<\/div>\n\t\t<\/section>\n\t\t\t\t<section class=\"elementor-section elementor-top-section elementor-element elementor-element-ef17356 elementor-section-full_width elementor-section-stretched elementor-hidden-desktop elementor-hidden-tablet elementor-hidden-mobile elementor-section-height-default elementor-section-height-default\" data-id=\"ef17356\" data-element_type=\"section\" data-settings=\"{&quot;stretch_section&quot;:&quot;section-stretched&quot;}\">\n\t\t\t\t\t\t<div class=\"elementor-container elementor-column-gap-default\">\n\t\t\t\t\t<div class=\"elementor-column elementor-col-50 elementor-top-column elementor-element elementor-element-e75cc56\" data-id=\"e75cc56\" data-element_type=\"column\" data-settings=\"{&quot;background_background&quot;:&quot;classic&quot;}\">\n\t\t\t<div class=\"elementor-widget-wrap elementor-element-populated\">\n\t\t\t\t\t\t<div class=\"elementor-element elementor-element-7115bcf elementor-widget elementor-widget-heading\" data-id=\"7115bcf\" data-element_type=\"widget\" data-widget_type=\"heading.default\">\n\t\t\t\t<div class=\"elementor-widget-container\">\n\t\t\t<style>\/*! elementor - v3.20.0 - 26-03-2024 *\/\n.elementor-heading-title{padding:0;margin:0;line-height:1}.elementor-widget-heading .elementor-heading-title[class*=elementor-size-]>a{color:inherit;font-size:inherit;line-height:inherit}.elementor-widget-heading .elementor-heading-title.elementor-size-small{font-size:15px}.elementor-widget-heading .elementor-heading-title.elementor-size-medium{font-size:19px}.elementor-widget-heading .elementor-heading-title.elementor-size-large{font-size:29px}.elementor-widget-heading .elementor-heading-title.elementor-size-xl{font-size:39px}.elementor-widget-heading .elementor-heading-title.elementor-size-xxl{font-size:59px}<\/style><h2 class=\"elementor-heading-title elementor-size-default\">Aftercare<\/h2>\t\t<\/div>\n\t\t\t\t<\/div>\n\t\t\t\t<div class=\"elementor-element elementor-element-9227a60 elementor-widget elementor-widget-text-editor\" data-id=\"9227a60\" data-element_type=\"widget\" data-widget_type=\"text-editor.default\">\n\t\t\t\t<div class=\"elementor-widget-container\">\n\t\t\t\t\t\t\tAfter the surgery, it is common to experience swelling, redness and bruising, which will disappear in a few days. The doctor will suggest you take oral antibiotics. It is advised to be on liquid or soft-food diet after the surgery. After every meal, the mouth should be rinsed with an oral rinse. It is not recommended to participate in sports or exercise 10 days following surgery. Fillers have minimum recovery time. The recovery time for surgical implants is similar to sliding genioplasty, as the tissue must have time to cling to the implant. It is advised to eat a soft-food or liquid diet and rinse the mouth with an antiseptic rinse.\t\t\t\t\t\t<\/div>\n\t\t\t\t<\/div>\n\t\t\t\t\t<\/div>\n\t\t<\/div>\n\t\t\t\t<div class=\"elementor-column elementor-col-50 elementor-top-column elementor-element elementor-element-f85d523\" data-id=\"f85d523\" data-element_type=\"column\">\n\t\t\t<div class=\"elementor-widget-wrap elementor-element-populated\">\n\t\t\t\t\t\t<div class=\"elementor-element elementor-element-902809f elementor-widget elementor-widget-image\" data-id=\"902809f\" data-element_type=\"widget\" data-widget_type=\"image.default\">\n\t\t\t\t<div class=\"elementor-widget-container\">\n\t\t\t\t\t\t\t\t\t\t\t\t\t<img fetchpriority=\"high\" decoding=\"async\" width=\"1024\" height=\"683\" src=\"https:\/\/globalmedi.co.uk\/fr\/wp-content\/uploads\/2023\/07\/Chin-Surgery-1024x683.jpg\" class=\"attachment-large size-large wp-image-1095\" alt=\"\" srcset=\"https:\/\/globalmedi.co.uk\/fr\/wp-content\/uploads\/2023\/07\/Chin-Surgery-1024x683.jpg 1024w, https:\/\/globalmedi.co.uk\/fr\/wp-content\/uploads\/2023\/07\/Chin-Surgery-300x200.jpg 300w, https:\/\/globalmedi.co.uk\/fr\/wp-content\/uploads\/2023\/07\/Chin-Surgery-768x512.jpg 768w, https:\/\/globalmedi.co.uk\/fr\/wp-content\/uploads\/2023\/07\/Chin-Surgery-1536x1024.jpg 1536w, https:\/\/globalmedi.co.uk\/fr\/wp-content\/uploads\/2023\/07\/Chin-Surgery.jpg 1800w\" sizes=\"(max-width: 1024px) 100vw, 1024px\" \/>\t\t\t\t\t\t\t\t\t\t\t\t\t<\/div>\n\t\t\t\t<\/div>\n\t\t\t\t\t<\/div>\n\t\t<\/div>\n\t\t\t\t\t<\/div>\n\t\t<\/section>\n\t\t\t\t<section class=\"elementor-section elementor-top-section elementor-element elementor-element-2da2dee elementor-hidden-desktop elementor-hidden-tablet elementor-hidden-mobile elementor-section-boxed elementor-section-height-default elementor-section-height-default\" data-id=\"2da2dee\" data-element_type=\"section\" data-settings=\"{&quot;background_background&quot;:&quot;classic&quot;}\">\n\t\t\t\t\t\t<div class=\"elementor-container elementor-column-gap-default\">\n\t\t\t\t\t<div class=\"elementor-column elementor-col-100 elementor-top-column elementor-element elementor-element-f282562\" data-id=\"f282562\" data-element_type=\"column\">\n\t\t\t<div class=\"elementor-widget-wrap elementor-element-populated\">\n\t\t\t\t\t\t<div class=\"elementor-element elementor-element-0bf93ba elementor-widget elementor-widget-heading\" data-id=\"0bf93ba\" data-element_type=\"widget\" data-widget_type=\"heading.default\">\n\t\t\t\t<div class=\"elementor-widget-container\">\n\t\t\t<h2 class=\"elementor-heading-title elementor-size-default\">Contact Globalmedi for a quote and appointment<br> with certified specialists in the field<\/h2>\t\t<\/div>\n\t\t\t\t<\/div>\n\t\t\t\t<div class=\"elementor-element elementor-element-a54096b elementor-align-center elementor-widget elementor-widget-button\" data-id=\"a54096b\" data-element_type=\"widget\" data-widget_type=\"button.default\">\n\t\t\t\t<div class=\"elementor-widget-container\">\n\t\t\t\t\t<div class=\"elementor-button-wrapper\">\n\t\t\t<a class=\"elementor-button elementor-button-link elementor-size-sm\" href=\"#\">\n\t\t\t\t\t\t<span class=\"elementor-button-content-wrapper\">\n\t\t\t\t\t\t<span class=\"elementor-button-icon elementor-align-icon-right\">\n\t\t\t\t<i aria-hidden=\"true\" class=\"fas fa-long-arrow-alt-right\"><\/i>\t\t\t<\/span>\n\t\t\t\t\t\t<span class=\"elementor-button-text\">Contact Now<\/span>\n\t\t<\/span>\n\t\t\t\t\t<\/a>\n\t\t<\/div>\n\t\t\t\t<\/div>\n\t\t\t\t<\/div>\n\t\t\t\t\t<\/div>\n\t\t<\/div>\n\t\t\t\t\t<\/div>\n\t\t<\/section>\n\t\t\t\t<\/div>\n\t\t","protected":false},"excerpt":{"rendered":"<p>La chirurgie du menton (g\u00e9nioplastie) rectifie le menton asym\u00e9trique ou le double menton. Le remodelage du menton peut \u00eatre accompli \u00e0 l\u2019aide d\u2019implants mentonniers ou de repositionnement de l\u2019os soutenant le menton. La g\u00e9nioplastie est r\u00e9alis\u00e9e sous anesth\u00e9sie g\u00e9n\u00e9rale. Dans la proc\u00e9dure, les tissus mous sont s\u00e9par\u00e9s de l\u2019os du menton en coupant la gencive [&hellip;]<\/p>\n","protected":false},"author":1,"featured_media":0,"parent":0,"menu_order":0,"comment_status":"closed","ping_status":"closed","template":"","meta":{"ocean_post_layout":"","ocean_both_sidebars_style":"","ocean_both_sidebars_content_width":0,"ocean_both_sidebars_sidebars_width":0,"ocean_sidebar":"0","ocean_second_sidebar":"0","ocean_disable_margins":"on","ocean_add_body_class":"","ocean_shortcode_before_top_bar":"","ocean_shortcode_after_top_bar":"","ocean_shortcode_before_header":"","ocean_shortcode_after_header":"","ocean_has_shortcode":"","ocean_shortcode_after_title":"","ocean_shortcode_before_footer_widgets":"","ocean_shortcode_after_footer_widgets":"","ocean_shortcode_before_footer_bottom":"","ocean_shortcode_after_footer_bottom":"","ocean_display_top_bar":"default","ocean_display_header":"default","ocean_header_style":"","ocean_center_header_left_menu":"0","ocean_custom_header_template":"0","ocean_custom_logo":0,"ocean_custom_retina_logo":0,"ocean_custom_logo_max_width":0,"ocean_custom_logo_tablet_max_width":0,"ocean_custom_logo_mobile_max_width":0,"ocean_custom_logo_max_height":0,"ocean_custom_logo_tablet_max_height":0,"ocean_custom_logo_mobile_max_height":0,"ocean_header_custom_menu":"0","ocean_menu_typo_font_family":"0","ocean_menu_typo_font_subset":"","ocean_menu_typo_font_size":0,"ocean_menu_typo_font_size_tablet":0,"ocean_menu_typo_font_size_mobile":0,"ocean_menu_typo_font_size_unit":"px","ocean_menu_typo_font_weight":"","ocean_menu_typo_font_weight_tablet":"","ocean_menu_typo_font_weight_mobile":"","ocean_menu_typo_transform":"","ocean_menu_typo_transform_tablet":"","ocean_menu_typo_transform_mobile":"","ocean_menu_typo_line_height":0,"ocean_menu_typo_line_height_tablet":0,"ocean_menu_typo_line_height_mobile":0,"ocean_menu_typo_line_height_unit":"","ocean_menu_typo_spacing":0,"ocean_menu_typo_spacing_tablet":0,"ocean_menu_typo_spacing_mobile":0,"ocean_menu_typo_spacing_unit":"","ocean_menu_link_color":"","ocean_menu_link_color_hover":"","ocean_menu_link_color_active":"","ocean_menu_link_background":"","ocean_menu_link_hover_background":"","ocean_menu_link_active_background":"","ocean_menu_social_links_bg":"","ocean_menu_social_hover_links_bg":"","ocean_menu_social_links_color":"","ocean_menu_social_hover_links_color":"","ocean_disable_title":"default","ocean_disable_heading":"default","ocean_post_title":"","ocean_post_subheading":"","ocean_post_title_style":"","ocean_post_title_background_color":"","ocean_post_title_background":0,"ocean_post_title_bg_image_position":"","ocean_post_title_bg_image_attachment":"","ocean_post_title_bg_image_repeat":"","ocean_post_title_bg_image_size":"","ocean_post_title_height":0,"ocean_post_title_bg_overlay":0.5,"ocean_post_title_bg_overlay_color":"","ocean_disable_breadcrumbs":"default","ocean_breadcrumbs_color":"","ocean_breadcrumbs_separator_color":"","ocean_breadcrumbs_links_color":"","ocean_breadcrumbs_links_hover_color":"","ocean_display_footer_widgets":"default","ocean_display_footer_bottom":"default","ocean_custom_footer_template":"0","footnotes":""},"class_list":["post-792","page","type-page","status-publish","hentry","entry"],"_links":{"self":[{"href":"https:\/\/globalmedi.co.uk\/fr\/wp-json\/wp\/v2\/pages\/792","targetHints":{"allow":["GET"]}}],"collection":[{"href":"https:\/\/globalmedi.co.uk\/fr\/wp-json\/wp\/v2\/pages"}],"about":[{"href":"https:\/\/globalmedi.co.uk\/fr\/wp-json\/wp\/v2\/types\/page"}],"author":[{"embeddable":true,"href":"https:\/\/globalmedi.co.uk\/fr\/wp-json\/wp\/v2\/users\/1"}],"replies":[{"embeddable":true,"href":"https:\/\/globalmedi.co.uk\/fr\/wp-json\/wp\/v2\/comments?post=792"}],"version-history":[{"count":35,"href":"https:\/\/globalmedi.co.uk\/fr\/wp-json\/wp\/v2\/pages\/792\/revisions"}],"predecessor-version":[{"id":1809,"href":"https:\/\/globalmedi.co.uk\/fr\/wp-json\/wp\/v2\/pages\/792\/revisions\/1809"}],"wp:attachment":[{"href":"https:\/\/globalmedi.co.uk\/fr\/wp-json\/wp\/v2\/media?parent=792"}],"curies":[{"name":"wp","href":"https:\/\/api.w.org\/{rel}","templated":true}]}}