{"id":626,"date":"2023-06-22T16:57:14","date_gmt":"2023-06-22T16:57:14","guid":{"rendered":"https:\/\/www.client.mydigitalcrew.com\/globalmedi\/?page_id=626"},"modified":"2023-09-19T13:59:03","modified_gmt":"2023-09-19T13:59:03","slug":"wisdom-tooth-extraction","status":"publish","type":"page","link":"https:\/\/globalmedi.co.uk\/fr\/wisdom-tooth-extraction\/","title":{"rendered":"Extraction Des Dents De Sagesse"},"content":{"rendered":"\t\t<div data-elementor-type=\"wp-page\" data-elementor-id=\"626\" class=\"elementor elementor-626\">\n\t\t\t\t\t\t<section class=\"elementor-section elementor-top-section elementor-element elementor-element-45b94a3 elementor-section-full_width elementor-section-stretched elementor-section-height-default elementor-section-height-default\" data-id=\"45b94a3\" data-element_type=\"section\" data-settings=\"{&quot;stretch_section&quot;:&quot;section-stretched&quot;}\">\n\t\t\t\t\t\t<div class=\"elementor-container elementor-column-gap-default\">\n\t\t\t\t\t<div class=\"elementor-column elementor-col-50 elementor-top-column elementor-element elementor-element-6184d0e\" data-id=\"6184d0e\" data-element_type=\"column\" data-settings=\"{&quot;background_background&quot;:&quot;classic&quot;}\">\n\t\t\t<div class=\"elementor-widget-wrap elementor-element-populated\">\n\t\t\t\t\t\t<div class=\"elementor-element elementor-element-d565bde elementor-widget elementor-widget-text-editor\" data-id=\"d565bde\" data-element_type=\"widget\" data-widget_type=\"text-editor.default\">\n\t\t\t\t<div class=\"elementor-widget-container\">\n\t\t\t<style>\/*! elementor - v3.20.0 - 26-03-2024 *\/\n.elementor-widget-text-editor.elementor-drop-cap-view-stacked .elementor-drop-cap{background-color:#69727d;color:#fff}.elementor-widget-text-editor.elementor-drop-cap-view-framed .elementor-drop-cap{color:#69727d;border:3px solid;background-color:transparent}.elementor-widget-text-editor:not(.elementor-drop-cap-view-default) .elementor-drop-cap{margin-top:8px}.elementor-widget-text-editor:not(.elementor-drop-cap-view-default) .elementor-drop-cap-letter{width:1em;height:1em}.elementor-widget-text-editor .elementor-drop-cap{float:left;text-align:center;line-height:1;font-size:50px}.elementor-widget-text-editor .elementor-drop-cap-letter{display:inline-block}<\/style>\t\t\t\tLes quatre troisi\u00e8mes molaires trouv\u00e9es dans les dents adultes permanentes sont\nconnues sous le nom de dents de sagesse. Ces dents sont les derni\u00e8res dans le\npont dentaire. Les dents de sagesse se trouvent chez la plupart des gens, mais\nelles peuvent ne jamais se d\u00e9velopper dans aucune des troisi\u00e8mes molaires. La\nplupart des dents de sagesse \u00e9voluent \u00e0 travers la gencive entre 16 et 23 ans.\nParfois, une personne sentira la pr\u00e9sence des dents de sagesse avant de pouvoir\nles imaginer dans sa bouche. Les dents de sagesse en \u00e9ruption produiront\nnormalement des pulsations dans les m\u00e2choires. L\u2019extraction d\u2019une dent de\nsagesse est identifi\u00e9e si la dent a partiellement \u00e9merg\u00e9 \u00e0 travers le tissu gingival,\nentra\u00eenant une inflammation ou une infection. Cette condition est connue sous le\nnom de dent de sagesse partiellement \u00e9ruptive ou partiellement infect\u00e9e. Une\ncroissance des tissus mous sur une dent de sagesse semi-\u00e9ruptive est connue\nsous le nom d\u2019opercule. Si des bact\u00e9ries se d\u00e9veloppent sous l\u2019opercule, une\ninfection appel\u00e9e p\u00e9ricoronite peut survenir.\t\t\t\t\t\t<\/div>\n\t\t\t\t<\/div>\n\t\t\t\t<div class=\"elementor-element elementor-element-cc3ae65 elementor-widget elementor-widget-text-editor\" data-id=\"cc3ae65\" data-element_type=\"widget\" data-widget_type=\"text-editor.default\">\n\t\t\t\t<div class=\"elementor-widget-container\">\n\t\t\t\t\t\t\tUne fois qu\u2019il a \u00e9t\u00e9 \u00e9tabli qu\u2019une dent de sagesse est g\u00eanante, l\u2019extraction par un\ndentiste qualifi\u00e9 peut \u00eatre sugg\u00e9r\u00e9e. Lors de l\u2019extraction, une anesth\u00e9sie locale\nest utilis\u00e9e pour s\u2019assurer que la dent peut \u00eatre retir\u00e9e sans inconv\u00e9nient\nsignificatif. Ensuite, une intervention chirurgicale mineure est effectu\u00e9e. Le tissu\net l\u2019os autour de la dent de sagesse sont enlev\u00e9s afin que la dent puisse \u00eatre\nextraite proprement de l\u2019ouverture. Plusieurs incisions peuvent \u00eatre n\u00e9cessaires\npour fermer le site chirurgical et permettre la cicatrisation des tissus. Les\nincisions peuvent \u00eatre solubles apr\u00e8s 3 \u00e0 5 jours ou les incisions qui doivent \u00eatre\nenlev\u00e9es par le chirurgien apr\u00e8s une p\u00e9riode sp\u00e9cifique.\t\t\t\t\t\t<\/div>\n\t\t\t\t<\/div>\n\t\t\t\t<div class=\"elementor-element elementor-element-360bd2b elementor-widget elementor-widget-text-editor\" data-id=\"360bd2b\" data-element_type=\"widget\" data-widget_type=\"text-editor.default\">\n\t\t\t\t<div class=\"elementor-widget-container\">\n\t\t\t\t\t\t\tLa r\u00e9cup\u00e9ration de l\u2019extraction des dents de sagesse prend environ trois \u00e0 cinq\njours. Le l\u00e9ger saignement apr\u00e8s l\u2019extraction s\u2019arr\u00eatera apr\u00e8s les premi\u00e8res 24\nheures. Lorsque l\u2019effet de l\u2019anesth\u00e9sie dispara\u00eet, il peut y avoir une agitation de\nla m\u00e2choire, un probl\u00e8me d\u2019ouverture de la bouche et une certaine douleur. Des\nanalg\u00e9siques et des antibiotiques sont prescrits pour traiter les sympt\u00f4mes\npostop\u00e9ratoires et l\u2019inconfort. Il sera conseill\u00e9 au patient de manger des aliments\nmous pendant quelques jours et d\u2019\u00e9viter les aliments \u00e9pic\u00e9s, le tabac et l\u2019alcool\net l\u2019exercice vigoureux trois \u00e0 quatre jours apr\u00e8s la chirurgie. Le temps de\nr\u00e9cup\u00e9ration complet pour l\u2019extraction des dents de sagesse est de 3-4 semaines.\t\t\t\t\t\t<\/div>\n\t\t\t\t<\/div>\n\t\t\t\t\t<\/div>\n\t\t<\/div>\n\t\t\t\t<div class=\"elementor-column elementor-col-50 elementor-top-column elementor-element elementor-element-9cc06e5\" data-id=\"9cc06e5\" data-element_type=\"column\">\n\t\t\t<div class=\"elementor-widget-wrap elementor-element-populated\">\n\t\t\t\t\t\t<div class=\"elementor-element elementor-element-fe0d876 elementor-widget elementor-widget-image\" data-id=\"fe0d876\" data-element_type=\"widget\" data-widget_type=\"image.default\">\n\t\t\t\t<div class=\"elementor-widget-container\">\n\t\t\t<style>\/*! elementor - v3.20.0 - 26-03-2024 *\/\n.elementor-widget-image{text-align:center}.elementor-widget-image a{display:inline-block}.elementor-widget-image a img[src$=\".svg\"]{width:48px}.elementor-widget-image img{vertical-align:middle;display:inline-block}<\/style>\t\t\t\t\t\t\t\t\t\t<img fetchpriority=\"high\" decoding=\"async\" width=\"1024\" height=\"678\" src=\"https:\/\/globalmedi.co.uk\/fr\/wp-content\/uploads\/2023\/07\/Wisdom-tooth-extraction-1024x678.jpg\" class=\"attachment-large size-large wp-image-1488\" alt=\"\" srcset=\"https:\/\/globalmedi.co.uk\/fr\/wp-content\/uploads\/2023\/07\/Wisdom-tooth-extraction-1024x678.jpg 1024w, https:\/\/globalmedi.co.uk\/fr\/wp-content\/uploads\/2023\/07\/Wisdom-tooth-extraction-300x199.jpg 300w, https:\/\/globalmedi.co.uk\/fr\/wp-content\/uploads\/2023\/07\/Wisdom-tooth-extraction-768x509.jpg 768w, https:\/\/globalmedi.co.uk\/fr\/wp-content\/uploads\/2023\/07\/Wisdom-tooth-extraction-1536x1018.jpg 1536w, https:\/\/globalmedi.co.uk\/fr\/wp-content\/uploads\/2023\/07\/Wisdom-tooth-extraction-2048x1357.jpg 2048w\" sizes=\"(max-width: 1024px) 100vw, 1024px\" \/>\t\t\t\t\t\t\t\t\t\t\t\t\t<\/div>\n\t\t\t\t<\/div>\n\t\t\t\t\t<\/div>\n\t\t<\/div>\n\t\t\t\t\t<\/div>\n\t\t<\/section>\n\t\t\t\t<section class=\"elementor-section elementor-top-section elementor-element elementor-element-43ceb12 elementor-section-full_width elementor-section-stretched elementor-hidden-desktop elementor-hidden-tablet elementor-hidden-mobile elementor-section-height-default elementor-section-height-default\" data-id=\"43ceb12\" data-element_type=\"section\" data-settings=\"{&quot;stretch_section&quot;:&quot;section-stretched&quot;}\">\n\t\t\t\t\t\t<div class=\"elementor-container elementor-column-gap-default\">\n\t\t\t\t\t<div class=\"elementor-column elementor-col-50 elementor-top-column elementor-element elementor-element-43dbce5\" data-id=\"43dbce5\" data-element_type=\"column\" data-settings=\"{&quot;background_background&quot;:&quot;classic&quot;}\">\n\t\t\t<div class=\"elementor-widget-wrap elementor-element-populated\">\n\t\t\t\t\t\t<div class=\"elementor-element elementor-element-0d1b781 elementor-widget elementor-widget-text-editor\" data-id=\"0d1b781\" data-element_type=\"widget\" data-widget_type=\"text-editor.default\">\n\t\t\t\t<div class=\"elementor-widget-container\">\n\t\t\t\t\t\t\tThe four-third molars found in the permanent adult teeth are known as wisdom teeth. These teeth are the last in the dental bridge. Wisdom teeth are found in most people, but they may never develop in any of the third molars. Most wisdom teeth evolve through the gingiva between the ages of 16-23. Sometimes, a person will feel the presence of the wisdom teeth before they can envision them in their mouth. Erupting wisdom teeth will normally produce throbbing in the jaws. Extraction of a wisdom tooth is identified if the tooth has partially emerged through the gingival tissue, leading to inflammation or infection. This condition is known as a partially erupted or partially affected wisdom tooth. A soft tissue growth over semi erupted wisdom tooth is known as the operculum. If bacteria become confined under the operculum, an infection called pericoronitis may occur. \t\t\t\t\t\t<\/div>\n\t\t\t\t<\/div>\n\t\t\t\t\t<\/div>\n\t\t<\/div>\n\t\t\t\t<div class=\"elementor-column elementor-col-50 elementor-top-column elementor-element elementor-element-a33355d\" data-id=\"a33355d\" data-element_type=\"column\">\n\t\t\t<div class=\"elementor-widget-wrap elementor-element-populated\">\n\t\t\t\t\t\t<div class=\"elementor-element elementor-element-ec9fac8 elementor-widget elementor-widget-image\" data-id=\"ec9fac8\" data-element_type=\"widget\" data-widget_type=\"image.default\">\n\t\t\t\t<div class=\"elementor-widget-container\">\n\t\t\t\t\t\t\t\t\t\t\t\t\t<img decoding=\"async\" width=\"1024\" height=\"683\" src=\"https:\/\/globalmedi.co.uk\/fr\/wp-content\/uploads\/2023\/06\/Dentistry-1-1024x683.jpg\" class=\"attachment-large size-large wp-image-970\" alt=\"\" srcset=\"https:\/\/globalmedi.co.uk\/fr\/wp-content\/uploads\/2023\/06\/Dentistry-1-1024x683.jpg 1024w, https:\/\/globalmedi.co.uk\/fr\/wp-content\/uploads\/2023\/06\/Dentistry-1-300x200.jpg 300w, https:\/\/globalmedi.co.uk\/fr\/wp-content\/uploads\/2023\/06\/Dentistry-1-768x512.jpg 768w, https:\/\/globalmedi.co.uk\/fr\/wp-content\/uploads\/2023\/06\/Dentistry-1-1536x1025.jpg 1536w, https:\/\/globalmedi.co.uk\/fr\/wp-content\/uploads\/2023\/06\/Dentistry-1-2048x1367.jpg 2048w\" sizes=\"(max-width: 1024px) 100vw, 1024px\" \/>\t\t\t\t\t\t\t\t\t\t\t\t\t<\/div>\n\t\t\t\t<\/div>\n\t\t\t\t\t<\/div>\n\t\t<\/div>\n\t\t\t\t\t<\/div>\n\t\t<\/section>\n\t\t\t\t<section class=\"elementor-section elementor-top-section elementor-element elementor-element-dfbb784 elementor-section-full_width elementor-section-stretched elementor-hidden-desktop elementor-hidden-tablet elementor-hidden-mobile elementor-section-height-default elementor-section-height-default\" data-id=\"dfbb784\" data-element_type=\"section\" data-settings=\"{&quot;stretch_section&quot;:&quot;section-stretched&quot;,&quot;background_background&quot;:&quot;classic&quot;}\">\n\t\t\t\t\t\t<div class=\"elementor-container elementor-column-gap-default\">\n\t\t\t\t\t<div class=\"elementor-column elementor-col-100 elementor-top-column elementor-element elementor-element-07c5a21\" data-id=\"07c5a21\" data-element_type=\"column\">\n\t\t\t<div class=\"elementor-widget-wrap elementor-element-populated\">\n\t\t\t\t\t\t<div class=\"elementor-element elementor-element-a8deb6e elementor-widget elementor-widget-heading\" data-id=\"a8deb6e\" data-element_type=\"widget\" data-widget_type=\"heading.default\">\n\t\t\t\t<div class=\"elementor-widget-container\">\n\t\t\t<style>\/*! elementor - v3.20.0 - 26-03-2024 *\/\n.elementor-heading-title{padding:0;margin:0;line-height:1}.elementor-widget-heading .elementor-heading-title[class*=elementor-size-]>a{color:inherit;font-size:inherit;line-height:inherit}.elementor-widget-heading .elementor-heading-title.elementor-size-small{font-size:15px}.elementor-widget-heading .elementor-heading-title.elementor-size-medium{font-size:19px}.elementor-widget-heading .elementor-heading-title.elementor-size-large{font-size:29px}.elementor-widget-heading .elementor-heading-title.elementor-size-xl{font-size:39px}.elementor-widget-heading .elementor-heading-title.elementor-size-xxl{font-size:59px}<\/style><h2 class=\"elementor-heading-title elementor-size-default\">Procedure<\/h2>\t\t<\/div>\n\t\t\t\t<\/div>\n\t\t\t\t<div class=\"elementor-element elementor-element-bc4b182 elementor-widget elementor-widget-text-editor\" data-id=\"bc4b182\" data-element_type=\"widget\" data-widget_type=\"text-editor.default\">\n\t\t\t\t<div class=\"elementor-widget-container\">\n\t\t\t\t\t\t\t Once it has been ascertained that a wisdom tooth is troublesome, extraction by a qualified dentist may be suggested. During extraction, local anaesthesia is used to ensure the tooth can be removed without any significant inconvenience. Next, minor surgery is performed. The tissue and bone around the wisdom tooth are removed so the tooth can be cleanly extracted from the opening. Several incisions may be needed to close the surgical site and allow tissue healing. Incisions may dissolvable after 3-5 days or incisions that need to be removed by the surgeon after a specific period. \t\t\t\t\t\t<\/div>\n\t\t\t\t<\/div>\n\t\t\t\t\t<\/div>\n\t\t<\/div>\n\t\t\t\t\t<\/div>\n\t\t<\/section>\n\t\t\t\t<section class=\"elementor-section elementor-top-section elementor-element elementor-element-e9cf165 elementor-section-full_width elementor-section-stretched elementor-hidden-desktop elementor-hidden-tablet elementor-hidden-mobile elementor-section-height-default elementor-section-height-default\" data-id=\"e9cf165\" data-element_type=\"section\" data-settings=\"{&quot;stretch_section&quot;:&quot;section-stretched&quot;}\">\n\t\t\t\t\t\t<div class=\"elementor-container elementor-column-gap-default\">\n\t\t\t\t\t<div class=\"elementor-column elementor-col-50 elementor-top-column elementor-element elementor-element-650453e\" data-id=\"650453e\" data-element_type=\"column\" data-settings=\"{&quot;background_background&quot;:&quot;classic&quot;}\">\n\t\t\t<div class=\"elementor-widget-wrap elementor-element-populated\">\n\t\t\t\t\t\t<div class=\"elementor-element elementor-element-0c33db0 elementor-widget elementor-widget-heading\" data-id=\"0c33db0\" data-element_type=\"widget\" data-widget_type=\"heading.default\">\n\t\t\t\t<div class=\"elementor-widget-container\">\n\t\t\t<h2 class=\"elementor-heading-title elementor-size-default\">Recovery<\/h2>\t\t<\/div>\n\t\t\t\t<\/div>\n\t\t\t\t<div class=\"elementor-element elementor-element-4b3d3a4 elementor-widget elementor-widget-text-editor\" data-id=\"4b3d3a4\" data-element_type=\"widget\" data-widget_type=\"text-editor.default\">\n\t\t\t\t<div class=\"elementor-widget-container\">\n\t\t\t\t\t\t\tWisdom Tooth Extraction recovery takes about three to five days. The slight bleeding after extraction will stop after the first 24 hours. When the effect of anaesthesia fades away, there can be jaw stiffness, a problem with opening the mouth and some pain. Painkillers and antibiotics are prescribed to deal with any postoperative symptoms and discomfort. The patient will be advised to eat soft foods for a few days and avoid spicy food, tobacco and alcohol and vigorous exercise three to four days after the surgery. The full recovery time for wisdom tooth extraction is 3-4 weeks.\t\t\t\t\t\t<\/div>\n\t\t\t\t<\/div>\n\t\t\t\t\t<\/div>\n\t\t<\/div>\n\t\t\t\t<div class=\"elementor-column elementor-col-50 elementor-top-column elementor-element elementor-element-f99d4f7\" data-id=\"f99d4f7\" data-element_type=\"column\">\n\t\t\t<div class=\"elementor-widget-wrap elementor-element-populated\">\n\t\t\t\t\t\t<div class=\"elementor-element elementor-element-4c7bdbf elementor-widget elementor-widget-image\" data-id=\"4c7bdbf\" data-element_type=\"widget\" data-widget_type=\"image.default\">\n\t\t\t\t<div class=\"elementor-widget-container\">\n\t\t\t\t\t\t\t\t\t\t\t\t\t<img decoding=\"async\" width=\"1024\" height=\"683\" src=\"https:\/\/globalmedi.co.uk\/fr\/wp-content\/uploads\/2023\/06\/Dentistry-2-1024x683.jpg\" class=\"attachment-large size-large wp-image-971\" alt=\"\" srcset=\"https:\/\/globalmedi.co.uk\/fr\/wp-content\/uploads\/2023\/06\/Dentistry-2-1024x683.jpg 1024w, https:\/\/globalmedi.co.uk\/fr\/wp-content\/uploads\/2023\/06\/Dentistry-2-300x200.jpg 300w, https:\/\/globalmedi.co.uk\/fr\/wp-content\/uploads\/2023\/06\/Dentistry-2-768x512.jpg 768w, https:\/\/globalmedi.co.uk\/fr\/wp-content\/uploads\/2023\/06\/Dentistry-2-1536x1024.jpg 1536w, https:\/\/globalmedi.co.uk\/fr\/wp-content\/uploads\/2023\/06\/Dentistry-2.jpg 2016w\" sizes=\"(max-width: 1024px) 100vw, 1024px\" \/>\t\t\t\t\t\t\t\t\t\t\t\t\t<\/div>\n\t\t\t\t<\/div>\n\t\t\t\t\t<\/div>\n\t\t<\/div>\n\t\t\t\t\t<\/div>\n\t\t<\/section>\n\t\t\t\t<section class=\"elementor-section elementor-top-section elementor-element elementor-element-7291423 elementor-hidden-desktop elementor-hidden-tablet elementor-hidden-mobile elementor-section-boxed elementor-section-height-default elementor-section-height-default\" data-id=\"7291423\" data-element_type=\"section\" data-settings=\"{&quot;background_background&quot;:&quot;classic&quot;}\">\n\t\t\t\t\t\t<div class=\"elementor-container elementor-column-gap-default\">\n\t\t\t\t\t<div class=\"elementor-column elementor-col-100 elementor-top-column elementor-element elementor-element-e685f16\" data-id=\"e685f16\" data-element_type=\"column\">\n\t\t\t<div class=\"elementor-widget-wrap elementor-element-populated\">\n\t\t\t\t\t\t<div class=\"elementor-element elementor-element-0b2d2b3 elementor-widget elementor-widget-heading\" data-id=\"0b2d2b3\" data-element_type=\"widget\" data-widget_type=\"heading.default\">\n\t\t\t\t<div class=\"elementor-widget-container\">\n\t\t\t<h2 class=\"elementor-heading-title elementor-size-default\">Contact Globalmedi for a quote and appointment<br> with certified specialists in the field<\/h2>\t\t<\/div>\n\t\t\t\t<\/div>\n\t\t\t\t<div class=\"elementor-element elementor-element-bfe6b6a elementor-align-center elementor-widget elementor-widget-button\" data-id=\"bfe6b6a\" data-element_type=\"widget\" data-widget_type=\"button.default\">\n\t\t\t\t<div class=\"elementor-widget-container\">\n\t\t\t\t\t<div class=\"elementor-button-wrapper\">\n\t\t\t<a class=\"elementor-button elementor-button-link elementor-size-sm\" href=\"#\">\n\t\t\t\t\t\t<span class=\"elementor-button-content-wrapper\">\n\t\t\t\t\t\t<span class=\"elementor-button-icon elementor-align-icon-right\">\n\t\t\t\t<i aria-hidden=\"true\" class=\"fas fa-long-arrow-alt-right\"><\/i>\t\t\t<\/span>\n\t\t\t\t\t\t<span class=\"elementor-button-text\">Contact Now<\/span>\n\t\t<\/span>\n\t\t\t\t\t<\/a>\n\t\t<\/div>\n\t\t\t\t<\/div>\n\t\t\t\t<\/div>\n\t\t\t\t\t<\/div>\n\t\t<\/div>\n\t\t\t\t\t<\/div>\n\t\t<\/section>\n\t\t\t\t<\/div>\n\t\t","protected":false},"excerpt":{"rendered":"<p>Les quatre troisi\u00e8mes molaires trouv\u00e9es dans les dents adultes permanentes sont connues sous le nom de dents de sagesse. Ces dents sont les derni\u00e8res dans le pont dentaire. Les dents de sagesse se trouvent chez la plupart des gens, mais elles peuvent ne jamais se d\u00e9velopper dans aucune des troisi\u00e8mes molaires. La plupart des dents [&hellip;]<\/p>\n","protected":false},"author":1,"featured_media":0,"parent":0,"menu_order":0,"comment_status":"closed","ping_status":"closed","template":"","meta":{"ocean_post_layout":"","ocean_both_sidebars_style":"","ocean_both_sidebars_content_width":0,"ocean_both_sidebars_sidebars_width":0,"ocean_sidebar":"0","ocean_second_sidebar":"0","ocean_disable_margins":"on","ocean_add_body_class":"","ocean_shortcode_before_top_bar":"","ocean_shortcode_after_top_bar":"","ocean_shortcode_before_header":"","ocean_shortcode_after_header":"","ocean_has_shortcode":"","ocean_shortcode_after_title":"","ocean_shortcode_before_footer_widgets":"","ocean_shortcode_after_footer_widgets":"","ocean_shortcode_before_footer_bottom":"","ocean_shortcode_after_footer_bottom":"","ocean_display_top_bar":"default","ocean_display_header":"default","ocean_header_style":"","ocean_center_header_left_menu":"0","ocean_custom_header_template":"0","ocean_custom_logo":0,"ocean_custom_retina_logo":0,"ocean_custom_logo_max_width":0,"ocean_custom_logo_tablet_max_width":0,"ocean_custom_logo_mobile_max_width":0,"ocean_custom_logo_max_height":0,"ocean_custom_logo_tablet_max_height":0,"ocean_custom_logo_mobile_max_height":0,"ocean_header_custom_menu":"0","ocean_menu_typo_font_family":"0","ocean_menu_typo_font_subset":"","ocean_menu_typo_font_size":0,"ocean_menu_typo_font_size_tablet":0,"ocean_menu_typo_font_size_mobile":0,"ocean_menu_typo_font_size_unit":"px","ocean_menu_typo_font_weight":"","ocean_menu_typo_font_weight_tablet":"","ocean_menu_typo_font_weight_mobile":"","ocean_menu_typo_transform":"","ocean_menu_typo_transform_tablet":"","ocean_menu_typo_transform_mobile":"","ocean_menu_typo_line_height":0,"ocean_menu_typo_line_height_tablet":0,"ocean_menu_typo_line_height_mobile":0,"ocean_menu_typo_line_height_unit":"","ocean_menu_typo_spacing":0,"ocean_menu_typo_spacing_tablet":0,"ocean_menu_typo_spacing_mobile":0,"ocean_menu_typo_spacing_unit":"","ocean_menu_link_color":"","ocean_menu_link_color_hover":"","ocean_menu_link_color_active":"","ocean_menu_link_background":"","ocean_menu_link_hover_background":"","ocean_menu_link_active_background":"","ocean_menu_social_links_bg":"","ocean_menu_social_hover_links_bg":"","ocean_menu_social_links_color":"","ocean_menu_social_hover_links_color":"","ocean_disable_title":"default","ocean_disable_heading":"default","ocean_post_title":"","ocean_post_subheading":"","ocean_post_title_style":"","ocean_post_title_background_color":"","ocean_post_title_background":0,"ocean_post_title_bg_image_position":"","ocean_post_title_bg_image_attachment":"","ocean_post_title_bg_image_repeat":"","ocean_post_title_bg_image_size":"","ocean_post_title_height":0,"ocean_post_title_bg_overlay":0.5,"ocean_post_title_bg_overlay_color":"","ocean_disable_breadcrumbs":"default","ocean_breadcrumbs_color":"","ocean_breadcrumbs_separator_color":"","ocean_breadcrumbs_links_color":"","ocean_breadcrumbs_links_hover_color":"","ocean_display_footer_widgets":"default","ocean_display_footer_bottom":"default","ocean_custom_footer_template":"0","footnotes":""},"class_list":["post-626","page","type-page","status-publish","hentry","entry"],"_links":{"self":[{"href":"https:\/\/globalmedi.co.uk\/fr\/wp-json\/wp\/v2\/pages\/626","targetHints":{"allow":["GET"]}}],"collection":[{"href":"https:\/\/globalmedi.co.uk\/fr\/wp-json\/wp\/v2\/pages"}],"about":[{"href":"https:\/\/globalmedi.co.uk\/fr\/wp-json\/wp\/v2\/types\/page"}],"author":[{"embeddable":true,"href":"https:\/\/globalmedi.co.uk\/fr\/wp-json\/wp\/v2\/users\/1"}],"replies":[{"embeddable":true,"href":"https:\/\/globalmedi.co.uk\/fr\/wp-json\/wp\/v2\/comments?post=626"}],"version-history":[{"count":33,"href":"https:\/\/globalmedi.co.uk\/fr\/wp-json\/wp\/v2\/pages\/626\/revisions"}],"predecessor-version":[{"id":1825,"href":"https:\/\/globalmedi.co.uk\/fr\/wp-json\/wp\/v2\/pages\/626\/revisions\/1825"}],"wp:attachment":[{"href":"https:\/\/globalmedi.co.uk\/fr\/wp-json\/wp\/v2\/media?parent=626"}],"curies":[{"name":"wp","href":"https:\/\/api.w.org\/{rel}","templated":true}]}}