{"id":617,"date":"2023-06-22T16:51:04","date_gmt":"2023-06-22T16:51:04","guid":{"rendered":"https:\/\/www.client.mydigitalcrew.com\/globalmedi\/?page_id=617"},"modified":"2023-09-19T13:54:17","modified_gmt":"2023-09-19T13:54:17","slug":"jaw-fracture","status":"publish","type":"page","link":"https:\/\/globalmedi.co.uk\/fr\/jaw-fracture\/","title":{"rendered":"Fracture De La M\u00e2choire"},"content":{"rendered":"\t\t<div data-elementor-type=\"wp-page\" data-elementor-id=\"617\" class=\"elementor elementor-617\">\n\t\t\t\t\t\t<section class=\"elementor-section elementor-top-section elementor-element elementor-element-09dc6d4 elementor-section-full_width elementor-section-stretched elementor-section-height-default elementor-section-height-default\" data-id=\"09dc6d4\" data-element_type=\"section\" data-settings=\"{&quot;stretch_section&quot;:&quot;section-stretched&quot;}\">\n\t\t\t\t\t\t<div class=\"elementor-container elementor-column-gap-default\">\n\t\t\t\t\t<div class=\"elementor-column elementor-col-50 elementor-top-column elementor-element elementor-element-738c195\" data-id=\"738c195\" data-element_type=\"column\" data-settings=\"{&quot;background_background&quot;:&quot;classic&quot;}\">\n\t\t\t<div class=\"elementor-widget-wrap elementor-element-populated\">\n\t\t\t\t\t\t<div class=\"elementor-element elementor-element-340a229 elementor-widget elementor-widget-text-editor\" data-id=\"340a229\" data-element_type=\"widget\" data-widget_type=\"text-editor.default\">\n\t\t\t\t<div class=\"elementor-widget-container\">\n\t\t\t<style>\/*! elementor - v3.20.0 - 26-03-2024 *\/\n.elementor-widget-text-editor.elementor-drop-cap-view-stacked .elementor-drop-cap{background-color:#69727d;color:#fff}.elementor-widget-text-editor.elementor-drop-cap-view-framed .elementor-drop-cap{color:#69727d;border:3px solid;background-color:transparent}.elementor-widget-text-editor:not(.elementor-drop-cap-view-default) .elementor-drop-cap{margin-top:8px}.elementor-widget-text-editor:not(.elementor-drop-cap-view-default) .elementor-drop-cap-letter{width:1em;height:1em}.elementor-widget-text-editor .elementor-drop-cap{float:left;text-align:center;line-height:1;font-size:50px}.elementor-widget-text-editor .elementor-drop-cap-letter{display:inline-block}<\/style>\t\t\t\tLes fractures faciales sont uniques d\u2019une certaine mani\u00e8re &#8211; si les os ne\nsont pas align\u00e9s et correctement fix\u00e9s, elles conduisent g\u00e9n\u00e9ralement \u00e0\nla morsure d\u00e9rang\u00e9e ou \u00e0 une malocclusion. Selon l\u2019emplacement de la\nfracture ou de la fracture et la gravit\u00e9 de la blessure, votre chirurgien\npeut proposer un certain nombre d\u2019options de traitement diff\u00e9rentes. La\ndur\u00e9e du traitement peut varier consid\u00e9rablement en fonction de l\u2019\u00e9tat\nindividuel et, dans les cas o\u00f9 il n\u2019y a qu\u2019une fracture mineure, une\nprise en charge efficace de la l\u00e9sion reste essentielle. Certaines\nfractures de la m\u00e2choire ont un d\u00e9placement l\u00e9ger ou nul, et la\npersonne peut sembler indemne; Cependant, la plainte d\u2019une\nmalocclusion subtile am\u00e8ne leur dentiste \u00e0 suspecter une fracture. En\noutre, une fracture de la m\u00e2choire non trait\u00e9e peut \u00e9galement entra\u00eener\nune d\u00e9formation faciale \u00e0 vie, qui devient tr\u00e8s difficile \u00e0 traiter \u00e0 un\nstade ult\u00e9rieur. Nos sp\u00e9cialistes utilisent les derni\u00e8res modalit\u00e9s de\ndiagnostic telles que CBCT, CT scan et Panorex scan pour identifier\ntoutes les fractures et formuler un plan de traitement appropri\u00e9. Ils\nutilisent \u00e9galement une technologie d\u2019impression 3D de pointe pour la\nreconstruction des d\u00e9fauts traumatiques secondaires, qui ne sont pas\nsensibles aux options de traitement traditionnelles.\t\t\t\t\t\t<\/div>\n\t\t\t\t<\/div>\n\t\t\t\t<div class=\"elementor-element elementor-element-c878673 elementor-widget elementor-widget-text-editor\" data-id=\"c878673\" data-element_type=\"widget\" data-widget_type=\"text-editor.default\">\n\t\t\t\t<div class=\"elementor-widget-container\">\n\t\t\t\t\t\t\tParfois, des bandes \u00e9lastiques peuvent \u00eatre utilis\u00e9es pour guider la\nm\u00e2choire en position apr\u00e8s la chirurgie. Ceux-ci sont fix\u00e9s \u00e0 l\u2019aide de\npetits fils m\u00e9talliques temporaires ou d\u2019accolades. Votre proc\u00e9dure sera\ndiscut\u00e9e avec vous dans son int\u00e9gralit\u00e9 lors de votre consultation.\nM\u00eame le complexe zygomaticomaxillaire fractur\u00e9 peut \u00eatre g\u00e9r\u00e9 et\nsouvent trait\u00e9 par une approche intra-orale, anatomiquement r\u00e9duite et\nfix\u00e9e en pr\u00e9sence d\u2019un oed\u00e8me facial macroscopique. L\u2019\u00e9poque de la\ntechnique de levage \u00ab Gillies \u00bb est remplac\u00e9e par le contrefort intraoral\nou d\u2019autres m\u00e9thodes \u00e0 fixation rigide. Ces fractures faciales sont\nsouvent consid\u00e9r\u00e9es comme un traitement simple pour les chirurgiens\nbuccaux et maxillo-faciaux, car il s\u2019agit simplement de recoller les\npi\u00e8ces du puzzle.\t\t\t\t\t\t<\/div>\n\t\t\t\t<\/div>\n\t\t\t\t\t<\/div>\n\t\t<\/div>\n\t\t\t\t<div class=\"elementor-column elementor-col-50 elementor-top-column elementor-element elementor-element-4f50421\" data-id=\"4f50421\" data-element_type=\"column\">\n\t\t\t<div class=\"elementor-widget-wrap elementor-element-populated\">\n\t\t\t\t\t\t<div class=\"elementor-element elementor-element-6a7ba82 elementor-widget elementor-widget-image\" data-id=\"6a7ba82\" data-element_type=\"widget\" data-widget_type=\"image.default\">\n\t\t\t\t<div class=\"elementor-widget-container\">\n\t\t\t<style>\/*! elementor - v3.20.0 - 26-03-2024 *\/\n.elementor-widget-image{text-align:center}.elementor-widget-image a{display:inline-block}.elementor-widget-image a img[src$=\".svg\"]{width:48px}.elementor-widget-image img{vertical-align:middle;display:inline-block}<\/style>\t\t\t\t\t\t\t\t\t\t<img fetchpriority=\"high\" decoding=\"async\" width=\"768\" height=\"1024\" src=\"https:\/\/globalmedi.co.uk\/fr\/wp-content\/uploads\/2023\/07\/Jaw-Fracture-.jpg\" class=\"attachment-large size-large wp-image-1148\" alt=\"\" \/>\t\t\t\t\t\t\t\t\t\t\t\t\t<\/div>\n\t\t\t\t<\/div>\n\t\t\t\t\t<\/div>\n\t\t<\/div>\n\t\t\t\t\t<\/div>\n\t\t<\/section>\n\t\t\t\t<section class=\"elementor-section elementor-top-section elementor-element elementor-element-6dcda22 elementor-section-full_width elementor-section-stretched elementor-hidden-desktop elementor-hidden-tablet elementor-hidden-mobile elementor-section-height-default elementor-section-height-default\" data-id=\"6dcda22\" data-element_type=\"section\" data-settings=\"{&quot;stretch_section&quot;:&quot;section-stretched&quot;}\">\n\t\t\t\t\t\t<div class=\"elementor-container elementor-column-gap-default\">\n\t\t\t\t\t<div class=\"elementor-column elementor-col-50 elementor-top-column elementor-element elementor-element-d1350ad\" data-id=\"d1350ad\" data-element_type=\"column\" data-settings=\"{&quot;background_background&quot;:&quot;classic&quot;}\">\n\t\t\t<div class=\"elementor-widget-wrap elementor-element-populated\">\n\t\t\t\t\t\t<div class=\"elementor-element elementor-element-037b197 elementor-widget elementor-widget-text-editor\" data-id=\"037b197\" data-element_type=\"widget\" data-widget_type=\"text-editor.default\">\n\t\t\t\t<div class=\"elementor-widget-container\">\n\t\t\t\t\t\t\tFacial fractures are unique in a way &#8211; if the bones are not aligned and fixed correctly, they usually lead to the deranged bite or a malocclusion. Depending on the location of the break or fracture, and the severity of the injury, your surgeon may offer a number of different treatment options. Duration of treatment can differ significantly depending on the individual condition, and in cases where there is only a minor fracture, effective management of the injury is still essential. Some jaw fractures have slight or no displacement, and the individual may look uninjured; however, the complaint of a subtle malocclusion leads their dentist to suspect a fracture.\t\t\t\t\t\t<\/div>\n\t\t\t\t<\/div>\n\t\t\t\t<div class=\"elementor-element elementor-element-5bef431 elementor-widget elementor-widget-text-editor\" data-id=\"5bef431\" data-element_type=\"widget\" data-widget_type=\"text-editor.default\">\n\t\t\t\t<div class=\"elementor-widget-container\">\n\t\t\t\t\t\t\tIn addition, an untreated jaw fracture can also result in lifelong facial deformity, which becomes very difficult to treat at a later stage. Our specialists use the latest diagnostic modalities like CBCT, CT scan, and Panorex scan to identify all the fractures and formulate a suitable treatment plan. They also use state-of-the-art 3D printing technology for the reconstruction of secondary traumatic defects, which are not susceptible to traditional treatment options.\t\t\t\t\t\t<\/div>\n\t\t\t\t<\/div>\n\t\t\t\t\t<\/div>\n\t\t<\/div>\n\t\t\t\t<div class=\"elementor-column elementor-col-50 elementor-top-column elementor-element elementor-element-4f62842\" data-id=\"4f62842\" data-element_type=\"column\">\n\t\t\t<div class=\"elementor-widget-wrap elementor-element-populated\">\n\t\t\t\t\t\t<div class=\"elementor-element elementor-element-114b4c0 elementor-widget elementor-widget-image\" data-id=\"114b4c0\" data-element_type=\"widget\" data-widget_type=\"image.default\">\n\t\t\t\t<div class=\"elementor-widget-container\">\n\t\t\t\t\t\t\t\t\t\t\t\t\t<img fetchpriority=\"high\" decoding=\"async\" width=\"768\" height=\"1024\" src=\"https:\/\/globalmedi.co.uk\/fr\/wp-content\/uploads\/2023\/07\/Jaw-Fracture-.jpg\" class=\"attachment-large size-large wp-image-1148\" alt=\"\" \/>\t\t\t\t\t\t\t\t\t\t\t\t\t<\/div>\n\t\t\t\t<\/div>\n\t\t\t\t\t<\/div>\n\t\t<\/div>\n\t\t\t\t\t<\/div>\n\t\t<\/section>\n\t\t\t\t<section class=\"elementor-section elementor-top-section elementor-element elementor-element-72b691e elementor-section-full_width elementor-section-content-middle elementor-section-stretched elementor-reverse-mobile elementor-hidden-desktop elementor-hidden-tablet elementor-hidden-mobile elementor-section-height-default elementor-section-height-default\" data-id=\"72b691e\" data-element_type=\"section\" data-settings=\"{&quot;stretch_section&quot;:&quot;section-stretched&quot;}\">\n\t\t\t\t\t\t<div class=\"elementor-container elementor-column-gap-default\">\n\t\t\t\t\t<div class=\"elementor-column elementor-col-50 elementor-top-column elementor-element elementor-element-74f56ae\" data-id=\"74f56ae\" data-element_type=\"column\">\n\t\t\t<div class=\"elementor-widget-wrap elementor-element-populated\">\n\t\t\t\t\t\t<div class=\"elementor-element elementor-element-aae60ce elementor-widget elementor-widget-image\" data-id=\"aae60ce\" data-element_type=\"widget\" data-widget_type=\"image.default\">\n\t\t\t\t<div class=\"elementor-widget-container\">\n\t\t\t\t\t\t\t\t\t\t\t\t\t<img decoding=\"async\" width=\"1024\" height=\"768\" src=\"https:\/\/globalmedi.co.uk\/fr\/wp-content\/uploads\/2023\/06\/plastic-surgery-1024x768.webp\" class=\"attachment-large size-large wp-image-434\" alt=\"\" srcset=\"https:\/\/globalmedi.co.uk\/fr\/wp-content\/uploads\/2023\/06\/plastic-surgery-1024x768.webp 1024w, https:\/\/globalmedi.co.uk\/fr\/wp-content\/uploads\/2023\/06\/plastic-surgery-300x225.webp 300w, https:\/\/globalmedi.co.uk\/fr\/wp-content\/uploads\/2023\/06\/plastic-surgery-768x576.webp 768w, https:\/\/globalmedi.co.uk\/fr\/wp-content\/uploads\/2023\/06\/plastic-surgery-1536x1152.webp 1536w, https:\/\/globalmedi.co.uk\/fr\/wp-content\/uploads\/2023\/06\/plastic-surgery-2048x1536.webp 2048w\" sizes=\"(max-width: 1024px) 100vw, 1024px\" \/>\t\t\t\t\t\t\t\t\t\t\t\t\t<\/div>\n\t\t\t\t<\/div>\n\t\t\t\t\t<\/div>\n\t\t<\/div>\n\t\t\t\t<div class=\"elementor-column elementor-col-50 elementor-top-column elementor-element elementor-element-1bd72f0\" data-id=\"1bd72f0\" data-element_type=\"column\" data-settings=\"{&quot;background_background&quot;:&quot;classic&quot;}\">\n\t\t\t<div class=\"elementor-widget-wrap elementor-element-populated\">\n\t\t\t\t\t\t<div class=\"elementor-element elementor-element-a85bdc3 elementor-widget elementor-widget-text-editor\" data-id=\"a85bdc3\" data-element_type=\"widget\" data-widget_type=\"text-editor.default\">\n\t\t\t\t<div class=\"elementor-widget-container\">\n\t\t\t\t\t\t\tIn addition, an untreated jaw fracture can also result in lifelong facial deformity, which becomes very difficult to treat at a later stage. Our specialists use the latest diagnostic modalities like CBCT, CT scan, and Panorex scan to identify all the fractures and formulate a suitable treatment plan. They also use state-of-the-art 3D printing technology for the reconstruction of secondary traumatic defects, which are not susceptible to traditional treatment options.\t\t\t\t\t\t<\/div>\n\t\t\t\t<\/div>\n\t\t\t\t\t<\/div>\n\t\t<\/div>\n\t\t\t\t\t<\/div>\n\t\t<\/section>\n\t\t\t\t<section class=\"elementor-section elementor-top-section elementor-element elementor-element-52e22bd elementor-section-full_width elementor-section-stretched elementor-hidden-desktop elementor-hidden-tablet elementor-hidden-mobile elementor-section-height-default elementor-section-height-default\" data-id=\"52e22bd\" data-element_type=\"section\" data-settings=\"{&quot;stretch_section&quot;:&quot;section-stretched&quot;,&quot;background_background&quot;:&quot;classic&quot;}\">\n\t\t\t\t\t\t<div class=\"elementor-container elementor-column-gap-default\">\n\t\t\t\t\t<div class=\"elementor-column elementor-col-100 elementor-top-column elementor-element elementor-element-e97cc99\" data-id=\"e97cc99\" data-element_type=\"column\">\n\t\t\t<div class=\"elementor-widget-wrap elementor-element-populated\">\n\t\t\t\t\t\t<div class=\"elementor-element elementor-element-665eddb elementor-widget elementor-widget-heading\" data-id=\"665eddb\" data-element_type=\"widget\" data-widget_type=\"heading.default\">\n\t\t\t\t<div class=\"elementor-widget-container\">\n\t\t\t<style>\/*! elementor - v3.20.0 - 26-03-2024 *\/\n.elementor-heading-title{padding:0;margin:0;line-height:1}.elementor-widget-heading .elementor-heading-title[class*=elementor-size-]>a{color:inherit;font-size:inherit;line-height:inherit}.elementor-widget-heading .elementor-heading-title.elementor-size-small{font-size:15px}.elementor-widget-heading .elementor-heading-title.elementor-size-medium{font-size:19px}.elementor-widget-heading .elementor-heading-title.elementor-size-large{font-size:29px}.elementor-widget-heading .elementor-heading-title.elementor-size-xl{font-size:39px}.elementor-widget-heading .elementor-heading-title.elementor-size-xxl{font-size:59px}<\/style><h2 class=\"elementor-heading-title elementor-size-default\">Procedure<\/h2>\t\t<\/div>\n\t\t\t\t<\/div>\n\t\t\t\t<div class=\"elementor-element elementor-element-85e24e1 elementor-widget elementor-widget-text-editor\" data-id=\"85e24e1\" data-element_type=\"widget\" data-widget_type=\"text-editor.default\">\n\t\t\t\t<div class=\"elementor-widget-container\">\n\t\t\t\t\t\t\tSometimes, elastic bands may be used to guide the jaw into position following surgery. These are attached using small temporary metal wires or braces. Your procedure will be discussed with you in full during your consultation. Even the fractured zygomaticomaxillary complex can be managed and often treated from an intraoral approach, anatomically reduced and fixated in the presence of gross facial oedema. The days of the \u2018Gillies\u2019 lift technique are being replaced by the intra-oral buttress or other methods with rigid fixation. These facial fractures are often considered a simple treatment for Oral and Maxillofacial surgeons, as it is simply a matter of putting the puzzle pieces back together.\t\t\t\t\t\t<\/div>\n\t\t\t\t<\/div>\n\t\t\t\t\t<\/div>\n\t\t<\/div>\n\t\t\t\t\t<\/div>\n\t\t<\/section>\n\t\t\t\t<section class=\"elementor-section elementor-top-section elementor-element elementor-element-8c765bb elementor-hidden-desktop elementor-hidden-tablet elementor-hidden-mobile elementor-section-boxed elementor-section-height-default elementor-section-height-default\" data-id=\"8c765bb\" data-element_type=\"section\" data-settings=\"{&quot;background_background&quot;:&quot;classic&quot;}\">\n\t\t\t\t\t\t<div class=\"elementor-container elementor-column-gap-default\">\n\t\t\t\t\t<div class=\"elementor-column elementor-col-100 elementor-top-column elementor-element elementor-element-aee80de\" data-id=\"aee80de\" data-element_type=\"column\">\n\t\t\t<div class=\"elementor-widget-wrap elementor-element-populated\">\n\t\t\t\t\t\t<div class=\"elementor-element elementor-element-a216cd0 elementor-widget elementor-widget-heading\" data-id=\"a216cd0\" data-element_type=\"widget\" data-widget_type=\"heading.default\">\n\t\t\t\t<div class=\"elementor-widget-container\">\n\t\t\t<h2 class=\"elementor-heading-title elementor-size-default\">Contact Globalmedi for a quote and appointment<br> with certified specialists in the field<\/h2>\t\t<\/div>\n\t\t\t\t<\/div>\n\t\t\t\t<div class=\"elementor-element elementor-element-f10081f elementor-align-center elementor-widget elementor-widget-button\" data-id=\"f10081f\" data-element_type=\"widget\" data-widget_type=\"button.default\">\n\t\t\t\t<div class=\"elementor-widget-container\">\n\t\t\t\t\t<div class=\"elementor-button-wrapper\">\n\t\t\t<a class=\"elementor-button elementor-button-link elementor-size-sm\" href=\"#\">\n\t\t\t\t\t\t<span class=\"elementor-button-content-wrapper\">\n\t\t\t\t\t\t<span class=\"elementor-button-icon elementor-align-icon-right\">\n\t\t\t\t<i aria-hidden=\"true\" class=\"fas fa-long-arrow-alt-right\"><\/i>\t\t\t<\/span>\n\t\t\t\t\t\t<span class=\"elementor-button-text\">Contact Now<\/span>\n\t\t<\/span>\n\t\t\t\t\t<\/a>\n\t\t<\/div>\n\t\t\t\t<\/div>\n\t\t\t\t<\/div>\n\t\t\t\t\t<\/div>\n\t\t<\/div>\n\t\t\t\t\t<\/div>\n\t\t<\/section>\n\t\t\t\t<\/div>\n\t\t","protected":false},"excerpt":{"rendered":"<p>Les fractures faciales sont uniques d\u2019une certaine mani\u00e8re &#8211; si les os ne sont pas align\u00e9s et correctement fix\u00e9s, elles conduisent g\u00e9n\u00e9ralement \u00e0 la morsure d\u00e9rang\u00e9e ou \u00e0 une malocclusion. Selon l\u2019emplacement de la fracture ou de la fracture et la gravit\u00e9 de la blessure, votre chirurgien peut proposer un certain nombre d\u2019options de traitement [&hellip;]<\/p>\n","protected":false},"author":1,"featured_media":0,"parent":0,"menu_order":0,"comment_status":"closed","ping_status":"closed","template":"","meta":{"ocean_post_layout":"","ocean_both_sidebars_style":"","ocean_both_sidebars_content_width":0,"ocean_both_sidebars_sidebars_width":0,"ocean_sidebar":"0","ocean_second_sidebar":"0","ocean_disable_margins":"on","ocean_add_body_class":"","ocean_shortcode_before_top_bar":"","ocean_shortcode_after_top_bar":"","ocean_shortcode_before_header":"","ocean_shortcode_after_header":"","ocean_has_shortcode":"","ocean_shortcode_after_title":"","ocean_shortcode_before_footer_widgets":"","ocean_shortcode_after_footer_widgets":"","ocean_shortcode_before_footer_bottom":"","ocean_shortcode_after_footer_bottom":"","ocean_display_top_bar":"default","ocean_display_header":"default","ocean_header_style":"","ocean_center_header_left_menu":"0","ocean_custom_header_template":"0","ocean_custom_logo":0,"ocean_custom_retina_logo":0,"ocean_custom_logo_max_width":0,"ocean_custom_logo_tablet_max_width":0,"ocean_custom_logo_mobile_max_width":0,"ocean_custom_logo_max_height":0,"ocean_custom_logo_tablet_max_height":0,"ocean_custom_logo_mobile_max_height":0,"ocean_header_custom_menu":"0","ocean_menu_typo_font_family":"0","ocean_menu_typo_font_subset":"","ocean_menu_typo_font_size":0,"ocean_menu_typo_font_size_tablet":0,"ocean_menu_typo_font_size_mobile":0,"ocean_menu_typo_font_size_unit":"px","ocean_menu_typo_font_weight":"","ocean_menu_typo_font_weight_tablet":"","ocean_menu_typo_font_weight_mobile":"","ocean_menu_typo_transform":"","ocean_menu_typo_transform_tablet":"","ocean_menu_typo_transform_mobile":"","ocean_menu_typo_line_height":0,"ocean_menu_typo_line_height_tablet":0,"ocean_menu_typo_line_height_mobile":0,"ocean_menu_typo_line_height_unit":"","ocean_menu_typo_spacing":0,"ocean_menu_typo_spacing_tablet":0,"ocean_menu_typo_spacing_mobile":0,"ocean_menu_typo_spacing_unit":"","ocean_menu_link_color":"","ocean_menu_link_color_hover":"","ocean_menu_link_color_active":"","ocean_menu_link_background":"","ocean_menu_link_hover_background":"","ocean_menu_link_active_background":"","ocean_menu_social_links_bg":"","ocean_menu_social_hover_links_bg":"","ocean_menu_social_links_color":"","ocean_menu_social_hover_links_color":"","ocean_disable_title":"default","ocean_disable_heading":"default","ocean_post_title":"","ocean_post_subheading":"","ocean_post_title_style":"","ocean_post_title_background_color":"","ocean_post_title_background":0,"ocean_post_title_bg_image_position":"","ocean_post_title_bg_image_attachment":"","ocean_post_title_bg_image_repeat":"","ocean_post_title_bg_image_size":"","ocean_post_title_height":0,"ocean_post_title_bg_overlay":0.5,"ocean_post_title_bg_overlay_color":"","ocean_disable_breadcrumbs":"default","ocean_breadcrumbs_color":"","ocean_breadcrumbs_separator_color":"","ocean_breadcrumbs_links_color":"","ocean_breadcrumbs_links_hover_color":"","ocean_display_footer_widgets":"default","ocean_display_footer_bottom":"default","ocean_custom_footer_template":"0","footnotes":""},"class_list":["post-617","page","type-page","status-publish","hentry","entry"],"_links":{"self":[{"href":"https:\/\/globalmedi.co.uk\/fr\/wp-json\/wp\/v2\/pages\/617","targetHints":{"allow":["GET"]}}],"collection":[{"href":"https:\/\/globalmedi.co.uk\/fr\/wp-json\/wp\/v2\/pages"}],"about":[{"href":"https:\/\/globalmedi.co.uk\/fr\/wp-json\/wp\/v2\/types\/page"}],"author":[{"embeddable":true,"href":"https:\/\/globalmedi.co.uk\/fr\/wp-json\/wp\/v2\/users\/1"}],"replies":[{"embeddable":true,"href":"https:\/\/globalmedi.co.uk\/fr\/wp-json\/wp\/v2\/comments?post=617"}],"version-history":[{"count":38,"href":"https:\/\/globalmedi.co.uk\/fr\/wp-json\/wp\/v2\/pages\/617\/revisions"}],"predecessor-version":[{"id":1817,"href":"https:\/\/globalmedi.co.uk\/fr\/wp-json\/wp\/v2\/pages\/617\/revisions\/1817"}],"wp:attachment":[{"href":"https:\/\/globalmedi.co.uk\/fr\/wp-json\/wp\/v2\/media?parent=617"}],"curies":[{"name":"wp","href":"https:\/\/api.w.org\/{rel}","templated":true}]}}